{"id":1527951,"date":"2025-04-02T14:55:20","date_gmt":"2025-04-02T18:55:20","guid":{"rendered":"https:\/\/stoic-curie.212-227-153-4.plesk.page\/datenschutzbestimmungen\/"},"modified":"2025-06-14T07:18:35","modified_gmt":"2025-06-14T11:18:35","slug":"datenschutzbestimmungen","status":"publish","type":"page","link":"https:\/\/stoic-curie.212-227-153-4.plesk.page\/de\/datenschutzbestimmungen\/","title":{"rendered":"Datenschutzbestimmungen"},"content":{"rendered":"\t\t<div data-elementor-type=\"wp-page\" data-elementor-id=\"1527951\" class=\"elementor elementor-1527951 elementor-939424\" data-elementor-post-type=\"page\">\n\t\t\t\t<div class=\"elementor-element elementor-element-75e8ea9 e-con-full e-flex e-con e-parent\" data-id=\"75e8ea9\" data-element_type=\"container\" data-e-type=\"container\">\n\t\t\t\t<div class=\"elementor-element elementor-element-c4b1286 elementor-widget elementor-widget-heading\" data-id=\"c4b1286\" data-element_type=\"widget\" data-e-type=\"widget\" data-widget_type=\"heading.default\">\n\t\t\t\t<div class=\"elementor-widget-container\">\n\t\t\t\t\t<h2 class=\"elementor-heading-title elementor-size-default\">Datenschutzbestimmungen<\/h2>\t\t\t\t<\/div>\n\t\t\t\t<\/div>\n\t\t\t\t<\/div>\n\t\t<div class=\"elementor-element elementor-element-10b088b e-con-full e-flex e-con e-parent\" data-id=\"10b088b\" data-element_type=\"container\" data-e-type=\"container\">\n\t\t\t\t<div class=\"elementor-element elementor-element-053d74c elementor-widget elementor-widget-heading\" data-id=\"053d74c\" data-element_type=\"widget\" data-e-type=\"widget\" data-widget_type=\"heading.default\">\n\t\t\t\t<div class=\"elementor-widget-container\">\n\t\t\t\t\t<h2 class=\"elementor-heading-title elementor-size-default\">Einf\u00fchrung<\/h2>\t\t\t\t<\/div>\n\t\t\t\t<\/div>\n\t\t\t\t<div class=\"elementor-element elementor-element-05f9bdc color-scheme-inherit text-left elementor-widget elementor-widget-text-editor\" data-id=\"05f9bdc\" data-element_type=\"widget\" data-e-type=\"widget\" data-widget_type=\"text-editor.default\">\n\t\t\t\t<div class=\"elementor-widget-container\">\n\t\t\t\t\t\t\t\t\t<p>Wir freuen uns sehr \u00fcber Ihr Interesse an unserem Unternehmen, Nova Argonautica. Datenschutz hat einen besonders hohen Stellenwert f\u00fcr unsere Gesch\u00e4ftsleitung. Die Nutzung unserer Webseite ist ohne die Angabe personenbezogener Daten m\u00f6glich, aber einige Dienste k\u00f6nnen die Verarbeitung personenbezogener Daten erfordern. Wir verarbeiten personenbezogene Daten in \u00dcbereinstimmung mit der General Data Protection Regulation (GDPR) und den geltenden l\u00e4nderspezifischen Datenschutzbestimmungen.     <br><br>In dieser Datenschutzrichtlinie wird erl\u00e4utert, wie wir Ihre Daten erfassen, verwenden und sch\u00fctzen, wenn Sie unsere Website https:\/\/forboat.eu besuchen.<\/p>\t\t\t\t\t\t\t\t<\/div>\n\t\t\t\t<\/div>\n\t\t\t\t<\/div>\n\t\t<div class=\"elementor-element elementor-element-1c0cf15 e-con-full e-flex e-con e-parent\" data-id=\"1c0cf15\" data-element_type=\"container\" data-e-type=\"container\">\n\t\t\t\t<div class=\"elementor-element elementor-element-3eab027 elementor-widget elementor-widget-heading\" data-id=\"3eab027\" data-element_type=\"widget\" data-e-type=\"widget\" data-widget_type=\"heading.default\">\n\t\t\t\t<div class=\"elementor-widget-container\">\n\t\t\t\t\t<h2 class=\"elementor-heading-title elementor-size-default\">Welche Informationen sammeln wir?<\/h2>\t\t\t\t<\/div>\n\t\t\t\t<\/div>\n\t\t\t\t<div class=\"elementor-element elementor-element-9580476 color-scheme-inherit text-left elementor-widget elementor-widget-text-editor\" data-id=\"9580476\" data-element_type=\"widget\" data-e-type=\"widget\" data-widget_type=\"text-editor.default\">\n\t\t\t\t<div class=\"elementor-widget-container\">\n\t\t\t\t\t\t\t\t\t<p>Wir erheben personenbezogene Daten, um unsere Dienstleistungen anzubieten und zu verbessern. Zu den Arten von Daten, die wir sammeln, geh\u00f6ren: <\/p><p><strong>a) Informationen, die Sie uns zur Verf\u00fcgung stellen<\/strong><br>Wenn Sie unsere Dienste nutzen, k\u00f6nnen Sie uns Informationen zur Verf\u00fcgung stellen:<\/p><ul><li>Pers\u00f6nliche Angaben. Ihr Name, Ihre E-Mail-Adresse und Ihre Telefonnummer sind f\u00fcr die Auftragsabwicklung und Kommunikation unerl\u00e4sslich. Ihr Name hilft bei der Identifizierung Ihrer Bestellung, Ihre E-Mail wird f\u00fcr Best\u00e4tigungen und Aktualisierungen verwendet und Ihre Telefonnummer erm\u00f6glicht es uns, Sie bei Bedarf f\u00fcr die Koordination der Lieferung oder f\u00fcr Support zu kontaktieren. Die Angabe genauer Details sorgt f\u00fcr ein reibungsloses Einkaufserlebnis.   <\/li><li>Rechnungs- und Lieferadresse. Erforderlich f\u00fcr die Bearbeitung von Bestellungen, den Versand physischer Produkte und die Gew\u00e4hrleistung korrekter Transaktionen. <\/li><li>Zahlungsinformationen. Beinhaltet Kredit-\/Debitkartendaten oder andere Zahlungsarten. Wir speichern die Zahlungsdaten nicht direkt; die Transaktionen werden sicher von Drittanbietern verarbeitet.  <\/li><li>Kontozugangsdaten (falls zutreffend). Wenn Sie ein Konto erstellen, k\u00f6nnen wir Ihren Benutzernamen und Ihr Passwort in einem verschl\u00fcsselten Format speichern, um eine sichere Anmeldung zu erm\u00f6glichen. <\/li><li>Nachrichten und Supportanfragen. Alle Informationen, die Sie freiwillig angeben, wenn Sie den Kundendienst kontaktieren oder mit uns \u00fcber Formulare, E-Mail oder Chat interagieren. <\/li><li>Feedback und Bewertungen. Alle pers\u00f6nlichen Informationen, die Sie in Produktbewertungen, Erfahrungsberichten oder Feedback auf unserer Website angeben. <\/li><li>Andere freiwillige Daten. Alle zus\u00e4tzlichen Details, die Sie uns mitteilen m\u00f6chten, wie z.B. Vorlieben, Antworten auf Umfragen oder optionale Profilinformationen. <\/li><\/ul><p><strong>b) Automatisch erfasste Informationen<\/strong><br>Wenn Sie unsere Website besuchen, k\u00f6nnen wir die folgenden Informationen erfassen:<\/p><ul><li>Browsertyp und -version<\/li><li>Betriebssystem<\/li><li>Verweisende Website (woher die Besucher kommen)<\/li><li>Besuchte Unterseiten<\/li><li>Datum und Uhrzeit des Zugriffs<\/li><li>IP-Adresse<\/li><li>Internetdienstanbieter<\/li><li>Andere \u00e4hnliche Daten und Informationen, die im Falle von Angriffen auf unsere Informationstechnologie-Systeme verwendet werden k\u00f6nnen.<\/li><\/ul>\t\t\t\t\t\t\t\t<\/div>\n\t\t\t\t<\/div>\n\t\t\t\t<\/div>\n\t\t<div class=\"elementor-element elementor-element-73ba7c1 e-con-full e-flex e-con e-parent\" data-id=\"73ba7c1\" data-element_type=\"container\" data-e-type=\"container\">\n\t\t\t\t<div class=\"elementor-element elementor-element-bd6c5e2 elementor-widget elementor-widget-heading\" data-id=\"bd6c5e2\" data-element_type=\"widget\" data-e-type=\"widget\" data-widget_type=\"heading.default\">\n\t\t\t\t<div class=\"elementor-widget-container\">\n\t\t\t\t\t<h2 class=\"elementor-heading-title elementor-size-default\">Wie und warum wir Ihre Informationen verwenden\n<\/h2>\t\t\t\t<\/div>\n\t\t\t\t<\/div>\n\t\t\t\t<div class=\"elementor-element elementor-element-9b6c9ea color-scheme-inherit text-left elementor-widget elementor-widget-text-editor\" data-id=\"9b6c9ea\" data-element_type=\"widget\" data-e-type=\"widget\" data-widget_type=\"text-editor.default\">\n\t\t\t\t<div class=\"elementor-widget-container\">\n\t\t\t\t\t\t\t\t\t<p>Wir verwenden Ihre Daten f\u00fcr die folgenden Zwecke:<\/p><ul><li>Sicherstellung der ordnungsgem\u00e4\u00dfen Funktionalit\u00e4t der Website: Zur korrekten Bereitstellung der Inhalte unserer Website und zur Aufrechterhaltung ihrer operativen Stabilit\u00e4t.<\/li><li>Optimierung von Website und Werbung: Um den Inhalt und die Benutzerfreundlichkeit unserer Website zu verbessern und um unsere Werbestrategien zu verfeinern.<\/li><li>Aufrechterhaltung der IT-Sicherheit und Funktionsf\u00e4higkeit: Gew\u00e4hrleistung der langfristigen Gesundheit und Sicherheit unserer IT-Systeme und der Website-Technologie sowie Schutz vor potenziellen Bedrohungen.<\/li><li>Betrugspr\u00e4vention und Sicherheit: Um den Strafverfolgungsbeh\u00f6rden im Falle eines Cyberangriffs die notwendigen Informationen zur Verf\u00fcgung zu stellen, damit diese die Strafverfolgung einleiten k\u00f6nnen.<\/li><li>Verbesserung des Datenschutzes und der Datensicherheit: Diese anonyme Analyse hilft uns, unsere Datenschutz- und Datensicherheitspraktiken zu verbessern.<\/li><li>Anonymisierte Informationen: Anonymisierte Daten aus den Server-Protokolldateien werden getrennt von pers\u00f6nlichen Daten gespeichert, die Sie uns zur Verf\u00fcgung stellen, um Ihre Privatsph\u00e4re zu sch\u00fctzen.<\/li><\/ul>\t\t\t\t\t\t\t\t<\/div>\n\t\t\t\t<\/div>\n\t\t\t\t<\/div>\n\t\t<div class=\"elementor-element elementor-element-63cbcd6 e-con-full e-flex e-con e-parent\" data-id=\"63cbcd6\" data-element_type=\"container\" data-e-type=\"container\">\n\t\t\t\t<div class=\"elementor-element elementor-element-dc1178d elementor-widget elementor-widget-heading\" data-id=\"dc1178d\" data-element_type=\"widget\" data-e-type=\"widget\" data-widget_type=\"heading.default\">\n\t\t\t\t<div class=\"elementor-widget-container\">\n\t\t\t\t\t<h2 class=\"elementor-heading-title elementor-size-default\">Rechtsgrundlage<\/h2>\t\t\t\t<\/div>\n\t\t\t\t<\/div>\n\t\t\t\t<div class=\"elementor-element elementor-element-b5a5961 color-scheme-inherit text-left elementor-widget elementor-widget-text-editor\" data-id=\"b5a5961\" data-element_type=\"widget\" data-e-type=\"widget\" data-widget_type=\"text-editor.default\">\n\t\t\t\t<div class=\"elementor-widget-container\">\n\t\t\t\t\t\t\t\t\t<p>Wir verarbeiten Ihre Daten auf der Grundlage der folgenden Rechtsgrundlagen:<\/p><ul><li>Einwilligung (Artikel 6(1)(a) GDPR). Wenn Sie Ihre ausdr\u00fcckliche Zustimmung geben <\/li><li>Vertragliche Notwendigkeit (Artikel 6(1)(b) GDPR). Wenn die Verarbeitung f\u00fcr die Erbringung von Dienstleistungen erforderlich ist <\/li><li>Gesetzliche Verpflichtungen (Artikel 6(1)(c) GDPR). Wenn gesetzlich vorgeschrieben <\/li><li>Berechtigte Interessen (Artikel 6(1)(f) GDPR). Zur Verbesserung unseres Gesch\u00e4fts und unserer Sicherheit <\/li><\/ul>\t\t\t\t\t\t\t\t<\/div>\n\t\t\t\t<\/div>\n\t\t\t\t<\/div>\n\t\t<div class=\"elementor-element elementor-element-88e856f e-con-full e-flex e-con e-parent\" data-id=\"88e856f\" data-element_type=\"container\" data-e-type=\"container\">\n\t\t\t\t<div class=\"elementor-element elementor-element-4c61bb3 elementor-widget elementor-widget-heading\" data-id=\"4c61bb3\" data-element_type=\"widget\" data-e-type=\"widget\" data-widget_type=\"heading.default\">\n\t\t\t\t<div class=\"elementor-widget-container\">\n\t\t\t\t\t<h2 class=\"elementor-heading-title elementor-size-default\">Gemeinsame Nutzung von Daten<\/h2>\t\t\t\t<\/div>\n\t\t\t\t<\/div>\n\t\t\t\t<div class=\"elementor-element elementor-element-1d570fb color-scheme-inherit text-left elementor-widget elementor-widget-text-editor\" data-id=\"1d570fb\" data-element_type=\"widget\" data-e-type=\"widget\" data-widget_type=\"text-editor.default\">\n\t\t\t\t<div class=\"elementor-widget-container\">\n\t\t\t\t\t\t\t\t\t<p>Wir verkaufen oder vermieten Ihre Daten nicht. Wir k\u00f6nnen sie jedoch weitergeben an: <\/p><ul><li>Dienstanbieter: Wir k\u00f6nnen Ihre Daten an Drittanbieter weitergeben, die in unserem Auftrag Dienstleistungen erbringen, z. B. Zahlungsabwickler, Website-Hosting, Kundensupport und Analysedienste. Diese Anbieter sind vertraglich verpflichtet, Ihre Daten zu sch\u00fctzen und sie nur f\u00fcr die vereinbarten Zwecke zu verwenden. <\/li><li>Gesetzliche Beh\u00f6rden: Wenn wir gesetzlich, per Gerichtsbeschluss oder durch andere rechtliche Verfahren dazu verpflichtet sind, k\u00f6nnen wir Ihre pers\u00f6nlichen Daten an Regierungsbeh\u00f6rden, Strafverfolgungsbeh\u00f6rden oder Aufsichtsbeh\u00f6rden weitergeben. Dies geschieht, um gesetzlichen Verpflichtungen nachzukommen, unsere Rechte zu sch\u00fctzen oder auf rechtliche Anspr\u00fcche zu reagieren. <\/li><li>Unternehmens\u00fcbertragungen: Wenn die Nova Argonautica LLC eine Fusion, \u00dcbernahme, Umstrukturierung oder einen Verkauf von Verm\u00f6genswerten durchf\u00fchrt, k\u00f6nnen Ihre pers\u00f6nlichen Daten an das neue Unternehmen \u00fcbertragen werden. In solchen F\u00e4llen werden wir Sie benachrichtigen, bevor Ihre Daten einer anderen Datenschutzrichtlinie unterliegen. <\/li><\/ul>\t\t\t\t\t\t\t\t<\/div>\n\t\t\t\t<\/div>\n\t\t\t\t<\/div>\n\t\t<div class=\"elementor-element elementor-element-60b970a e-con-full e-flex e-con e-parent\" data-id=\"60b970a\" data-element_type=\"container\" data-e-type=\"container\">\n\t\t\t\t<div class=\"elementor-element elementor-element-d7e3c88 elementor-widget elementor-widget-heading\" data-id=\"d7e3c88\" data-element_type=\"widget\" data-e-type=\"widget\" data-widget_type=\"heading.default\">\n\t\t\t\t<div class=\"elementor-widget-container\">\n\t\t\t\t\t<h2 class=\"elementor-heading-title elementor-size-default\">Ihre Rechte und Wahlm\u00f6glichkeiten<\/h2>\t\t\t\t<\/div>\n\t\t\t\t<\/div>\n\t\t\t\t<div class=\"elementor-element elementor-element-b4b4020 color-scheme-inherit text-left elementor-widget elementor-widget-text-editor\" data-id=\"b4b4020\" data-element_type=\"widget\" data-e-type=\"widget\" data-widget_type=\"text-editor.default\">\n\t\t\t\t<div class=\"elementor-widget-container\">\n\t\t\t\t\t\t\t\t\t<p>Gem\u00e4\u00df der Allgemeinen Datenschutzverordnung (GDPR) haben Sie die folgenden Rechte in Bezug auf Ihre pers\u00f6nlichen Daten:<\/p><ul><li>Recht auf Zugang: Sie haben das Recht, eine Best\u00e4tigung dar\u00fcber zu verlangen, ob wir Ihre personenbezogenen Daten verarbeiten. Wenn dies der Fall ist, k\u00f6nnen Sie Auskunft \u00fcber die Einzelheiten der Daten verlangen, die wir \u00fcber Sie gespeichert haben, einschlie\u00dflich der Zwecke der Verarbeitung und der Personen, an die die Daten weitergegeben worden sind. <\/li><li>Recht auf Berichtigung: Wenn die personenbezogenen Daten, die wir \u00fcber Sie gespeichert haben, unrichtig oder unvollst\u00e4ndig sind, haben Sie das Recht, von uns zu verlangen, dass wir sie unverz\u00fcglich korrigieren oder aktualisieren.<\/li><li>Recht auf L\u00f6schung (Recht auf Vergessenwerden): Sie haben das Recht, von uns die L\u00f6schung Ihrer personenbezogenen Daten zu verlangen, wenn diese f\u00fcr den Zweck, zu dem sie erhoben wurden, nicht mehr erforderlich sind, wenn Sie Ihre Einwilligung widerrufen oder wenn Sie der Verarbeitung widersprechen und keine \u00fcberwiegenden berechtigten Gr\u00fcnde f\u00fcr die Aufbewahrung vorliegen. Dieses Recht gilt jedoch nicht, wenn wir die Daten aus rechtlichen Gr\u00fcnden, im \u00f6ffentlichen Interesse oder aus anderen berechtigten Gr\u00fcnden aufbewahren m\u00fcssen. <\/li><li>Recht auf Einschr\u00e4nkung der Verarbeitung: Sie haben das Recht zu verlangen, dass wir die Verarbeitung Ihrer personenbezogenen Daten unter bestimmten Bedingungen einschr\u00e4nken. Dies kann der Fall sein, wenn Sie die Richtigkeit der Daten bestreiten, der Verarbeitung widersprechen oder die Daten f\u00fcr rechtliche Anspr\u00fcche ben\u00f6tigen. W\u00e4hrend der eingeschr\u00e4nkten Verarbeitung k\u00f6nnen wir Ihre Daten zwar noch speichern, aber nicht weiter verarbeitenRecht auf Daten\u00fcbertragbarkeit: Sie haben das Recht, Ihre personenbezogenen Daten in einem strukturierten, allgemein gebr\u00e4uchlichen und maschinenlesbaren Format zu erhalten. Sie k\u00f6nnen auch verlangen, dass wir Ihre Daten direkt an einen anderen Dienstanbieter \u00fcbertragen, sofern dies technisch m\u00f6glich ist.   <\/li><li>Recht auf Widerspruch: Sie haben das Recht, der Verarbeitung Ihrer personenbezogenen Daten zu widersprechen, wenn diese auf legitimen Interessen oder \u00f6ffentlichen Interessen beruht. Wenn Sie widersprechen, werden wir die Verarbeitung Ihrer Daten einstellen, es sei denn, wir k\u00f6nnen zwingende legitime Gr\u00fcnde nachweisen, die Ihre Rechte \u00fcberwiegen. Wenn Ihre Daten f\u00fcr Direktmarketingzwecke verwendet werden, k\u00f6nnen Sie jederzeit Widerspruch einlegen, und wir werden die Verarbeitung f\u00fcr diesen Zweck unverz\u00fcglich einstellen.  <\/li><li>Recht auf R\u00fccknahme der Einwilligung: Wenn Sie uns eine Einwilligung zur Verarbeitung Ihrer personenbezogenen Daten gegeben haben, haben Sie das Recht, diese jederzeit zu widerrufen. Der Widerruf der Einwilligung hat keinen Einfluss auf die Rechtm\u00e4\u00dfigkeit der Verarbeitung, die vor dem Widerruf stattgefunden hat. <\/li><li>Recht auf Einreichung einer Beschwerde: Yf Wenn Sie der Meinung sind, dass unsere Verarbeitung Ihrer personenbezogenen Daten gegen die GDPR verst\u00f6\u00dft, haben Sie das Recht, eine Beschwerde bei einer Aufsichtsbeh\u00f6rde in Ihrem Land einzureichen.<\/li><\/ul>\t\t\t\t\t\t\t\t<\/div>\n\t\t\t\t<\/div>\n\t\t\t\t<\/div>\n\t\t<div class=\"elementor-element elementor-element-54c8b4d e-con-full e-flex e-con e-parent\" data-id=\"54c8b4d\" data-element_type=\"container\" data-e-type=\"container\">\n\t\t\t\t<div class=\"elementor-element elementor-element-17094e9 elementor-widget elementor-widget-heading\" data-id=\"17094e9\" data-element_type=\"widget\" data-e-type=\"widget\" data-widget_type=\"heading.default\">\n\t\t\t\t<div class=\"elementor-widget-container\">\n\t\t\t\t\t<h2 class=\"elementor-heading-title elementor-size-default\">Datensicherheit und Aufbewahrung<\/h2>\t\t\t\t<\/div>\n\t\t\t\t<\/div>\n\t\t\t\t<div class=\"elementor-element elementor-element-be768df color-scheme-inherit text-left elementor-widget elementor-widget-text-editor\" data-id=\"be768df\" data-element_type=\"widget\" data-e-type=\"widget\" data-widget_type=\"text-editor.default\">\n\t\t\t\t<div class=\"elementor-widget-container\">\n\t\t\t\t\t\t\t\t\t<p>Wir setzen technische und organisatorische Ma\u00dfnahmen ein, um Ihre Daten vor unberechtigtem Zugriff, Verlust oder Missbrauch zu sch\u00fctzen. Kein System ist jedoch vollkommen sicher. Seien Sie daher bitte vorsichtig, wenn Sie pers\u00f6nliche Daten online weitergeben. <\/p><p>Wir speichern Ihre pers\u00f6nlichen Daten nur so lange wie n\u00f6tig:<\/p><ul><li>Zur Erf\u00fcllung vertraglicher und gesetzlicher Verpflichtungen<\/li><li>Zur Einhaltung der gesetzlich vorgeschriebenen Aufbewahrungsfristen<\/li><li>Bis zum Widerruf der Zustimmung (falls zutreffend)<\/li><\/ul>\t\t\t\t\t\t\t\t<\/div>\n\t\t\t\t<\/div>\n\t\t\t\t<\/div>\n\t\t<div class=\"elementor-element elementor-element-8152762 e-con-full e-flex e-con e-parent\" data-id=\"8152762\" data-element_type=\"container\" data-e-type=\"container\">\n\t\t\t\t<div class=\"elementor-element elementor-element-27fed52 elementor-widget elementor-widget-heading\" data-id=\"27fed52\" data-element_type=\"widget\" data-e-type=\"widget\" data-widget_type=\"heading.default\">\n\t\t\t\t<div class=\"elementor-widget-container\">\n\t\t\t\t\t<h2 class=\"elementor-heading-title elementor-size-default\">Links von Drittanbietern<\/h2>\t\t\t\t<\/div>\n\t\t\t\t<\/div>\n\t\t\t\t<div class=\"elementor-element elementor-element-cb8020d color-scheme-inherit text-left elementor-widget elementor-widget-text-editor\" data-id=\"cb8020d\" data-element_type=\"widget\" data-e-type=\"widget\" data-widget_type=\"text-editor.default\">\n\t\t\t\t<div class=\"elementor-widget-container\">\n\t\t\t\t\t\t\t\t\t<p>Unsere Website kann Links zu externen Websites enthalten. Wir sind f\u00fcr deren Datenschutzpraktiken nicht verantwortlich. Bitte lesen Sie deren Datenschutzrichtlinien separat.  <\/p>\t\t\t\t\t\t\t\t<\/div>\n\t\t\t\t<\/div>\n\t\t\t\t<\/div>\n\t\t<div class=\"elementor-element elementor-element-9bbd5ed e-con-full e-flex e-con e-parent\" data-id=\"9bbd5ed\" data-element_type=\"container\" data-e-type=\"container\">\n\t\t\t\t<div class=\"elementor-element elementor-element-041ec7e elementor-widget elementor-widget-heading\" data-id=\"041ec7e\" data-element_type=\"widget\" data-e-type=\"widget\" data-widget_type=\"heading.default\">\n\t\t\t\t<div class=\"elementor-widget-container\">\n\t\t\t\t\t<h2 class=\"elementor-heading-title elementor-size-default\">Automatisierte Entscheidungsfindung &amp; Profiling<\/h2>\t\t\t\t<\/div>\n\t\t\t\t<\/div>\n\t\t\t\t<div class=\"elementor-element elementor-element-59b7bb8 color-scheme-inherit text-left elementor-widget elementor-widget-text-editor\" data-id=\"59b7bb8\" data-element_type=\"widget\" data-e-type=\"widget\" data-widget_type=\"text-editor.default\">\n\t\t\t\t<div class=\"elementor-widget-container\">\n\t\t\t\t\t\t\t\t\t<p>Als verantwortungsbewusstes Unternehmen verwenden wir keine automatisierte Entscheidungsfindung oder Profiling. Diese Datenschutzerkl\u00e4rung wurde mit dem Datenschutzerkl\u00e4rungs-Generator der Deutschen Vereinigung f\u00fcr Datenschutz und Informationsfreiheit e.V. in Kooperation mit den Datenschutzanw\u00e4lten von WILDE BEUGER SOLMECKE, K\u00f6ln, erstellt. <\/p>\t\t\t\t\t\t\t\t<\/div>\n\t\t\t\t<\/div>\n\t\t\t\t<\/div>\n\t\t<div class=\"elementor-element elementor-element-45b2003 e-con-full e-flex e-con e-parent\" data-id=\"45b2003\" data-element_type=\"container\" data-e-type=\"container\">\n\t\t\t\t<div class=\"elementor-element elementor-element-ffe6919 elementor-widget elementor-widget-heading\" data-id=\"ffe6919\" data-element_type=\"widget\" data-e-type=\"widget\" data-widget_type=\"heading.default\">\n\t\t\t\t<div class=\"elementor-widget-container\">\n\t\t\t\t\t<h2 class=\"elementor-heading-title elementor-size-default\">Aktualisierungen der Datenschutzrichtlinie<\/h2>\t\t\t\t<\/div>\n\t\t\t\t<\/div>\n\t\t\t\t<div class=\"elementor-element elementor-element-6f87bfa color-scheme-inherit text-left elementor-widget elementor-widget-text-editor\" data-id=\"6f87bfa\" data-element_type=\"widget\" data-e-type=\"widget\" data-widget_type=\"text-editor.default\">\n\t\t\t\t<div class=\"elementor-widget-container\">\n\t\t\t\t\t\t\t\t\t<p>Wir k\u00f6nnen diese Datenschutzrichtlinie von Zeit zu Zeit aktualisieren, um \u00c4nderungen unserer Praktiken, gesetzlichen Anforderungen oder anderen betrieblichen Gr\u00fcnden Rechnung zu tragen. Wenn wir \u00c4nderungen vornehmen, werden wir die aktualisierte Datenschutzrichtlinie auf dieser Seite mit einem ge\u00e4nderten \u201eG\u00fcltigkeitsdatum\u201c am oberen Rand ver\u00f6ffentlichen. Wenn es sich um wesentliche \u00c4nderungen handelt, k\u00f6nnen wir Sie auch auf andere Weise informieren, z.B. per E-Mail oder durch einen Hinweis auf unserer Website. Wir empfehlen Ihnen, diese Datenschutzrichtlinie regelm\u00e4\u00dfig zu lesen, um sich dar\u00fcber zu informieren, wie wir Ihre Daten sch\u00fctzen. Wir empfehlen Ihnen, die Datenschutzrichtlinie jedes Mal zu lesen, wenn Sie unseren Service besuchen, um \u00fcber unsere Datenschutzpraktiken informiert zu bleiben.    <\/p>\t\t\t\t\t\t\t\t<\/div>\n\t\t\t\t<\/div>\n\t\t\t\t<\/div>\n\t\t<div class=\"elementor-element elementor-element-ed56145 e-con-full e-flex e-con e-parent\" data-id=\"ed56145\" data-element_type=\"container\" data-e-type=\"container\">\n\t\t\t\t<div class=\"elementor-element elementor-element-257d792 elementor-widget elementor-widget-heading\" data-id=\"257d792\" data-element_type=\"widget\" data-e-type=\"widget\" data-widget_type=\"heading.default\">\n\t\t\t\t<div class=\"elementor-widget-container\">\n\t\t\t\t\t<h2 class=\"elementor-heading-title elementor-size-default\">Kontaktinformationen<\/h2>\t\t\t\t<\/div>\n\t\t\t\t<\/div>\n\t\t\t\t<div class=\"elementor-element elementor-element-5282f93 color-scheme-inherit text-left elementor-widget elementor-widget-text-editor\" data-id=\"5282f93\" data-element_type=\"widget\" data-e-type=\"widget\" data-widget_type=\"text-editor.default\">\n\t\t\t\t<div class=\"elementor-widget-container\">\n\t\t\t\t\t\t\t\t\t<p>Nova Argonautica LLC<br>407 Lincoln RD STE 12N,<br>Miami Beach, FL 33139, USA<br>Tel: +1-305-529-3642<br>Email: info@forboat.eu<\/p>\t\t\t\t\t\t\t\t<\/div>\n\t\t\t\t<\/div>\n\t\t\t\t<\/div>\n\t\t\t\t<\/div>\n\t\t","protected":false},"excerpt":{"rendered":"<p>Datenschutzbestimmungen Einf\u00fchrung Wir freuen uns sehr \u00fcber Ihr Interesse an unserem Unternehmen, Nova Argonautica. Datenschutz hat einen besonders hohen Stellenwert<\/p>\n","protected":false},"author":2,"featured_media":0,"parent":0,"menu_order":0,"comment_status":"closed","ping_status":"closed","template":"","meta":{"footnotes":""},"class_list":["post-1527951","page","type-page","status-publish","hentry"],"_links":{"self":[{"href":"https:\/\/stoic-curie.212-227-153-4.plesk.page\/de\/wp-json\/wp\/v2\/pages\/1527951","targetHints":{"allow":["GET"]}}],"collection":[{"href":"https:\/\/stoic-curie.212-227-153-4.plesk.page\/de\/wp-json\/wp\/v2\/pages"}],"about":[{"href":"https:\/\/stoic-curie.212-227-153-4.plesk.page\/de\/wp-json\/wp\/v2\/types\/page"}],"author":[{"embeddable":true,"href":"https:\/\/stoic-curie.212-227-153-4.plesk.page\/de\/wp-json\/wp\/v2\/users\/2"}],"replies":[{"embeddable":true,"href":"https:\/\/stoic-curie.212-227-153-4.plesk.page\/de\/wp-json\/wp\/v2\/comments?post=1527951"}],"version-history":[{"count":0,"href":"https:\/\/stoic-curie.212-227-153-4.plesk.page\/de\/wp-json\/wp\/v2\/pages\/1527951\/revisions"}],"wp:attachment":[{"href":"https:\/\/stoic-curie.212-227-153-4.plesk.page\/de\/wp-json\/wp\/v2\/media?parent=1527951"}],"curies":[{"name":"wp","href":"https:\/\/api.w.org\/{rel}","templated":true}]}}