{"id":1023060,"date":"2025-04-08T15:55:17","date_gmt":"2025-04-08T19:55:17","guid":{"rendered":"https:\/\/stoic-curie.212-227-153-4.plesk.page\/product\/toilet-tecma-silence-plus-2g-12v-kurzmodell\/"},"modified":"2026-02-24T23:35:26","modified_gmt":"2026-02-24T23:35:26","slug":"toilet-tecma-silence-plus-2g-12v-kurzmodell","status":"publish","type":"product","link":"https:\/\/stoic-curie.212-227-153-4.plesk.page\/de\/product\/toilet-tecma-silence-plus-2g-12v-kurzmodell\/","title":{"rendered":"Toilet Tecma Silence Plus 2G &#8211; 12V &#8211; Kurzmodell"},"content":{"rendered":"<p>Toilet Tecma Silence Plus 2G &#8211; 12V &#8211; Kurzmodell &#8211; Die Silence Plus 2G Short ist eine kompakte Version des Silence Plus 2G, bekannt als das &#8220;gro\u00dfe Schalen&#8221;-Modell der Flexi-Line-Serie. Dieses kurze Modell ist speziell f\u00fcr die Installation auf einer 10 cm hohen Erh\u00f6hung konzipiert. Daher betr\u00e4gt die H\u00f6he der keramischen Schale 36 cm, um sich an der Standard-Sitzh\u00f6he von 46 cm zu orientieren. Diese n\u00e4chste Generation der Silence Plus 2G Short umfasst ein passendes Bidet, das Bidet Silence Plus 2G Short, und bietet somit die perfekte Erg\u00e4nzung f\u00fcr Ihr Badezimmer. Die Flexi 1G wurde bis 2016 produziert, und fr\u00fchere Modelle sind auf Anfrage weiterhin erh\u00e4ltlich. Ersatzteile werden auch in den n\u00e4chsten 10 Jahren verf\u00fcgbar sein. Die Tecma Silence Plus 2G Toilette zeichnet sich durch ein stilvolles Design aus, das den Komfort in begrenzten R\u00e4umen maximiert. Sie kommt mit einem hochwertigen Thermo-Sitz, der mit einem leisen Schlie\u00dfmechanismus ausgestattet ist, um Besch\u00e4digungen und L\u00e4rm zu vermeiden. Diese Toilette wurde entwickelt, um Wasserverbrauch, Stromverbrauch und L\u00e4rm zu minimieren. Die Installation und Verkabelung sind unkompliziert und es ist keine Wartung erforderlich. Die Toilette kann \u00fcber zwei Steuerungstafeln bedient werden: 1) All-in-One SFT Panel: Dieses zweiseitige Panel umfasst Wasser hinzuf\u00fcgen und Sp\u00fcl-Schalter. Es verf\u00fcgt \u00fcber die Smart Flush-Technologie f\u00fcr geringen Verbrauch und Ger\u00e4uschemissionen sowie \u00fcber einen \u00dcberf\u00fcllschutz und eine \u00dcberwachung des Abfallbeh\u00e4lters. Das Silence Plus-Modell kombiniert die bew\u00e4hrte Zuverl\u00e4ssigkeit von Thetford mit elegantem italienischen Design und ist die ultimative Marine-Toilette. Das Silence Plus ist \u00e4u\u00dferst effektiv und komfortabel, mit einer gro\u00dfz\u00fcgigen L\u00e4nge von 51 cm, die ein vertrautes Sitzgef\u00fchl vermittelt. Die zeitgen\u00f6ssische italienische Keramischale in Verbindung mit dem verbesserten Zerkleinerungssystem der zweiten Generation von Thetford macht diese Toilette zur besten Wahl f\u00fcr den maritimen Einsatz. Dieses Modell ist die kurze Version (wir bieten auch die volle H\u00f6he an) und ist so konzipiert, dass es auf einer 10 cm hohen Erh\u00f6hung montiert werden kann. Alle Rohrleitungen sind diskret im Toilettengeh\u00e4use untergebracht, was eine flush Installation an Wand und Boden erm\u00f6glicht. Diese Toilette ist in einer 24V-Version verf\u00fcgbar, und eine 12V-Option wird ebenfalls angeboten. Eigenschaften: gro\u00dfe italienische Keramikschale, hygienischer Thermoplast-Sitz mit sanftem Schlie\u00dfen, All-in-One-Steuerungspanel mit verschiedenen Sp\u00fclzyklen, Steuerungspanel mit wechselbaren wei\u00dfen oder schwarzen Umrandungen, einstellbarer Wasserverbrauch, der mit dem Tankmesser verbunden werden kann, um ein \u00dcberf\u00fcllen zu verhindern, einfache Installation an ein druckbeaufschlagtes Frischwassersystem, die Option zur Verbindung mit einer Rohwasserversorgung (Meerwasser), zwei eingebaute Einweg-Sicherheitsventile, Hochgeschwindigkeits- Vortex-Aggregat, integrierte Luftventil. Die Toilette wird komplett mit allem, was f\u00fcr die Installation ben\u00f6tigt wird, einschlie\u00dflich einem 38 mm Abwasserabgang, einem 19 mm Wasserzulauf und einem kompletten Kabelbaum, geliefert. Diese luxuri\u00f6se Aftermarket-Toilette ist einfach zu installieren und stellt ein hervorragendes Upgrade von einem Schwerkraft-WC dar. Eine der Hauptst\u00e4rken der aktuellen Flexi-Line ist ihre F\u00e4higkeit, ein konsistentes Design in allen Badezimmern aufrechtzuerhalten. Mit der neuen Flexi 2G hat Tecma das Design sowohl der Toilette als auch des Bidets weiterentwickelt. Die Silence Plus 2G dient als Grundlage der Flexi-Line und bietet dasselbe Design in verschiedenen Gr\u00f6\u00dfen, um in jedes Badezimmer zu passen \u2013 gro\u00df, klein, kurz oder sogar kombiniert. Die Toiletten der zweiten Generation der Flexi-Line sind so konzipiert, dass sie nahtlos in Ihren Raum passen. Die Silence Plus 2G ist das &#8220;gro\u00dfe Schalen&#8221;-Modell der Flexi-Line und bietet dasselbe effektive und komfortable Design. Mit einer L\u00e4nge von 51 cm erm\u00f6glicht sie ein angenehmes Sitzgef\u00fchl. Die Installation der neuen Toiletten der Flexi-Line ist sowohl sch\u00f6n als auch clever. Sie ist schnell und einfach und markiert einen bedeutenden Fortschritt im Design, einschlie\u00dflich: versteckte Installation f\u00fcr ein elegantes Erscheinungsbild, seitliche Befestigung f\u00fcr einfache Installation, glatte Oberfl\u00e4chen f\u00fcr eine leichtere Reinigung. Das integrierte sichere Luftansaugventil ist ein kleines, aber wesentliches Merkmal, das die neue Flexi-Line verbessert: neues Luftzufuhrventil im internen Schlauchsystem eingebettet, verhindert Installationsbeschr\u00e4nkungen, optimiert die Bel\u00fcftung der Abf\u00fchrung, verbessert die Effizienz des schwarzen Wassersystems in verschiedenen Layouts und erleichtert eine gute Hydraulik, um Siphoning und R\u00fcckfl\u00fcsse zu vermeiden.<\/p>\n","protected":false},"excerpt":{"rendered":"<p>Toilet Tecma Silence Plus 2G &#8211; 12V &#8211; Kurzmodell &#8211; Die Silence Plus 2G Short ist eine kompakte Version des<\/p>\n","protected":false},"featured_media":5945372,"comment_status":"closed","ping_status":"closed","template":"","meta":[],"product_brand":[3470],"product_cat":[1388],"product_tag":[],"class_list":{"0":"post-1023060","1":"product","2":"type-product","3":"status-publish","4":"has-post-thumbnail","6":"product_brand-tecma-de","7":"product_cat-marine-wcs","9":"first","10":"instock","11":"shipping-taxable","12":"purchasable","13":"product-type-simple"},"_links":{"self":[{"href":"https:\/\/stoic-curie.212-227-153-4.plesk.page\/de\/wp-json\/wp\/v2\/product\/1023060","targetHints":{"allow":["GET"]}}],"collection":[{"href":"https:\/\/stoic-curie.212-227-153-4.plesk.page\/de\/wp-json\/wp\/v2\/product"}],"about":[{"href":"https:\/\/stoic-curie.212-227-153-4.plesk.page\/de\/wp-json\/wp\/v2\/types\/product"}],"replies":[{"embeddable":true,"href":"https:\/\/stoic-curie.212-227-153-4.plesk.page\/de\/wp-json\/wp\/v2\/comments?post=1023060"}],"version-history":[{"count":0,"href":"https:\/\/stoic-curie.212-227-153-4.plesk.page\/de\/wp-json\/wp\/v2\/product\/1023060\/revisions"}],"wp:featuredmedia":[{"embeddable":true,"href":"https:\/\/stoic-curie.212-227-153-4.plesk.page\/de\/wp-json\/wp\/v2\/media\/5945372"}],"wp:attachment":[{"href":"https:\/\/stoic-curie.212-227-153-4.plesk.page\/de\/wp-json\/wp\/v2\/media?parent=1023060"}],"wp:term":[{"taxonomy":"product_brand","embeddable":true,"href":"https:\/\/stoic-curie.212-227-153-4.plesk.page\/de\/wp-json\/wp\/v2\/product_brand?post=1023060"},{"taxonomy":"product_cat","embeddable":true,"href":"https:\/\/stoic-curie.212-227-153-4.plesk.page\/de\/wp-json\/wp\/v2\/product_cat?post=1023060"},{"taxonomy":"product_tag","embeddable":true,"href":"https:\/\/stoic-curie.212-227-153-4.plesk.page\/de\/wp-json\/wp\/v2\/product_tag?post=1023060"}],"curies":[{"name":"wp","href":"https:\/\/api.w.org\/{rel}","templated":true}]}}