{"id":1023066,"date":"2025-04-08T15:55:18","date_gmt":"2025-04-08T19:55:18","guid":{"rendered":"https:\/\/stoic-curie.212-227-153-4.plesk.page\/product\/aussenbordmotorstuetze-th-marine-z-lock-jpz-8-dp-203-mm\/"},"modified":"2026-02-24T23:35:26","modified_gmt":"2026-02-24T23:35:26","slug":"aussenbordmotorstuetze-th-marine-z-lock-jpz-8-dp-203-mm","status":"publish","type":"product","link":"https:\/\/stoic-curie.212-227-153-4.plesk.page\/de\/product\/aussenbordmotorstuetze-th-marine-z-lock-jpz-8-dp-203-mm\/","title":{"rendered":"Au\u00dfenbordmotorst\u00fctze TH Marine Z-LOCK JPZ-8-DP 203 mm"},"content":{"rendered":"<p>Au\u00dfenbordmotorst\u00fctze TH Marine Z-LOCK JPZ-8-DP 203 mm &#8211; <\/p>\n<p style=\"color: rgb(34, 34, 34); font-family: Arial, Helvetica, sans-serif; font-size: small;\"><strong>TH Marine Z-LOCK 8&#8243; Handhebel<\/strong><\/p>\n<p style=\"color: rgb(34, 34, 34); font-family: Arial, Helvetica, sans-serif; font-size: small;\"><strong>Modell:<\/strong>\u00a0JPZ-8-DP<\/p>\n<p style=\"color: rgb(34, 34, 34); font-family: Arial, Helvetica, sans-serif; font-size: small;\">Das Z-Lock Jack Plate Design verhindert ein Seitenschlupf und sorgt f\u00fcr einen sicheren Sitz. Die passenden geschlitzten Extrusionen halten die Seitenplatten an ihrem Platz. Hergestellt aus robustem Luftfahrt-Aluminium, bietet dieser Jack Plate eine vollst\u00e4ndige Materialst\u00e4rke von \u00bd&#8221; f\u00fcr zus\u00e4tzliche St\u00e4rke. Er ist kompatibel mit allen V6-Au\u00dfenbordmotoren bis zu 300 PS und erm\u00f6glicht einfache Anpassungen von oben, wodurch 5&#8243; vertikale Anpassung m\u00f6glich sind.<\/p>\n<p style=\"color: rgb(34, 34, 34); font-family: Arial, Helvetica, sans-serif; font-size: small;\">Die HI-JACKER\u2122 Jack Plate Serie von T-H Marine beeindruckt weiterhin mit dem Z-Lock Manual Jack Plate Upgrade. Entwickelt f\u00fcr V6- und V8-Au\u00dfenbordmotoren bis 300 PS, besteht es aus 12,7 mm dickem 6061-T6 Aluminium, um maximale St\u00e4rke und Haltbarkeit zu gew\u00e4hrleisten. Das einzigartige Z-Lock Design eliminiert den seitlichen Schlupf und erh\u00f6ht die Stabilit\u00e4t sowie Sicherheit. Es bietet 127 mm vertikale Anpassung und eine R\u00fcckverlagerung von 102 bis 203 mm, abh\u00e4ngig vom Modell. Anpassungen k\u00f6nnen einfach von oben mit einer einzelnen zentralen Schraube vorgenommen werden, was es ideal f\u00fcr die Optimierung der Bootleistung mit Einfachheit und Effizienz macht.<\/p>\n","protected":false},"excerpt":{"rendered":"<p>Au\u00dfenbordmotorst\u00fctze TH Marine Z-LOCK JPZ-8-DP 203 mm &#8211; TH Marine Z-LOCK 8&#8243; Handhebel Modell:\u00a0JPZ-8-DP Das Z-Lock Jack Plate Design verhindert<\/p>\n","protected":false},"featured_media":5949172,"comment_status":"closed","ping_status":"closed","template":"","meta":[],"product_brand":[3205],"product_cat":[1540],"product_tag":[],"class_list":{"0":"post-1023066","1":"product","2":"type-product","3":"status-publish","4":"has-post-thumbnail","6":"product_brand-nova-argonautica-de","7":"product_cat-zubehoer-fuer-aussenborder","9":"first","10":"outofstock","11":"shipping-taxable","12":"purchasable","13":"product-type-simple"},"_links":{"self":[{"href":"https:\/\/stoic-curie.212-227-153-4.plesk.page\/de\/wp-json\/wp\/v2\/product\/1023066","targetHints":{"allow":["GET"]}}],"collection":[{"href":"https:\/\/stoic-curie.212-227-153-4.plesk.page\/de\/wp-json\/wp\/v2\/product"}],"about":[{"href":"https:\/\/stoic-curie.212-227-153-4.plesk.page\/de\/wp-json\/wp\/v2\/types\/product"}],"replies":[{"embeddable":true,"href":"https:\/\/stoic-curie.212-227-153-4.plesk.page\/de\/wp-json\/wp\/v2\/comments?post=1023066"}],"version-history":[{"count":0,"href":"https:\/\/stoic-curie.212-227-153-4.plesk.page\/de\/wp-json\/wp\/v2\/product\/1023066\/revisions"}],"wp:featuredmedia":[{"embeddable":true,"href":"https:\/\/stoic-curie.212-227-153-4.plesk.page\/de\/wp-json\/wp\/v2\/media\/5949172"}],"wp:attachment":[{"href":"https:\/\/stoic-curie.212-227-153-4.plesk.page\/de\/wp-json\/wp\/v2\/media?parent=1023066"}],"wp:term":[{"taxonomy":"product_brand","embeddable":true,"href":"https:\/\/stoic-curie.212-227-153-4.plesk.page\/de\/wp-json\/wp\/v2\/product_brand?post=1023066"},{"taxonomy":"product_cat","embeddable":true,"href":"https:\/\/stoic-curie.212-227-153-4.plesk.page\/de\/wp-json\/wp\/v2\/product_cat?post=1023066"},{"taxonomy":"product_tag","embeddable":true,"href":"https:\/\/stoic-curie.212-227-153-4.plesk.page\/de\/wp-json\/wp\/v2\/product_tag?post=1023066"}],"curies":[{"name":"wp","href":"https:\/\/api.w.org\/{rel}","templated":true}]}}