{"id":1023070,"date":"2025-04-08T15:55:18","date_gmt":"2025-04-08T19:55:18","guid":{"rendered":"https:\/\/stoic-curie.212-227-153-4.plesk.page\/product\/satz-2-propeller-solas-duoprop-a5\/"},"modified":"2026-02-24T23:35:26","modified_gmt":"2026-02-24T23:35:26","slug":"satz-2-propeller-solas-duoprop-a5","status":"publish","type":"product","link":"https:\/\/stoic-curie.212-227-153-4.plesk.page\/de\/product\/satz-2-propeller-solas-duoprop-a5\/","title":{"rendered":"Satz 2 Propeller Solas Duoprop A5"},"content":{"rendered":"<p>Satz 2 Propeller Solas Duoprop A5 &#8211; <\/p>\n<p style=\"color: rgb(34, 34, 34); font-family: Arial, Helvetica, sans-serif; font-size: small;\">Solas Type A5 Aluminium Duopropeller-Set, entworfen f\u00fcr Volvo Penta 280 und 290 DP (Diesel)<\/p>\n<ul style=\"color: rgb(34, 34, 34); font-family: Arial, Helvetica, sans-serif; font-size: small;\">\n<li>Vorderpropeller: 3-Blatt<\/li>\n<li>Hinterpropeller: 4-Blatt<\/li>\n<\/ul>\n<p style=\"color: rgb(34, 34, 34); font-family: Arial, Helvetica, sans-serif; font-size: small;\">Die SOLAS Duo-Propeller sind mit einem hochgekr\u00f6pften Klingen-Design ausgestattet, das ein Cupping beinhaltet, was herausragenden Heckauftrieb und Beschleunigung bietet. Diese Aftermarket-Duo-Style-Propeller sind als Ersatz f\u00fcr die Volvo Penta Duo-Drives gedacht. Es ist wichtig zu beachten, dass die Belastung des Propellers und die Motorumdrehungen zwischen Solas-Propellern und Modellen des Originalausr\u00fcstungsherstellers (OEM) variieren k\u00f6nnen. (Diese Gr\u00f6\u00dfeninformationen stammen direkt aus dem Solas-Katalog 2013.) Der Einbau von Aftermarket-Duo-Style-Propellern von Solas kann spezielle Werkzeuge und OEM-Hardware erfordern. Wir empfehlen, das OEM-Handbuch f\u00fcr genaue Installations- und Drehmomentangaben zu konsultieren.<\/p>\n<p style=\"color: rgb(34, 34, 34); font-family: Arial, Helvetica, sans-serif; font-size: small;\">Die SOLAS Aluminium Duo-Prop A-Serie-Propeller sind speziell f\u00fcr Dieselmotore bis D41 gefertigt. Die einzigartige Kombination eines 3-Blatt-Vorderpropellers und eines 4-Blatt-Hinterpropellers sorgt f\u00fcr bemerkenswerten Grip im Wasser.<\/p>\n<p style=\"color: rgb(34, 34, 34); font-family: Arial, Helvetica, sans-serif; font-size: small;\">Solas-Propeller werden mit einer hochmodernen Schleuderguss-Technik hergestellt, die ihre Festigkeit und Haltbarkeit im Vergleich zu herk\u00f6mmlichen Druckgussprodukten verbessert. Diese Methode f\u00fchrt zu einem nahezu porenfreien Propeller mit feinerer Kristallstruktur. Dar\u00fcber hinaus werden Solas-Aluminium-Propeller mit vier Schichten Farbe behandelt, wobei hochwertige Beschichtungen und ein fortschrittlicher Malprozess verwendet werden, um au\u00dfergew\u00f6hnlichen Korrosionsschutz zu bieten. Jeder Propeller wird \u00fcber 500 Stunden in einem Salzwassertank getestet, was mehr als sechs Monate typischer Salzwassereinwirkung simuliert.<\/p>\n<p style=\"color: rgb(34, 34, 34); font-family: Arial, Helvetica, sans-serif; font-size: small;\"><strong>Hinweis:<\/strong>\u00a0F\u00fcr Motoren, die Geschwindigkeiten von \u00fcber 35 Knoten \u00fcberschreiten, empfehlen wir die Verwendung des Edelstahltyp C-Propellers.<\/p>\n","protected":false},"excerpt":{"rendered":"<p>Satz 2 Propeller Solas Duoprop A5 &#8211; Solas Type A5 Aluminium Duopropeller-Set, entworfen f\u00fcr Volvo Penta 280 und 290 DP<\/p>\n","protected":false},"featured_media":5948309,"comment_status":"closed","ping_status":"closed","template":"","meta":[],"product_brand":[3410],"product_cat":[1542],"product_tag":[],"class_list":{"0":"post-1023070","1":"product","2":"type-product","3":"status-publish","4":"has-post-thumbnail","6":"product_brand-solas-de","7":"product_cat-marine-ersatzteile-fuer-volvo-penta","9":"first","10":"instock","11":"shipping-taxable","12":"purchasable","13":"product-type-simple"},"_links":{"self":[{"href":"https:\/\/stoic-curie.212-227-153-4.plesk.page\/de\/wp-json\/wp\/v2\/product\/1023070","targetHints":{"allow":["GET"]}}],"collection":[{"href":"https:\/\/stoic-curie.212-227-153-4.plesk.page\/de\/wp-json\/wp\/v2\/product"}],"about":[{"href":"https:\/\/stoic-curie.212-227-153-4.plesk.page\/de\/wp-json\/wp\/v2\/types\/product"}],"replies":[{"embeddable":true,"href":"https:\/\/stoic-curie.212-227-153-4.plesk.page\/de\/wp-json\/wp\/v2\/comments?post=1023070"}],"version-history":[{"count":0,"href":"https:\/\/stoic-curie.212-227-153-4.plesk.page\/de\/wp-json\/wp\/v2\/product\/1023070\/revisions"}],"wp:featuredmedia":[{"embeddable":true,"href":"https:\/\/stoic-curie.212-227-153-4.plesk.page\/de\/wp-json\/wp\/v2\/media\/5948309"}],"wp:attachment":[{"href":"https:\/\/stoic-curie.212-227-153-4.plesk.page\/de\/wp-json\/wp\/v2\/media?parent=1023070"}],"wp:term":[{"taxonomy":"product_brand","embeddable":true,"href":"https:\/\/stoic-curie.212-227-153-4.plesk.page\/de\/wp-json\/wp\/v2\/product_brand?post=1023070"},{"taxonomy":"product_cat","embeddable":true,"href":"https:\/\/stoic-curie.212-227-153-4.plesk.page\/de\/wp-json\/wp\/v2\/product_cat?post=1023070"},{"taxonomy":"product_tag","embeddable":true,"href":"https:\/\/stoic-curie.212-227-153-4.plesk.page\/de\/wp-json\/wp\/v2\/product_tag?post=1023070"}],"curies":[{"name":"wp","href":"https:\/\/api.w.org\/{rel}","templated":true}]}}