{"id":1023071,"date":"2025-04-08T15:55:18","date_gmt":"2025-04-08T19:55:18","guid":{"rendered":"https:\/\/stoic-curie.212-227-153-4.plesk.page\/product\/satz-2-propeller-solas-duoprop-a6\/"},"modified":"2026-02-24T23:35:26","modified_gmt":"2026-02-24T23:35:26","slug":"satz-2-propeller-solas-duoprop-a6","status":"publish","type":"product","link":"https:\/\/stoic-curie.212-227-153-4.plesk.page\/de\/product\/satz-2-propeller-solas-duoprop-a6\/","title":{"rendered":"Satz 2 Propeller Solas Duoprop A6"},"content":{"rendered":"<p>Satz 2 Propeller Solas Duoprop A6 &#8211; <\/p>\n<p style=\"color: rgb(34, 34, 34); font-family: Arial, Helvetica, sans-serif; font-size: small;\">Solas Typ A6 Aluminium Duopropeller-Set f\u00fcr Volvo Penta 280 und 290 DP (Diesel)<\/p>\n<ul style=\"color: rgb(34, 34, 34); font-family: Arial, Helvetica, sans-serif; font-size: small;\">\n<li>Vorderpropeller: 3-Blatt<\/li>\n<li>Hinterpropeller: 4-Blatt<\/li>\n<\/ul>\n<p style=\"color: rgb(34, 34, 34); font-family: Arial, Helvetica, sans-serif; font-size: small;\">Die SOLAS Duo-Propeller verf\u00fcgen \u00fcber ein hochger\u00e4tes Blattdesign mit Cupping, das hervorragende Heckauftrieb und Beschleunigung bietet. Diese Aftermarket-Duo-Style-Propeller dienen als Ersatzoption f\u00fcr Volvo Penta Duo-Antriebe. Bitte beachten Sie, dass die Propellerlasten und Motorumdrehungen zwischen Solas-Propellern und den Originalger\u00e4teherstellern (OEM) abweichen k\u00f6nnen. F\u00fcr die genaue Gr\u00f6\u00dfenbestimmung konsultieren Sie bitte den Solas-Katalog 2013. Die Installation von Solas Aftermarket-Duo-Style-Propellern kann spezielle Werkzeuge und OEM-Hardware erfordern. Konsultieren Sie immer das OEM-Handbuch f\u00fcr die korrekte Installation und Drehmomentvorgaben.<\/p>\n<p style=\"color: rgb(34, 34, 34); font-family: Arial, Helvetica, sans-serif; font-size: small;\">Die SOLAS Aluminium-Duo-Propeller der A-Serie sind f\u00fcr Dieselmotoren mit bis zu D41 ausgelegt. Die Kombination aus einem 3-Blatt-Vorderpropeller und einem 4-Blatt-Hinterpropeller bietet au\u00dfergew\u00f6hnlichen Grip im Wasser.<\/p>\n<p style=\"color: rgb(34, 34, 34); font-family: Arial, Helvetica, sans-serif; font-size: small;\">Solas-Propeller werden mit einem fortschrittlichen Druckgussverfahren hergestellt, das sie st\u00e4rker und haltbarer macht als herk\u00f6mmliche Druckgussprodukte. Dieses Verfahren f\u00fchrt zu einem nahezu porenfreien Propeller mit einer feineren Zellstruktur. Dar\u00fcber hinaus sind Solas-Aluminiumpropeller mit vier Schichten Farbe beschichtet, wobei hochwertige Beschichtungen und eine anspruchsvolle Maltechnik verwendet werden, um einen hervorragenden Korrosionsschutz zu gew\u00e4hrleisten. Jeder Propeller wird \u00fcber 500 Stunden in einem Salzwasser-Spr\u00fchbecken getestet, was mehr als sechs Monate typischer Salzwassernutzung simuliert.<\/p>\n<p style=\"color: rgb(34, 34, 34); font-family: Arial, Helvetica, sans-serif; font-size: small;\"><strong>Hinweis:<\/strong> F\u00fcr Motoren, die Geschwindigkeiten von \u00fcber 35 Knoten \u00fcberschreiten, wird der Edelstahl Typ C Propeller empfohlen.<\/p>\n","protected":false},"excerpt":{"rendered":"<p>Satz 2 Propeller Solas Duoprop A6 &#8211; Solas Typ A6 Aluminium Duopropeller-Set f\u00fcr Volvo Penta 280 und 290 DP (Diesel)<\/p>\n","protected":false},"featured_media":5948309,"comment_status":"closed","ping_status":"closed","template":"","meta":[],"product_brand":[3410],"product_cat":[1542],"product_tag":[],"class_list":{"0":"post-1023071","1":"product","2":"type-product","3":"status-publish","4":"has-post-thumbnail","6":"product_brand-solas-de","7":"product_cat-marine-ersatzteile-fuer-volvo-penta","9":"first","10":"instock","11":"shipping-taxable","12":"purchasable","13":"product-type-simple"},"_links":{"self":[{"href":"https:\/\/stoic-curie.212-227-153-4.plesk.page\/de\/wp-json\/wp\/v2\/product\/1023071","targetHints":{"allow":["GET"]}}],"collection":[{"href":"https:\/\/stoic-curie.212-227-153-4.plesk.page\/de\/wp-json\/wp\/v2\/product"}],"about":[{"href":"https:\/\/stoic-curie.212-227-153-4.plesk.page\/de\/wp-json\/wp\/v2\/types\/product"}],"replies":[{"embeddable":true,"href":"https:\/\/stoic-curie.212-227-153-4.plesk.page\/de\/wp-json\/wp\/v2\/comments?post=1023071"}],"version-history":[{"count":0,"href":"https:\/\/stoic-curie.212-227-153-4.plesk.page\/de\/wp-json\/wp\/v2\/product\/1023071\/revisions"}],"wp:featuredmedia":[{"embeddable":true,"href":"https:\/\/stoic-curie.212-227-153-4.plesk.page\/de\/wp-json\/wp\/v2\/media\/5948309"}],"wp:attachment":[{"href":"https:\/\/stoic-curie.212-227-153-4.plesk.page\/de\/wp-json\/wp\/v2\/media?parent=1023071"}],"wp:term":[{"taxonomy":"product_brand","embeddable":true,"href":"https:\/\/stoic-curie.212-227-153-4.plesk.page\/de\/wp-json\/wp\/v2\/product_brand?post=1023071"},{"taxonomy":"product_cat","embeddable":true,"href":"https:\/\/stoic-curie.212-227-153-4.plesk.page\/de\/wp-json\/wp\/v2\/product_cat?post=1023071"},{"taxonomy":"product_tag","embeddable":true,"href":"https:\/\/stoic-curie.212-227-153-4.plesk.page\/de\/wp-json\/wp\/v2\/product_tag?post=1023071"}],"curies":[{"name":"wp","href":"https:\/\/api.w.org\/{rel}","templated":true}]}}