{"id":1023073,"date":"2025-04-08T15:55:19","date_gmt":"2025-04-08T19:55:19","guid":{"rendered":"https:\/\/stoic-curie.212-227-153-4.plesk.page\/product\/satz-2-propeller-solas-duoprop-b3\/"},"modified":"2026-02-24T23:35:26","modified_gmt":"2026-02-24T23:35:26","slug":"satz-2-propeller-solas-duoprop-b3","status":"publish","type":"product","link":"https:\/\/stoic-curie.212-227-153-4.plesk.page\/de\/product\/satz-2-propeller-solas-duoprop-b3\/","title":{"rendered":"Satz 2 Propeller Solas Duoprop B3"},"content":{"rendered":"<p>Satz 2 Propeller Solas Duoprop B3 &#8211; <\/p>\n<p style=\"color: rgb(34, 34, 34); font-family: Arial, Helvetica, sans-serif; font-size: small;\">Das Solas Duo Prop B3 Aluminium Propeller Set ist sorgf\u00e4ltig f\u00fcr den Einsatz mit Volvo Penta 280\/290DP-Au\u00dfenbordern konzipiert und somit die ideale Wahl f\u00fcr Bootsenthusiasten, die hohe Leistung und Zuverl\u00e4ssigkeit fordern. Dieses spezielle Propeller-Set entspricht direkt dem Volvo Penta Duoprop Propeller B3 Set #854816, was Kompatibilit\u00e4t und optimale Funktionalit\u00e4t gew\u00e4hrleistet. Solas Duoprops sind direkte Ersatzteile f\u00fcr die originalen Volvo Duoprop Propeller und verf\u00fcgen \u00fcber Designs, die den OEM-Standards entsprechen, was bedeutet, dass Sie das gleiche Ma\u00df an Qualit\u00e4t und Leistung erwarten k\u00f6nnen.<\/p>\n<p style=\"color: rgb(34, 34, 34); font-family: Arial, Helvetica, sans-serif; font-size: small;\">F\u00fcr Betreiber von Motoren, die Geschwindigkeiten von \u00fcber 35 Knoten erreichen, empfehlen wir dringend, den Edelstahl Typ C Propeller in Betracht zu ziehen, der unter Hochgeschwindigkeitsbedingungen verbesserte Haltbarkeit und Leistung bietet. Die Aluminium-Duoprop-Propeller in diesem Set sind speziell f\u00fcr Benzinmotoren ausgelegt und gew\u00e4hrleisten, dass sie den einzigartigen Anforderungen dieser Energiequellen gerecht werden. Jeder Propeller ist mit einer dreibl\u00e4ttrigen Konfiguration gefertigt, die ein str\u00f6mungsg\u00fcnstiges Profil aufweist, welches entscheidend f\u00fcr die Erreichung maximaler Effizienz und Geschwindigkeit auf dem Wasser ist.<\/p>\n<p style=\"color: rgb(34, 34, 34); font-family: Arial, Helvetica, sans-serif; font-size: small;\">Es ist wichtig zu beachten, dass das Mischen verschiedener Propellerarten, wie Typ A, B und J, zu suboptimaler Leistung und potenziellem Schaden f\u00fchren kann. Stellen Sie daher immer sicher, dass Sie Propeller desselben Typs und derselben Gr\u00f6\u00dfe an dem Antrieb oder \u00fcber beide Antriebe in Zwillingskonfigurationen verwenden. Diese Liebe zum Detail hilft Ihnen, die Integrit\u00e4t und Leistung Ihres Schiffes aufrechtzuerhalten.<\/p>\n","protected":false},"excerpt":{"rendered":"<p>Satz 2 Propeller Solas Duoprop B3 &#8211; Das Solas Duo Prop B3 Aluminium Propeller Set ist sorgf\u00e4ltig f\u00fcr den Einsatz<\/p>\n","protected":false},"featured_media":5948309,"comment_status":"closed","ping_status":"closed","template":"","meta":[],"product_brand":[3410],"product_cat":[1542],"product_tag":[],"class_list":{"0":"post-1023073","1":"product","2":"type-product","3":"status-publish","4":"has-post-thumbnail","6":"product_brand-solas-de","7":"product_cat-marine-ersatzteile-fuer-volvo-penta","9":"first","10":"instock","11":"shipping-taxable","12":"purchasable","13":"product-type-simple"},"_links":{"self":[{"href":"https:\/\/stoic-curie.212-227-153-4.plesk.page\/de\/wp-json\/wp\/v2\/product\/1023073","targetHints":{"allow":["GET"]}}],"collection":[{"href":"https:\/\/stoic-curie.212-227-153-4.plesk.page\/de\/wp-json\/wp\/v2\/product"}],"about":[{"href":"https:\/\/stoic-curie.212-227-153-4.plesk.page\/de\/wp-json\/wp\/v2\/types\/product"}],"replies":[{"embeddable":true,"href":"https:\/\/stoic-curie.212-227-153-4.plesk.page\/de\/wp-json\/wp\/v2\/comments?post=1023073"}],"version-history":[{"count":0,"href":"https:\/\/stoic-curie.212-227-153-4.plesk.page\/de\/wp-json\/wp\/v2\/product\/1023073\/revisions"}],"wp:featuredmedia":[{"embeddable":true,"href":"https:\/\/stoic-curie.212-227-153-4.plesk.page\/de\/wp-json\/wp\/v2\/media\/5948309"}],"wp:attachment":[{"href":"https:\/\/stoic-curie.212-227-153-4.plesk.page\/de\/wp-json\/wp\/v2\/media?parent=1023073"}],"wp:term":[{"taxonomy":"product_brand","embeddable":true,"href":"https:\/\/stoic-curie.212-227-153-4.plesk.page\/de\/wp-json\/wp\/v2\/product_brand?post=1023073"},{"taxonomy":"product_cat","embeddable":true,"href":"https:\/\/stoic-curie.212-227-153-4.plesk.page\/de\/wp-json\/wp\/v2\/product_cat?post=1023073"},{"taxonomy":"product_tag","embeddable":true,"href":"https:\/\/stoic-curie.212-227-153-4.plesk.page\/de\/wp-json\/wp\/v2\/product_tag?post=1023073"}],"curies":[{"name":"wp","href":"https:\/\/api.w.org\/{rel}","templated":true}]}}