{"id":1023074,"date":"2025-04-08T15:55:19","date_gmt":"2025-04-08T19:55:19","guid":{"rendered":"https:\/\/stoic-curie.212-227-153-4.plesk.page\/product\/satz-2-propeller-solas-duoprop-b4\/"},"modified":"2026-02-24T23:35:26","modified_gmt":"2026-02-24T23:35:26","slug":"satz-2-propeller-solas-duoprop-b4","status":"publish","type":"product","link":"https:\/\/stoic-curie.212-227-153-4.plesk.page\/de\/product\/satz-2-propeller-solas-duoprop-b4\/","title":{"rendered":"Satz 2 Propeller Solas Duoprop B4"},"content":{"rendered":"<p>Satz 2 Propeller Solas Duoprop B4 &#8211; <\/p>\n<p style=\"color: rgb(34, 34, 34); font-family: Arial, Helvetica, sans-serif; font-size: small;\">Solas B4 Aluminium-Duopropeller-Set f\u00fcr Volvo Penta 280 und 290DP (Benzin)<\/p>\n<ul style=\"color: rgb(34, 34, 34); font-family: Arial, Helvetica, sans-serif; font-size: small;\">\n<li>Vorderpropeller: 3-Blatt<\/li>\n<li>Hinterpropeller: 4-Blatt<\/li>\n<\/ul>\n<p style=\"color: rgb(34, 34, 34); font-family: Arial, Helvetica, sans-serif; font-size: small;\">Die SOLAS Duo-Propeller verf\u00fcgen \u00fcber ein hochr\u00fcckf\u00e4higes Klingen-Design mit Hohlkehle, um hervorragenden Heckauftrieb und Beschleunigung zu liefern. Diese Aftermarket-Duo-Style-Propeller sind eine Ersatzoption f\u00fcr Volvo Penta Duo-Au\u00dfenboote. Bitte beachten Sie, dass die Propellerbelastung und die Motorumdrehungen zwischen Solas-Propellern und Optionen des Originalherstellers (OEM) variieren k\u00f6nnen. (Diese Gr\u00f6\u00dfeninformation stammt direkt aus dem Solas-Katalog 2013.) Die Installation der Aftermarket-Duo-Style-Propeller von Solas kann spezielle Werkzeuge und OEM-Hardware erfordern. Es wird empfohlen, das OEM-Handbuch f\u00fcr die korrekte Installation und die Drehmomentangaben zu konsultieren.<\/p>\n<p style=\"color: rgb(34, 34, 34); font-family: Arial, Helvetica, sans-serif; font-size: small;\">Die SOLAS Aluminium-Duo-Prop B-Serie Propeller sind f\u00fcr Benzinmotoren konzipiert. Die Kombination aus einem 3-Blatt-Frontpropeller und einem 4-Blatt-Hinterpropeller bietet au\u00dfergew\u00f6hnlichen Halt im Wasser.<\/p>\n<p style=\"color: rgb(34, 34, 34); font-family: Arial, Helvetica, sans-serif; font-size: small;\">Solas-Propeller werden mit einem fortschrittlichen Spritzgussverfahren hergestellt, was sie st\u00e4rker und langlebiger macht als herk\u00f6mmliche Druckgussprodukte. Dieser Prozess f\u00fchrt zu einem nahezu porenfreien Propeller mit einer feineren K\u00f6rnung im Vergleich zu alternativem Druckguss. Dar\u00fcber hinaus sind die Solas-Aluminiumpropeller mit vier Schichten Farbe beschichtet, wobei hochwertige Beschichtungen und eine raffinierte Maltechnik verwendet werden, um herausragenden Korrosionsschutz zu gew\u00e4hrleisten. Jeder Propeller durchl\u00e4uft \u00fcber 500 Stunden Testung in einem Salzwasserspr\u00fchtank, was mehr als sechs Monate typischer Salzwassernutzung simuliert.<\/p>\n<p style=\"color: rgb(34, 34, 34); font-family: Arial, Helvetica, sans-serif; font-size: small;\"><strong>Hinweis:<\/strong>\u00a0F\u00fcr Motoren, die Geschwindigkeiten von \u00fcber 35 Knoten \u00fcberschreiten, empfehlen wir die Verwendung des Edelstahl-Typ-C-Propellers.<\/p>\n","protected":false},"excerpt":{"rendered":"<p>Satz 2 Propeller Solas Duoprop B4 &#8211; Solas B4 Aluminium-Duopropeller-Set f\u00fcr Volvo Penta 280 und 290DP (Benzin) Vorderpropeller: 3-Blatt Hinterpropeller:<\/p>\n","protected":false},"featured_media":5948309,"comment_status":"closed","ping_status":"closed","template":"","meta":[],"product_brand":[3410],"product_cat":[1542],"product_tag":[],"class_list":{"0":"post-1023074","1":"product","2":"type-product","3":"status-publish","4":"has-post-thumbnail","6":"product_brand-solas-de","7":"product_cat-marine-ersatzteile-fuer-volvo-penta","9":"first","10":"instock","11":"shipping-taxable","12":"purchasable","13":"product-type-simple"},"_links":{"self":[{"href":"https:\/\/stoic-curie.212-227-153-4.plesk.page\/de\/wp-json\/wp\/v2\/product\/1023074","targetHints":{"allow":["GET"]}}],"collection":[{"href":"https:\/\/stoic-curie.212-227-153-4.plesk.page\/de\/wp-json\/wp\/v2\/product"}],"about":[{"href":"https:\/\/stoic-curie.212-227-153-4.plesk.page\/de\/wp-json\/wp\/v2\/types\/product"}],"replies":[{"embeddable":true,"href":"https:\/\/stoic-curie.212-227-153-4.plesk.page\/de\/wp-json\/wp\/v2\/comments?post=1023074"}],"version-history":[{"count":0,"href":"https:\/\/stoic-curie.212-227-153-4.plesk.page\/de\/wp-json\/wp\/v2\/product\/1023074\/revisions"}],"wp:featuredmedia":[{"embeddable":true,"href":"https:\/\/stoic-curie.212-227-153-4.plesk.page\/de\/wp-json\/wp\/v2\/media\/5948309"}],"wp:attachment":[{"href":"https:\/\/stoic-curie.212-227-153-4.plesk.page\/de\/wp-json\/wp\/v2\/media?parent=1023074"}],"wp:term":[{"taxonomy":"product_brand","embeddable":true,"href":"https:\/\/stoic-curie.212-227-153-4.plesk.page\/de\/wp-json\/wp\/v2\/product_brand?post=1023074"},{"taxonomy":"product_cat","embeddable":true,"href":"https:\/\/stoic-curie.212-227-153-4.plesk.page\/de\/wp-json\/wp\/v2\/product_cat?post=1023074"},{"taxonomy":"product_tag","embeddable":true,"href":"https:\/\/stoic-curie.212-227-153-4.plesk.page\/de\/wp-json\/wp\/v2\/product_tag?post=1023074"}],"curies":[{"name":"wp","href":"https:\/\/api.w.org\/{rel}","templated":true}]}}