{"id":1023076,"date":"2025-04-08T15:55:19","date_gmt":"2025-04-08T19:55:19","guid":{"rendered":"https:\/\/stoic-curie.212-227-153-4.plesk.page\/product\/satz-2-propeller-solas-duoprop-b6\/"},"modified":"2026-02-24T23:35:26","modified_gmt":"2026-02-24T23:35:26","slug":"satz-2-propeller-solas-duoprop-b6","status":"publish","type":"product","link":"https:\/\/stoic-curie.212-227-153-4.plesk.page\/de\/product\/satz-2-propeller-solas-duoprop-b6\/","title":{"rendered":"Satz 2 Propeller Solas Duoprop B6"},"content":{"rendered":"<p>Satz 2 Propeller Solas Duoprop B6 &#8211; <\/p>\n<p style=\"color: rgb(34, 34, 34); font-family: Arial, Helvetica, sans-serif; font-size: small;\">Solas Duoprop B6 Aluminium-Propellerset f\u00fcr Volvo Penta 280 und 290DP (Benzin)<\/p>\n<ul style=\"color: rgb(34, 34, 34); font-family: Arial, Helvetica, sans-serif; font-size: small;\">\n<li>Vorderpropeller: 3-Blatt<\/li>\n<li>Hinterpropeller: 4-Blatt<\/li>\n<\/ul>\n<p style=\"color: rgb(34, 34, 34); font-family: Arial, Helvetica, sans-serif; font-size: small;\">Die SOLAS Duo-Propeller verf\u00fcgen \u00fcber ein hoch gebogenes Blattdesign mit einer Cupping-Technologie, die hervorragenden Heckauftrieb und Beschleunigung bietet. Diese Zubeh\u00f6r-Duo-Style-Propeller sind eine Ersatzoption f\u00fcr Volvo Penta Duo-Transmissionssysteme. Bitte beachten Sie jedoch, dass die Propellerlast und die Motorumdrehungen von Solas-Propellern von denen der Originalger\u00e4tehersteller (OEM) abweichen k\u00f6nnen. (Diese Gr\u00f6\u00dfeninformationen stammen direkt aus dem Solas-Katalog 2013.) Die Installation von Solas Zubeh\u00f6r-Duo-Style-Propellern kann spezielle Werkzeuge und OEM-Hardware erfordern. Stellen Sie sicher, dass Sie Ihr OEM-Handbuch f\u00fcr die ordnungsgem\u00e4\u00dfe Installation und Drehmoment-Spezifikationen konsultieren.<\/p>\n<p style=\"color: rgb(34, 34, 34); font-family: Arial, Helvetica, sans-serif; font-size: small;\">Die SOLAS Aluminium Duo-Prop B-Serie Propeller sind f\u00fcr Benzinmotoren konzipiert. Die Kombination aus einem 3-Blatt-Vorderpropeller und einem 4-Blatt-Hinterpropeller bietet au\u00dfergew\u00f6hnlichen Grip im Wasser.<\/p>\n<p style=\"color: rgb(34, 34, 34); font-family: Arial, Helvetica, sans-serif; font-size: small;\">Solas-Propeller werden mit einem fortschrittlichen Druckgussverfahren hergestellt, das sie st\u00e4rker und langlebiger macht als herk\u00f6mmliche Druckgussprodukte. Diese Methode f\u00fchrt zu einem nahezu porenfreien Propeller mit einer feiner strukturierten Oberfl\u00e4che. Au\u00dferdem sind Solas Aluminium-Propeller mit vier Farbschichten beschichtet, die hochwertige Beschichtungen und einen ausgekl\u00fcgelten Malprozess nutzen, um eine hervorragende Korrosionsbest\u00e4ndigkeit zu gew\u00e4hrleisten. Jeder Propeller wird \u00fcber 500 Stunden in einem Salzspr\u00fchnebel-Testtank getestet, was mehr als sechs Monate typischen Salzwassereinsatz simuliert.<\/p>\n<p style=\"color: rgb(34, 34, 34); font-family: Arial, Helvetica, sans-serif; font-size: small;\"><strong>Hinweis:<\/strong>\u00a0F\u00fcr Motoren, die Geschwindigkeiten \u00fcber 35 Knoten \u00fcberschreiten, wird der Edelstahltyp-C-Propeller empfohlen.<\/p>\n","protected":false},"excerpt":{"rendered":"<p>Satz 2 Propeller Solas Duoprop B6 &#8211; Solas Duoprop B6 Aluminium-Propellerset f\u00fcr Volvo Penta 280 und 290DP (Benzin) Vorderpropeller: 3-Blatt<\/p>\n","protected":false},"featured_media":5948309,"comment_status":"closed","ping_status":"closed","template":"","meta":[],"product_brand":[3410],"product_cat":[1542],"product_tag":[],"class_list":{"0":"post-1023076","1":"product","2":"type-product","3":"status-publish","4":"has-post-thumbnail","6":"product_brand-solas-de","7":"product_cat-marine-ersatzteile-fuer-volvo-penta","9":"first","10":"instock","11":"shipping-taxable","12":"purchasable","13":"product-type-simple"},"_links":{"self":[{"href":"https:\/\/stoic-curie.212-227-153-4.plesk.page\/de\/wp-json\/wp\/v2\/product\/1023076","targetHints":{"allow":["GET"]}}],"collection":[{"href":"https:\/\/stoic-curie.212-227-153-4.plesk.page\/de\/wp-json\/wp\/v2\/product"}],"about":[{"href":"https:\/\/stoic-curie.212-227-153-4.plesk.page\/de\/wp-json\/wp\/v2\/types\/product"}],"replies":[{"embeddable":true,"href":"https:\/\/stoic-curie.212-227-153-4.plesk.page\/de\/wp-json\/wp\/v2\/comments?post=1023076"}],"version-history":[{"count":0,"href":"https:\/\/stoic-curie.212-227-153-4.plesk.page\/de\/wp-json\/wp\/v2\/product\/1023076\/revisions"}],"wp:featuredmedia":[{"embeddable":true,"href":"https:\/\/stoic-curie.212-227-153-4.plesk.page\/de\/wp-json\/wp\/v2\/media\/5948309"}],"wp:attachment":[{"href":"https:\/\/stoic-curie.212-227-153-4.plesk.page\/de\/wp-json\/wp\/v2\/media?parent=1023076"}],"wp:term":[{"taxonomy":"product_brand","embeddable":true,"href":"https:\/\/stoic-curie.212-227-153-4.plesk.page\/de\/wp-json\/wp\/v2\/product_brand?post=1023076"},{"taxonomy":"product_cat","embeddable":true,"href":"https:\/\/stoic-curie.212-227-153-4.plesk.page\/de\/wp-json\/wp\/v2\/product_cat?post=1023076"},{"taxonomy":"product_tag","embeddable":true,"href":"https:\/\/stoic-curie.212-227-153-4.plesk.page\/de\/wp-json\/wp\/v2\/product_tag?post=1023076"}],"curies":[{"name":"wp","href":"https:\/\/api.w.org\/{rel}","templated":true}]}}