{"id":1023077,"date":"2025-04-08T15:55:19","date_gmt":"2025-04-08T19:55:19","guid":{"rendered":"https:\/\/stoic-curie.212-227-153-4.plesk.page\/product\/ersatzgetriebe-fuer-vetus-60-2\/"},"modified":"2026-02-24T23:35:26","modified_gmt":"2026-02-24T23:35:26","slug":"ersatzgetriebe-fuer-vetus-60-2","status":"publish","type":"product","link":"https:\/\/stoic-curie.212-227-153-4.plesk.page\/de\/product\/ersatzgetriebe-fuer-vetus-60-2\/","title":{"rendered":"Ersatzgetriebe f\u00fcr Vetus 60kgf"},"content":{"rendered":"<p>Ersatzgetriebe f\u00fcr Vetus 60kgf &#8211; <\/p>\n<p style=\"color: rgb(34, 34, 34); font-family: Arial, Helvetica, sans-serif; font-size: small;\">Dies ist ein kompletter Ersatzantrieb f\u00fcr das Untergestell, der speziell f\u00fcr die Modelle Vetus BOW6012D und BOW5524D entwickelt wurde. Er dient als Ersatzteil f\u00fcr Vetus Bugpropeller (Bugstrahlruder). Wenn Ihr Modell vor 2019 hergestellt wurde, \u00fcberpr\u00fcfen Sie bitte das Typenschild des Motors, um sicherzustellen, dass es kompatibel ist, bevor Sie Ihren Kauf t\u00e4tigen.<\/p>\n<p style=\"color: rgb(34, 34, 34); font-family: Arial, Helvetica, sans-serif; font-size: small;\">Dieses Kit enth\u00e4lt:<\/p>\n<ul style=\"color: rgb(34, 34, 34); font-family: Arial, Helvetica, sans-serif; font-size: small; \">\n<li>Ein komplettes Untergestell mit Zahnradantrieb<\/li>\n<li>Tunnel-Dichtungsring<\/li>\n<li>Untergestellkeil und Dichtungen<\/li>\n<li>Befestigungsschrauben (M8x40 DIN84) mit Federunterlagen<\/li>\n<li>Antriebsstift (5mm x 27.5mm)<\/li>\n<li>Anode (vorinstalliert)<\/li>\n<\/ul>\n","protected":false},"excerpt":{"rendered":"<p>Ersatzgetriebe f\u00fcr Vetus 60kgf &#8211; Dies ist ein kompletter Ersatzantrieb f\u00fcr das Untergestell, der speziell f\u00fcr die Modelle Vetus BOW6012D<\/p>\n","protected":false},"featured_media":5945846,"comment_status":"closed","ping_status":"closed","template":"","meta":[],"product_brand":[3520],"product_cat":[1322],"product_tag":[],"class_list":{"0":"post-1023077","1":"product","2":"type-product","3":"status-publish","4":"has-post-thumbnail","6":"product_brand-vetus-de","7":"product_cat-bugstrahlruder-vetus","9":"first","10":"instock","11":"shipping-taxable","12":"purchasable","13":"product-type-simple"},"_links":{"self":[{"href":"https:\/\/stoic-curie.212-227-153-4.plesk.page\/de\/wp-json\/wp\/v2\/product\/1023077","targetHints":{"allow":["GET"]}}],"collection":[{"href":"https:\/\/stoic-curie.212-227-153-4.plesk.page\/de\/wp-json\/wp\/v2\/product"}],"about":[{"href":"https:\/\/stoic-curie.212-227-153-4.plesk.page\/de\/wp-json\/wp\/v2\/types\/product"}],"replies":[{"embeddable":true,"href":"https:\/\/stoic-curie.212-227-153-4.plesk.page\/de\/wp-json\/wp\/v2\/comments?post=1023077"}],"version-history":[{"count":0,"href":"https:\/\/stoic-curie.212-227-153-4.plesk.page\/de\/wp-json\/wp\/v2\/product\/1023077\/revisions"}],"wp:featuredmedia":[{"embeddable":true,"href":"https:\/\/stoic-curie.212-227-153-4.plesk.page\/de\/wp-json\/wp\/v2\/media\/5945846"}],"wp:attachment":[{"href":"https:\/\/stoic-curie.212-227-153-4.plesk.page\/de\/wp-json\/wp\/v2\/media?parent=1023077"}],"wp:term":[{"taxonomy":"product_brand","embeddable":true,"href":"https:\/\/stoic-curie.212-227-153-4.plesk.page\/de\/wp-json\/wp\/v2\/product_brand?post=1023077"},{"taxonomy":"product_cat","embeddable":true,"href":"https:\/\/stoic-curie.212-227-153-4.plesk.page\/de\/wp-json\/wp\/v2\/product_cat?post=1023077"},{"taxonomy":"product_tag","embeddable":true,"href":"https:\/\/stoic-curie.212-227-153-4.plesk.page\/de\/wp-json\/wp\/v2\/product_tag?post=1023077"}],"curies":[{"name":"wp","href":"https:\/\/api.w.org\/{rel}","templated":true}]}}