{"id":1227233,"date":"2025-04-22T16:27:11","date_gmt":"2025-04-22T20:27:11","guid":{"rendered":"https:\/\/stoic-curie.212-227-153-4.plesk.page\/product\/outboard-unterstuetzung-th-marine-z-lock-jpz-6-dp-152mm\/"},"modified":"2026-02-24T23:35:26","modified_gmt":"2026-02-24T23:35:26","slug":"outboard-unterstuetzung-th-marine-z-lock-jpz-6-dp-152mm","status":"publish","type":"product","link":"https:\/\/stoic-curie.212-227-153-4.plesk.page\/de\/product\/outboard-unterstuetzung-th-marine-z-lock-jpz-6-dp-152mm\/","title":{"rendered":"OutBoard Unterst\u00fctzung TH Marine Z-LOCK JPZ-6-DP 152mm"},"content":{"rendered":"<p>OutBoard Unterst\u00fctzung TH Marine Z-LOCK JPZ-6-DP 152mm &#8211; <\/p>\n<p style=\"color: rgb(34, 34, 34); font-family: Arial, Helvetica, sans-serif; font-size: small;\">Wir pr\u00e4sentieren die Z-Lock Manuell-Jackplatten, die speziell f\u00fcr V6- und V8-Au\u00dfenbordmotoren mit einer Leistungsbewertung von bis zu 300 PS entwickelt wurden. Hergestellt aus 12,7 mm dickem 6061-T6-Aluminium bieten diese Jackplatten au\u00dfergew\u00f6hnliche St\u00e4rke und Haltbarkeit. Das einzigartige Z-Lock-Design verhindert seitliches Gleiten und gew\u00e4hrleistet Stabilit\u00e4t und Sicherheit w\u00e4hrend des Betriebs. Mit 127 mm vertikaler Verstellung und einem R\u00fcckstand, der je nach Modell 102 bis 203 mm betr\u00e4gt, sind diese Platten einfach mit einem einzelnen zentralen Bolzen von oben zu verstellen. Die Z-Lock Jack Plate von T-H Marine ist perfekt, um die Leistung Ihres Bootes mit Einfachheit und Effizienz zu verbessern.<\/p>\n<p style=\"color: rgb(34, 34, 34); font-family: Arial, Helvetica, sans-serif; font-size: small;\">Hauptmerkmale:<\/p>\n<ul style=\"color: rgb(34, 34, 34); font-family: Arial, Helvetica, sans-serif; font-size: small;\">\n<li>Z-Lock\u2122 Design: Beseitigt effektiv seitliches Gleiten.<\/li>\n<li>Starke Konstruktion: Hergestellt aus luftfahrtgeeignetem Aluminium mit einer vollen Dicke von 1\/2&#8243; f\u00fcr zus\u00e4tzliche St\u00e4rke.<\/li>\n<li>Vielseitige R\u00fcckst\u00e4nde: Erh\u00e4ltlich in f\u00fcnf Optionen (4&#8243;, 6&#8243;, 8&#8243;, 10&#8243; und 12&#8243;) mit 5&#8243; vertikaler Verstellung.<\/li>\n<li>Einfache Anpassung: Entworfen f\u00fcr bequeme Anpassungen von oben an der Jacke.<\/li>\n<li>Kompatibel: Geeignet f\u00fcr alle V6- und V8-Au\u00dfenbordmotoren bis zu 300 PS.<\/li>\n<\/ul>\n<p style=\"color: rgb(34, 34, 34); font-family: Arial, Helvetica, sans-serif; font-size: small;\">Spezifikationen:<\/p>\n<ul style=\"color: rgb(34, 34, 34); font-family: Arial, Helvetica, sans-serif; font-size: small;\">\n<li>Material: 1\/2&#8243; luftfahrtgeeignetes Aluminium<\/li>\n<li>Motorbewertung: V6- und V8-Au\u00dfenbordmotoren bis zu 300 PS<\/li>\n<li>Verf\u00fcgbare R\u00fcckst\u00e4nde: 4&#8243;, 6&#8243;, 8&#8243;, 10&#8243; und 12&#8243;<\/li>\n<li>Vertikale Verstellung: 5&#8243;<\/li>\n<\/ul>\n<p style=\"color: rgb(34, 34, 34); font-family: Arial, Helvetica, sans-serif; font-size: small;\">Die Z-Lock Jack Plate ist eine ausgezeichnete Wahl f\u00fcr Bootsenthusiasten, die die Leistung ihres Fahrzeugs optimieren und gleichzeitig Zuverl\u00e4ssigkeit und Benutzerfreundlichkeit gew\u00e4hrleisten m\u00f6chten.<\/p>\n","protected":false},"excerpt":{"rendered":"<p>OutBoard Unterst\u00fctzung TH Marine Z-LOCK JPZ-6-DP 152mm &#8211; Wir pr\u00e4sentieren die Z-Lock Manuell-Jackplatten, die speziell f\u00fcr V6- und V8-Au\u00dfenbordmotoren mit<\/p>\n","protected":false},"featured_media":5949172,"comment_status":"closed","ping_status":"closed","template":"","meta":[],"product_brand":[3205],"product_cat":[1540],"product_tag":[],"class_list":{"0":"post-1227233","1":"product","2":"type-product","3":"status-publish","4":"has-post-thumbnail","6":"product_brand-nova-argonautica-de","7":"product_cat-zubehoer-fuer-aussenborder","9":"first","10":"instock","11":"shipping-taxable","12":"purchasable","13":"product-type-simple"},"_links":{"self":[{"href":"https:\/\/stoic-curie.212-227-153-4.plesk.page\/de\/wp-json\/wp\/v2\/product\/1227233","targetHints":{"allow":["GET"]}}],"collection":[{"href":"https:\/\/stoic-curie.212-227-153-4.plesk.page\/de\/wp-json\/wp\/v2\/product"}],"about":[{"href":"https:\/\/stoic-curie.212-227-153-4.plesk.page\/de\/wp-json\/wp\/v2\/types\/product"}],"replies":[{"embeddable":true,"href":"https:\/\/stoic-curie.212-227-153-4.plesk.page\/de\/wp-json\/wp\/v2\/comments?post=1227233"}],"version-history":[{"count":0,"href":"https:\/\/stoic-curie.212-227-153-4.plesk.page\/de\/wp-json\/wp\/v2\/product\/1227233\/revisions"}],"wp:featuredmedia":[{"embeddable":true,"href":"https:\/\/stoic-curie.212-227-153-4.plesk.page\/de\/wp-json\/wp\/v2\/media\/5949172"}],"wp:attachment":[{"href":"https:\/\/stoic-curie.212-227-153-4.plesk.page\/de\/wp-json\/wp\/v2\/media?parent=1227233"}],"wp:term":[{"taxonomy":"product_brand","embeddable":true,"href":"https:\/\/stoic-curie.212-227-153-4.plesk.page\/de\/wp-json\/wp\/v2\/product_brand?post=1227233"},{"taxonomy":"product_cat","embeddable":true,"href":"https:\/\/stoic-curie.212-227-153-4.plesk.page\/de\/wp-json\/wp\/v2\/product_cat?post=1227233"},{"taxonomy":"product_tag","embeddable":true,"href":"https:\/\/stoic-curie.212-227-153-4.plesk.page\/de\/wp-json\/wp\/v2\/product_tag?post=1227233"}],"curies":[{"name":"wp","href":"https:\/\/api.w.org\/{rel}","templated":true}]}}