{"id":1227236,"date":"2025-04-22T16:27:11","date_gmt":"2025-04-22T20:27:11","guid":{"rendered":"https:\/\/stoic-curie.212-227-153-4.plesk.page\/product\/dinghy-eurovinil-modell-aufblasbar-plus-180\/"},"modified":"2026-02-24T23:35:26","modified_gmt":"2026-02-24T23:35:26","slug":"dinghy-eurovinil-modell-aufblasbar-plus-180","status":"publish","type":"product","link":"https:\/\/stoic-curie.212-227-153-4.plesk.page\/de\/product\/dinghy-eurovinil-modell-aufblasbar-plus-180\/","title":{"rendered":"Dinghy Eurovinil Modell: Aufblasbar Plus 180"},"content":{"rendered":"<p>Dinghy Eurovinil Modell: Aufblasbar Plus 180 &#8211; <\/p>\n<p>Wir pr\u00e4sentieren Ihnen unser Tender, gefertigt aus hochfestem 1100D-Gewebe mit einer hitzeverschwei\u00dften PVC-Beschichtung. Dieses Modell verf\u00fcgt \u00fcber einen einzigartigen aufblasbaren V-Kiel aus DropStitch-Gewebe und einen Airmat-Boden, der hervorragende Steifigkeit, Abriebfestigkeit und Stabilit\u00e4t beim Fahren garantiert.<\/p>\n<p>Das Tender ist mit gro\u00dfen R\u00f6hren und einer spritzwasserabweisenden Reibungsleiste ausgestattet, was das Entleeren und die Lagerung in einem Schrank erleichtert.<\/p>\n<p>Zu Ihrem Kauf erhalten Sie eine Pumpe, einen Reparatur-Kit, Ruder, eine Bank, Moorseil und eine Tragetasche. Diese aufblasbare Reihe ist der Bestseller von Eurovinil und zeigt ihre umfangreiche Erfahrung im Bereich der pneumatischen Boote. Es verf\u00fcgt \u00fcber einen aufblasbaren \u201eV\u201c-Kiel und ein spezielles \u201eAirmat\u201c-Dunnage, das mit DropStitch-Gewebe hergestellt ist und au\u00dfergew\u00f6hnliche Steifigkeit sowie Widerstandsf\u00e4higkeit gegen Durchstich und Abnutzung bietet.<\/p>\n<p>Der standardm\u00e4\u00dfige Schlittenb\u00e4nke erm\u00f6glicht es jedem Benutzer, seine bevorzugte Position zu finden, was das Einsteigen in das Tender in jeder Situation und mit jeder Beladung erleichtert. Zus\u00e4tzlich verhindert der Spritzschutzfl\u00fcgel, dass Wasser in die tubularen Strukturen eindringt, selbst wenn sie voll beladen sind.<\/p>\n<p>Dieses Tender kann problemlos entleert und in einem Schrank aufbewahrt, kopf\u00fcber auf dem Vorschiff oder dem Br\u00fcckendach abgelegt oder an den Heckdavits befestigt werden. Sein kompaktes Design erm\u00f6glicht eine bequeme Lagerung \u00fcberall an Bord, sodass der Komfort eines Tenders geboten wird, ohne den Wohnraum zu opfern. Die Reihe umfasst sechs verschiedene L\u00e4ngen, um verschiedenen Bed\u00fcrfnissen gerecht zu werden.<\/p>\n<p><strong>Eurovinil Inflatable Plus Spezifikationen:<\/strong><\/p>\n<table>\n<thead>\n<tr>\n<th>Modell<\/th>\n<th>Gesamtl\u00e4nge (cm)<\/th>\n<th>Gesamtbreite (cm)<\/th>\n<th>Innenl\u00e4nge (cm)<\/th>\n<th>Innenbreite (cm)<\/th>\n<th>Bugh\u00f6he (cm)<\/th>\n<th>Heckh\u00f6he (cm)<\/th>\n<th>Durchmesser der R\u00f6hrenstrukturen (cm)<\/th>\n<th>Anzahl der Personen<\/th>\n<th>Anzahl der R\u00e4ume<\/th>\n<th>Gewicht (kg)<\/th>\n<th>Maximalleistung (HP)<\/th>\n<th>Welle<\/th>\n<th>Ma\u00df im zusammengerollten Zustand (cm)<\/th>\n<\/tr>\n<\/thead>\n<tbody>\n<tr>\n<td>PLUS 160<\/td>\n<td>160<\/td>\n<td>118<\/td>\n<td>98<\/td>\n<td>54<\/td>\n<td>54<\/td>\n<td>32<\/td>\n<td>32<\/td>\n<td>1<\/td>\n<td>4<\/td>\n<td>14<\/td>\n<td>2.5<\/td>\n<td>Kurz<\/td>\n<td>60 x 40 x 50<\/td>\n<\/tr>\n<tr>\n<td>PLUS 180<\/td>\n<td>180<\/td>\n<td>129<\/td>\n<td>117<\/td>\n<td>56<\/td>\n<td>54<\/td>\n<td>32<\/td>\n<td>32<\/td>\n<td>2<\/td>\n<td>4<\/td>\n<td>15.5<\/td>\n<td>2.5<\/td>\n<td>Kurz<\/td>\n<td>70 x 40 x 50<\/td>\n<\/tr>\n<tr>\n<td>PLUS 200<\/td>\n<td>200<\/td>\n<td>129<\/td>\n<td>130<\/td>\n<td>63<\/td>\n<td>54<\/td>\n<td>34<\/td>\n<td>34<\/td>\n<td>3<\/td>\n<td>4<\/td>\n<td>17<\/td>\n<td>3.5<\/td>\n<td>Kurz<\/td>\n<td>80 x 40 x 50<\/td>\n<\/tr>\n<tr>\n<td>PLUS 230<\/td>\n<td>230<\/td>\n<td>131<\/td>\n<td>157<\/td>\n<td>63<\/td>\n<td>54<\/td>\n<td>34<\/td>\n<td>34<\/td>\n<td>3<\/td>\n<td>4<\/td>\n<td>18<\/td>\n<td>4.5<\/td>\n<td>Kurz<\/td>\n<td>80 x 40 x 50<\/td>\n<\/tr>\n<tr>\n<td>PLUS 250<\/td>\n<td>250<\/td>\n<td>131<\/td>\n<td>177<\/td>\n<td>67<\/td>\n<td>57<\/td>\n<td>34<\/td>\n<td>34<\/td>\n<td>4<\/td>\n<td>4<\/td>\n<td>23<\/td>\n<td>5.5<\/td>\n<td>Kurz<\/td>\n<td>85 x 40 x 50<\/td>\n<\/tr>\n<tr>\n<td>PLUS 270<\/td>\n<td>270<\/td>\n<td>135<\/td>\n<td>193<\/td>\n<td>67<\/td>\n<td>57<\/td>\n<td>34<\/td>\n<td>34<\/td>\n<td>4<\/td>\n<td>4<\/td>\n<td>28<\/td>\n<td>5.5<\/td>\n<td>Kurz<\/td>\n<td>90 x 40 x 50<\/td>\n<\/tr>\n<\/tbody>\n<\/table>\n<p>Wir laden Sie ein, unsere Tender-Linie zu erkunden und die Qualit\u00e4t und Bequemlichkeit zu erleben, die sie f\u00fcr Ihre Bootsabenteuer bietet.<\/p>\n","protected":false},"excerpt":{"rendered":"<p>Dinghy Eurovinil Modell: Aufblasbar Plus 180 &#8211; Wir pr\u00e4sentieren Ihnen unser Tender, gefertigt aus hochfestem 1100D-Gewebe mit einer hitzeverschwei\u00dften PVC-Beschichtung.<\/p>\n","protected":false},"featured_media":5937418,"comment_status":"closed","ping_status":"closed","template":"","meta":[],"product_brand":[2925],"product_cat":[1546],"product_tag":[],"class_list":{"0":"post-1227236","1":"product","2":"type-product","3":"status-publish","4":"has-post-thumbnail","6":"product_brand-eurovinil-de","7":"product_cat-schlauchboote-und-beiboote","9":"first","10":"instock","11":"shipping-taxable","12":"purchasable","13":"product-type-simple"},"_links":{"self":[{"href":"https:\/\/stoic-curie.212-227-153-4.plesk.page\/de\/wp-json\/wp\/v2\/product\/1227236","targetHints":{"allow":["GET"]}}],"collection":[{"href":"https:\/\/stoic-curie.212-227-153-4.plesk.page\/de\/wp-json\/wp\/v2\/product"}],"about":[{"href":"https:\/\/stoic-curie.212-227-153-4.plesk.page\/de\/wp-json\/wp\/v2\/types\/product"}],"replies":[{"embeddable":true,"href":"https:\/\/stoic-curie.212-227-153-4.plesk.page\/de\/wp-json\/wp\/v2\/comments?post=1227236"}],"version-history":[{"count":0,"href":"https:\/\/stoic-curie.212-227-153-4.plesk.page\/de\/wp-json\/wp\/v2\/product\/1227236\/revisions"}],"wp:featuredmedia":[{"embeddable":true,"href":"https:\/\/stoic-curie.212-227-153-4.plesk.page\/de\/wp-json\/wp\/v2\/media\/5937418"}],"wp:attachment":[{"href":"https:\/\/stoic-curie.212-227-153-4.plesk.page\/de\/wp-json\/wp\/v2\/media?parent=1227236"}],"wp:term":[{"taxonomy":"product_brand","embeddable":true,"href":"https:\/\/stoic-curie.212-227-153-4.plesk.page\/de\/wp-json\/wp\/v2\/product_brand?post=1227236"},{"taxonomy":"product_cat","embeddable":true,"href":"https:\/\/stoic-curie.212-227-153-4.plesk.page\/de\/wp-json\/wp\/v2\/product_cat?post=1227236"},{"taxonomy":"product_tag","embeddable":true,"href":"https:\/\/stoic-curie.212-227-153-4.plesk.page\/de\/wp-json\/wp\/v2\/product_tag?post=1227236"}],"curies":[{"name":"wp","href":"https:\/\/api.w.org\/{rel}","templated":true}]}}