{"id":1389696,"date":"2025-05-12T12:28:24","date_gmt":"2025-05-12T16:28:24","guid":{"rendered":"https:\/\/stoic-curie.212-227-153-4.plesk.page\/product\/dometic-smartstart-iii\/"},"modified":"2026-02-24T23:35:26","modified_gmt":"2026-02-24T23:35:26","slug":"dometic-smartstart-iii","status":"publish","type":"product","link":"https:\/\/stoic-curie.212-227-153-4.plesk.page\/de\/product\/dometic-smartstart-iii\/","title":{"rendered":"Dometic SmartStart III"},"content":{"rendered":"<p>Dometic SmartStart III &#8211; <\/p>\n<p style=\"color: rgb(34, 34, 34); font-family: Arial, Helvetica, sans-serif; font-size: small;\"><strong>Dometic SmartStart III Schutz<\/strong><\/p>\n<p style=\"color: rgb(34, 34, 34); font-family: Arial, Helvetica, sans-serif; font-size: small;\">Der Dometic SmartStart III wurde entwickelt, um Ihr elektrisches System vor Spannungsspitzen und -abf\u00e4llen zu sch\u00fctzen, die beim Start Ihres Klimasystems auftreten k\u00f6nnen. Er wird f\u00fcr Systeme mit einer Kapazit\u00e4t von 30.000 bis 85.000 BTU\/h empfohlen.<\/p>\n<p style=\"color: rgb(34, 34, 34); font-family: Arial, Helvetica, sans-serif; font-size: small;\"><strong>Sanftstarter f\u00fcr Marine-Klimaanlagen<\/strong><\/p>\n<p style=\"color: rgb(34, 34, 34); font-family: Arial, Helvetica, sans-serif; font-size: small;\">Dieser Sanftstarter ist wasserabweisend und hilft, Spannungsspitzen beim Start zu verhindern, wodurch das Risiko von Stromausf\u00e4llen verringert wird. Er sorgt f\u00fcr einen reibungslosen Start der Klimaanlage, selbst an Orten mit minderwertigem elektrischem Schutz.<\/p>\n<p style=\"color: rgb(34, 34, 34); font-family: Arial, Helvetica, sans-serif; font-size: small;\">Der SmartStart III minimiert die pl\u00f6tzlichen hohen Anlaufstr\u00f6me, die auftreten k\u00f6nnen, wenn die Klimaanlage aktiviert wird. Diese Funktion hilft, eine stabile Bordwechselspannung von 230 V aufrechtzuerhalten. Mit dem SmartStart III kann Ihr Klimasystem problemlos starten, selbst wenn es an ein schwach abgesichertes AC-Netz, wie zum Beispiel in einer Marina, angeschlossen ist.<\/p>\n<p style=\"color: rgb(34, 34, 34); font-family: Arial, Helvetica, sans-serif; font-size: small;\">Der SmartStart III kann die Anlaufstr\u00f6me um bis zu 65% reduzieren und ist f\u00fcr Klimaanlagen mit einer Kapazit\u00e4t von 12.000 bis 30.000 BTU\/h geeignet. Eine kleine rote LED-Anzeige zeigt den Betriebsstatus an und signalisiert St\u00f6rungen durch unterschiedliche Blinkmuster. Die Betriebsspannung betr\u00e4gt 230 V bei 50\/60 Hz, mit einer maximalen Vollast von 16 A.<\/p>\n<p style=\"color: rgb(34, 34, 34); font-family: Arial, Helvetica, sans-serif; font-size: small;\"><strong>LED-Leistungsanzeige<\/strong><\/p>\n<ul style=\"color: rgb(34, 34, 34); font-family: Arial, Helvetica, sans-serif; font-size: small;\">\n<li>Schnelles Blinken (10 Mal pro Sekunde) = Unterspannung<\/li>\n<li>Drei Blitze alle drei Sekunden = Abschaltung nach drei Fehlstarts des Klimasystems<\/li>\n<li>Langsame Blitze (einmal alle drei Sekunden) = Abschaltung wegen \u00dcberstrom<\/li>\n<li>Langsame kontinuierliche Blitze (einmal pro Sekunde) = Verz\u00f6gerungs- oder Fehlerstatus<\/li>\n<\/ul>\n<p style=\"color: rgb(34, 34, 34); font-family: Arial, Helvetica, sans-serif; font-size: small;\"><strong>Wichtige Hinweise<\/strong><\/p>\n<p style=\"color: rgb(34, 34, 34); font-family: Arial, Helvetica, sans-serif; font-size: small;\">Bitte warten Sie nach der Trennung von der 230 V AC-Spannung zwei Minuten, damit sich der Kondensator entladen kann, bevor Sie an den Anschlussleitungen der Klimaanlage arbeiten. Es ist wichtig, das Ger\u00e4t in einer trockenen Umgebung zu installieren, da der Kontakt mit Wasser zu Brandgefahren f\u00fchren kann.<\/p>\n","protected":false},"excerpt":{"rendered":"<p>Dometic SmartStart III &#8211; Dometic SmartStart III Schutz Der Dometic SmartStart III wurde entwickelt, um Ihr elektrisches System vor Spannungsspitzen<\/p>\n","protected":false},"featured_media":5949177,"comment_status":"closed","ping_status":"closed","template":"","meta":[],"product_brand":[2895],"product_cat":[1360],"product_tag":[],"class_list":{"0":"post-1389696","1":"product","2":"type-product","3":"status-publish","4":"has-post-thumbnail","6":"product_brand-dometic-de","7":"product_cat-kuechengeraete","9":"first","10":"outofstock","11":"shipping-taxable","12":"purchasable","13":"product-type-simple"},"_links":{"self":[{"href":"https:\/\/stoic-curie.212-227-153-4.plesk.page\/de\/wp-json\/wp\/v2\/product\/1389696","targetHints":{"allow":["GET"]}}],"collection":[{"href":"https:\/\/stoic-curie.212-227-153-4.plesk.page\/de\/wp-json\/wp\/v2\/product"}],"about":[{"href":"https:\/\/stoic-curie.212-227-153-4.plesk.page\/de\/wp-json\/wp\/v2\/types\/product"}],"replies":[{"embeddable":true,"href":"https:\/\/stoic-curie.212-227-153-4.plesk.page\/de\/wp-json\/wp\/v2\/comments?post=1389696"}],"version-history":[{"count":0,"href":"https:\/\/stoic-curie.212-227-153-4.plesk.page\/de\/wp-json\/wp\/v2\/product\/1389696\/revisions"}],"wp:featuredmedia":[{"embeddable":true,"href":"https:\/\/stoic-curie.212-227-153-4.plesk.page\/de\/wp-json\/wp\/v2\/media\/5949177"}],"wp:attachment":[{"href":"https:\/\/stoic-curie.212-227-153-4.plesk.page\/de\/wp-json\/wp\/v2\/media?parent=1389696"}],"wp:term":[{"taxonomy":"product_brand","embeddable":true,"href":"https:\/\/stoic-curie.212-227-153-4.plesk.page\/de\/wp-json\/wp\/v2\/product_brand?post=1389696"},{"taxonomy":"product_cat","embeddable":true,"href":"https:\/\/stoic-curie.212-227-153-4.plesk.page\/de\/wp-json\/wp\/v2\/product_cat?post=1389696"},{"taxonomy":"product_tag","embeddable":true,"href":"https:\/\/stoic-curie.212-227-153-4.plesk.page\/de\/wp-json\/wp\/v2\/product_tag?post=1389696"}],"curies":[{"name":"wp","href":"https:\/\/api.w.org\/{rel}","templated":true}]}}