{"id":1389703,"date":"2025-05-12T12:28:24","date_gmt":"2025-05-12T16:28:24","guid":{"rendered":"https:\/\/stoic-curie.212-227-153-4.plesk.page\/product\/ersatz-wasserpumpe-dometic-pma1000c\/"},"modified":"2026-02-24T23:35:26","modified_gmt":"2026-02-24T23:35:26","slug":"ersatz-wasserpumpe-dometic-pma1000c","status":"publish","type":"product","link":"https:\/\/stoic-curie.212-227-153-4.plesk.page\/de\/product\/ersatz-wasserpumpe-dometic-pma1000c\/","title":{"rendered":"Ersatz-Wasserpumpe Dometic PMA1000C"},"content":{"rendered":"<p>Ersatz-Wasserpumpe Dometic PMA1000C &#8211; <\/p>\n<p style=\"color: rgb(34, 34, 34); font-family: Arial, Helvetica, sans-serif; font-size: small;\"><strong>PMA1000C-Pumpe<\/strong>: Dies ist eine Einzelpumpe, die f\u00fcr Klimaanlagen mit zwei oder mehr Einheiten und einer Gesamtk\u00fchlleistung von \u00fcber 24.000 BTU\/h (k = x1000) konzipiert ist, wie zum Beispiel zwei T16-Einheiten. Die PMA1000C arbeitet bei 230V und 50-60 Hz mit einer F\u00f6rdermenge von 12 GPM.<\/p>\n<p style=\"color: rgb(34, 34, 34); font-family: Arial, Helvetica, sans-serif; font-size: small;\">Die Dometic Reliable Schwerlast-Zentrifugalpumpe sorgt f\u00fcr einen konstanten Durchfluss von K\u00fchlwasser im gesamten Klimaanlagensystem. Wir bieten eine Vielzahl von Pumpen und Motoren an, die f\u00fcr verschiedene Leistungsumgebungen geeignet sind und alle bei 230V und 50\/60Hz betrieben werden.<\/p>\n<p style=\"color: rgb(34, 34, 34); font-family: Arial, Helvetica, sans-serif; font-size: small;\"><strong>PML1000C-Pumpe<\/strong>: Dieses Modell verf\u00fcgt \u00fcber einen Magnetantrieb und hat eine F\u00f6rdermenge von 1000 GPH, die Systeme bis zu 48.000 BTU unterst\u00fctzt.<\/p>\n<p style=\"color: rgb(34, 34, 34); font-family: Arial, Helvetica, sans-serif; font-size: small;\">Die Dometic PML1000C \/ AC-5C-MD Serie 5 Pumpen sind Zentrifugalpumpen mit Magnetantrieb, das bedeutet, sie ben\u00f6tigen keine Wellenabdichtung. Alle Modelle sind einfach mit einem Schraubendreher wartbar. Die Modellabk\u00fcrzungen sind wie folgt: C steht f\u00fcr einen gewindebehafteten Einlass\/Auslass, A steht f\u00fcr einen glatten Einlass\/Auslass, und AC steht f\u00fcr luftgek\u00fchlt.<\/p>\n<p style=\"color: rgb(34, 34, 34); font-family: Arial, Helvetica, sans-serif; font-size: small;\"><strong>Betrieb<\/strong>:<\/p>\n<p style=\"color: rgb(34, 34, 34); font-family: Arial, Helvetica, sans-serif; font-size: small;\">Diese Pumpen sind nicht selbstansaugend und haben keinen Saugauftrieb, daher ben\u00f6tigen sie einen \u00fcberfluteten Sauganschluss, um effektiv zu arbeiten. Es ist wichtig zu beachten, dass die Pumpen nicht trocken betrieben werden d\u00fcrfen, da der Laufrad Fl\u00fcssigkeit zur Schmierung ben\u00f6tigt. Wenn Sie mit Fl\u00fcssigkeiten arbeiten, die eine spezifische Schwere gr\u00f6\u00dfer als Wasser, eine h\u00f6here Viskosit\u00e4t oder erh\u00f6hte Temperaturen aufweisen, kann ein angepasstes Laufrad erforderlich sein.<\/p>\n<p style=\"color: rgb(34, 34, 34); font-family: Arial, Helvetica, sans-serif; font-size: small;\"><strong>Elektrisch<\/strong>:<\/p>\n<p style=\"color: rgb(34, 34, 34); font-family: Arial, Helvetica, sans-serif; font-size: small;\">Dieses Modell arbeitet bei 230 Volt und wird mit einem 3 Fu\u00df (0,9 m) langen Kabel geliefert. Die Motoren sind U.L. gelistet und f\u00fcr den Dauerbetrieb geeignet.<\/p>\n<p style=\"color: rgb(34, 34, 34); font-family: Arial, Helvetica, sans-serif; font-size: small;\"><strong>Spezifikationen<\/strong>:<\/p>\n<ul style=\"color: rgb(34, 34, 34); font-family: Arial, Helvetica, sans-serif; font-size: small;\">\n<li>Durchflussrate: 1000 GPH<\/li>\n<li>Portgr\u00f6\u00dfe: 1&#8243; FPT Einlass und 1\/2&#8243; MPT Auslass<\/li>\n<li>Maximaler Druck: 50 PSI<\/li>\n<li>Maximale Fl\u00fcssigkeitstemperatur: 190\u00b0F<\/li>\n<li>Nennspannung: 230V, 50\/60 Hz<\/li>\n<li>Leistung: 1\/8<\/li>\n<\/ul>\n","protected":false},"excerpt":{"rendered":"<p>Ersatz-Wasserpumpe Dometic PMA1000C &#8211; PMA1000C-Pumpe: Dies ist eine Einzelpumpe, die f\u00fcr Klimaanlagen mit zwei oder mehr Einheiten und einer Gesamtk\u00fchlleistung<\/p>\n","protected":false},"featured_media":5949187,"comment_status":"closed","ping_status":"closed","template":"","meta":[],"product_brand":[2895],"product_cat":[1360],"product_tag":[],"class_list":{"0":"post-1389703","1":"product","2":"type-product","3":"status-publish","4":"has-post-thumbnail","6":"product_brand-dometic-de","7":"product_cat-kuechengeraete","9":"first","10":"outofstock","11":"shipping-taxable","12":"purchasable","13":"product-type-simple"},"_links":{"self":[{"href":"https:\/\/stoic-curie.212-227-153-4.plesk.page\/de\/wp-json\/wp\/v2\/product\/1389703","targetHints":{"allow":["GET"]}}],"collection":[{"href":"https:\/\/stoic-curie.212-227-153-4.plesk.page\/de\/wp-json\/wp\/v2\/product"}],"about":[{"href":"https:\/\/stoic-curie.212-227-153-4.plesk.page\/de\/wp-json\/wp\/v2\/types\/product"}],"replies":[{"embeddable":true,"href":"https:\/\/stoic-curie.212-227-153-4.plesk.page\/de\/wp-json\/wp\/v2\/comments?post=1389703"}],"version-history":[{"count":0,"href":"https:\/\/stoic-curie.212-227-153-4.plesk.page\/de\/wp-json\/wp\/v2\/product\/1389703\/revisions"}],"wp:featuredmedia":[{"embeddable":true,"href":"https:\/\/stoic-curie.212-227-153-4.plesk.page\/de\/wp-json\/wp\/v2\/media\/5949187"}],"wp:attachment":[{"href":"https:\/\/stoic-curie.212-227-153-4.plesk.page\/de\/wp-json\/wp\/v2\/media?parent=1389703"}],"wp:term":[{"taxonomy":"product_brand","embeddable":true,"href":"https:\/\/stoic-curie.212-227-153-4.plesk.page\/de\/wp-json\/wp\/v2\/product_brand?post=1389703"},{"taxonomy":"product_cat","embeddable":true,"href":"https:\/\/stoic-curie.212-227-153-4.plesk.page\/de\/wp-json\/wp\/v2\/product_cat?post=1389703"},{"taxonomy":"product_tag","embeddable":true,"href":"https:\/\/stoic-curie.212-227-153-4.plesk.page\/de\/wp-json\/wp\/v2\/product_tag?post=1389703"}],"curies":[{"name":"wp","href":"https:\/\/api.w.org\/{rel}","templated":true}]}}