{"id":1389709,"date":"2025-05-12T12:28:25","date_gmt":"2025-05-12T16:28:25","guid":{"rendered":"https:\/\/stoic-curie.212-227-153-4.plesk.page\/product\/dometic-mcs-t6-klimaanlage\/"},"modified":"2026-02-24T23:35:26","modified_gmt":"2026-02-24T23:35:26","slug":"dometic-mcs-t6-klimaanlage","status":"publish","type":"product","link":"https:\/\/stoic-curie.212-227-153-4.plesk.page\/de\/product\/dometic-mcs-t6-klimaanlage\/","title":{"rendered":"Dometic MCS T6 Klimaanlage"},"content":{"rendered":"<p>Dometic MCS T6 Klimaanlage &#8211; <\/p>\n<p>Pr\u00e4sentieren Sie das Marine Climate System, eine kompakte Einheit mit einer K\u00fchlkapazit\u00e4t von 6.000 BTU\/h (1.130 W), die Ihr Boot oder Ihre Yacht k\u00fchlen, heizen und entfeuchten kann. Dieses effiziente System erm\u00f6glicht es Ihnen, das ideale Klima an Bord zu schaffen. Das verbesserte Dometic MCS T enth\u00e4lt jetzt die preisgekr\u00f6nte DTU-Einheit, die Installation schnell, einfach und vielseitig macht.<\/p>\n<p>Mit einem drehbaren Gebl\u00e4se f\u00fcr eine angepasste Einrichtung, einer kompositen Ablaufwanne mit Schnellanschl\u00fcssen und \u00fcberlegener Vibrationsisolierung f\u00fcr einen leisen Betrieb bietet das MCS T echte OEM-Qualit\u00e4t in einem kompletten Kit. Alle notwendigen Komponenten und Montagematerialien sind im Paket enthalten. In drei Kapazit\u00e4ten erh\u00e4ltlich, die alle R410A-K\u00e4ltemittel verwenden, bieten diese Systeme effektiv klimatisierten Komfort f\u00fcr Kabinen verschiedener Gr\u00f6\u00dfen und Designs.<\/p>\n<p>Dieses montagefertige Kit f\u00fcr Dometic MCS-Marineklimaanlagen verf\u00fcgt \u00fcber einen Seewasserkreislauf und bietet K\u00fchl- und Heizfunktionen f\u00fcr eine einzelne Kabine oder zwei benachbarte Kabinen. Die kompakte Monoblock-Einheit enth\u00e4lt einen Kompressor, einen Kondensator, einen Verdampfer, einen einstellbaren Ventilator, eine Steuereinheit, ein Bedienfeld, eine Seewasserpumpe, einen Seewasserschlauch, Zuluft- und R\u00fcckluftgitter, einen Luftkanal, eine Durchgangsschiff mit Ventil und alle erforderlichen Anschl\u00fcsse.<\/p>\n<p>Stromversorgung: 220 V, geeignet f\u00fcr Landstrom oder Generatorbetrieb.<\/p>\n<ul>\n<li>K\u00fchlkapazit\u00e4t: 6.000 BTU\/h<\/li>\n<li>Heizkapazit\u00e4t: 1.750 W<\/li>\n<li>Stromverbrauch (bei 230 V): 890 W\/1.130 W<\/li>\n<\/ul>\n<p>Genie\u00dfen Sie zuverl\u00e4ssigen Komfort mit vielseitigen Funktionen: heizen, k\u00fchlen und entfeuchten. Dieses System ist f\u00fcr eine schnelle und einfache Nachr\u00fcstung ausgelegt und aus hochwertigen, korrosionsbest\u00e4ndigen Materialien gefertigt.<\/p>\n<p>Wesentliche Merkmale sind:<\/p>\n<ul>\n<li>Alle Installationskomponenten enthalten<\/li>\n<li>Ultra-kompaktes Design f\u00fcr eine saubere und unauff\u00e4llige Passform<\/li>\n<\/ul>\n<p>Abmessungen:<\/p>\n<ul>\n<li>Tiefe: 271,78 mm<\/li>\n<li>H\u00f6he: 281,94 mm<\/li>\n<li>Breite: 447,04 mm<\/li>\n<\/ul>\n","protected":false},"excerpt":{"rendered":"<p>Dometic MCS T6 Klimaanlage &#8211; Pr\u00e4sentieren Sie das Marine Climate System, eine kompakte Einheit mit einer K\u00fchlkapazit\u00e4t von 6.000 BTU\/h<\/p>\n","protected":false},"featured_media":5949199,"comment_status":"closed","ping_status":"closed","template":"","meta":[],"product_brand":[2895],"product_cat":[1360],"product_tag":[],"class_list":{"0":"post-1389709","1":"product","2":"type-product","3":"status-publish","4":"has-post-thumbnail","6":"product_brand-dometic-de","7":"product_cat-kuechengeraete","9":"first","10":"outofstock","11":"shipping-taxable","12":"purchasable","13":"product-type-simple"},"_links":{"self":[{"href":"https:\/\/stoic-curie.212-227-153-4.plesk.page\/de\/wp-json\/wp\/v2\/product\/1389709","targetHints":{"allow":["GET"]}}],"collection":[{"href":"https:\/\/stoic-curie.212-227-153-4.plesk.page\/de\/wp-json\/wp\/v2\/product"}],"about":[{"href":"https:\/\/stoic-curie.212-227-153-4.plesk.page\/de\/wp-json\/wp\/v2\/types\/product"}],"replies":[{"embeddable":true,"href":"https:\/\/stoic-curie.212-227-153-4.plesk.page\/de\/wp-json\/wp\/v2\/comments?post=1389709"}],"version-history":[{"count":0,"href":"https:\/\/stoic-curie.212-227-153-4.plesk.page\/de\/wp-json\/wp\/v2\/product\/1389709\/revisions"}],"wp:featuredmedia":[{"embeddable":true,"href":"https:\/\/stoic-curie.212-227-153-4.plesk.page\/de\/wp-json\/wp\/v2\/media\/5949199"}],"wp:attachment":[{"href":"https:\/\/stoic-curie.212-227-153-4.plesk.page\/de\/wp-json\/wp\/v2\/media?parent=1389709"}],"wp:term":[{"taxonomy":"product_brand","embeddable":true,"href":"https:\/\/stoic-curie.212-227-153-4.plesk.page\/de\/wp-json\/wp\/v2\/product_brand?post=1389709"},{"taxonomy":"product_cat","embeddable":true,"href":"https:\/\/stoic-curie.212-227-153-4.plesk.page\/de\/wp-json\/wp\/v2\/product_cat?post=1389709"},{"taxonomy":"product_tag","embeddable":true,"href":"https:\/\/stoic-curie.212-227-153-4.plesk.page\/de\/wp-json\/wp\/v2\/product_tag?post=1389709"}],"curies":[{"name":"wp","href":"https:\/\/api.w.org\/{rel}","templated":true}]}}