{"id":1389710,"date":"2025-05-12T12:28:25","date_gmt":"2025-05-12T16:28:25","guid":{"rendered":"https:\/\/stoic-curie.212-227-153-4.plesk.page\/product\/dometic-mcs-t12-klimaanlage\/"},"modified":"2026-02-24T23:35:26","modified_gmt":"2026-02-24T23:35:26","slug":"dometic-mcs-t12-klimaanlage","status":"publish","type":"product","link":"https:\/\/stoic-curie.212-227-153-4.plesk.page\/de\/product\/dometic-mcs-t12-klimaanlage\/","title":{"rendered":"Dometic MCS T12 Klimaanlage"},"content":{"rendered":"<p>Dometic MCS T12 Klimaanlage &#8211; <\/p>\n<p style=\"color: rgb(34, 34, 34); font-family: Arial, Helvetica, sans-serif; font-size: small;\">Pr\u00e4sentation des Marine-Klimasystems, einer leistungsstarken Einheit mit 12.000 BTU\/h und 3.500 W, das Ihre Yacht oder Ihr Boot m\u00fchelos k\u00fchlen, heizen und entfeuchten kann. Dieses kompakte und effiziente System ist perfekt, um das ideale Klima an Bord aufrechtzuerhalten.<\/p>\n<p style=\"color: rgb(34, 34, 34); font-family: Arial, Helvetica, sans-serif; font-size: small;\">Das komplette Kit ist bereit zur Installation und enth\u00e4lt alles, was Sie f\u00fcr Dometic MCS-Marine-Klimaanlagen ben\u00f6tigen. Es verf\u00fcgt \u00fcber einen Seewasserkreis und kann effektiv eine einzelne Kabine oder zwei angrenzende Kabinen bedienen. Die Monoblock-Einheit ist mit einem Kompressor, Kondensator, Verdampfer, verstellbarem Ventilator, Steuereinheit, Steuerpanel, Seewasserpumpe, Seewasserschlauch, Zu- und Ablaufgitter, Luftkanal, Durchbruchsventil und allen notwendigen Armaturen ausgestattet.<\/p>\n<p style=\"color: rgb(34, 34, 34); font-family: Arial, Helvetica, sans-serif; font-size: small;\">Dieses System arbeitet mit einer 220V-Stromversorgung, was es sowohl f\u00fcr Landstrom als auch f\u00fcr Generatoren geeignet macht.<\/p>\n<p style=\"color: rgb(34, 34, 34); font-family: Arial, Helvetica, sans-serif; font-size: small;\">Wichtige Spezifikationen umfassen:<\/p>\n<ul style=\"color: rgb(34, 34, 34); font-family: Arial, Helvetica, sans-serif; font-size: small;\">\n<li>K\u00fchlleistung: 12.000 BTU\/h<\/li>\n<li>Heizleistung: 3.500 W<\/li>\n<li>Stromverbrauch (bei 230 V): 1.030 W zum K\u00fchlen und 1.270 W zum Heizen<\/li>\n<\/ul>\n<p style=\"color: rgb(34, 34, 34); font-family: Arial, Helvetica, sans-serif; font-size: small;\">Genie\u00dfen Sie zuverl\u00e4ssigen Komfort mit vielseitigen Funktionen, die es Ihnen erm\u00f6glichen, Ihre R\u00e4ume zu heizen, zu k\u00fchlen und zu entfeuchten. Das Design ist f\u00fcr eine schnelle und einfache Nachr\u00fcstung konzipiert und besteht aus hochwertigen, korrosionsbest\u00e4ndigen Materialien.<\/p>\n<p style=\"color: rgb(34, 34, 34); font-family: Arial, Helvetica, sans-serif; font-size: small;\">Alle Installationskomponenten sind enthalten, und das ultrakompakte Design gew\u00e4hrleistet eine saubere und unauff\u00e4llige Passform.<\/p>\n<p style=\"color: rgb(34, 34, 34); font-family: Arial, Helvetica, sans-serif; font-size: small;\">Produktma\u00dfe:<\/p>\n<ul style=\"color: rgb(34, 34, 34); font-family: Arial, Helvetica, sans-serif; font-size: small;\">\n<li>Tiefe: 315 mm<\/li>\n<li>H\u00f6he: 318 mm<\/li>\n<li>Breite: 519 mm<\/li>\n<li>Nettogewicht: 23,6 kg<\/li>\n<\/ul>\n<p style=\"color: rgb(34, 34, 34); font-family: Arial, Helvetica, sans-serif; font-size: small;\">Erleben Sie das perfekte Klima auf Ihrem Boot mit diesem effizienten marine Klimasystem.<\/p>\n","protected":false},"excerpt":{"rendered":"<p>Dometic MCS T12 Klimaanlage &#8211; Pr\u00e4sentation des Marine-Klimasystems, einer leistungsstarken Einheit mit 12.000 BTU\/h und 3.500 W, das Ihre Yacht<\/p>\n","protected":false},"featured_media":5949199,"comment_status":"closed","ping_status":"closed","template":"","meta":[],"product_brand":[2895],"product_cat":[1360],"product_tag":[],"class_list":{"0":"post-1389710","1":"product","2":"type-product","3":"status-publish","4":"has-post-thumbnail","6":"product_brand-dometic-de","7":"product_cat-kuechengeraete","9":"first","10":"outofstock","11":"shipping-taxable","12":"purchasable","13":"product-type-simple"},"_links":{"self":[{"href":"https:\/\/stoic-curie.212-227-153-4.plesk.page\/de\/wp-json\/wp\/v2\/product\/1389710","targetHints":{"allow":["GET"]}}],"collection":[{"href":"https:\/\/stoic-curie.212-227-153-4.plesk.page\/de\/wp-json\/wp\/v2\/product"}],"about":[{"href":"https:\/\/stoic-curie.212-227-153-4.plesk.page\/de\/wp-json\/wp\/v2\/types\/product"}],"replies":[{"embeddable":true,"href":"https:\/\/stoic-curie.212-227-153-4.plesk.page\/de\/wp-json\/wp\/v2\/comments?post=1389710"}],"version-history":[{"count":0,"href":"https:\/\/stoic-curie.212-227-153-4.plesk.page\/de\/wp-json\/wp\/v2\/product\/1389710\/revisions"}],"wp:featuredmedia":[{"embeddable":true,"href":"https:\/\/stoic-curie.212-227-153-4.plesk.page\/de\/wp-json\/wp\/v2\/media\/5949199"}],"wp:attachment":[{"href":"https:\/\/stoic-curie.212-227-153-4.plesk.page\/de\/wp-json\/wp\/v2\/media?parent=1389710"}],"wp:term":[{"taxonomy":"product_brand","embeddable":true,"href":"https:\/\/stoic-curie.212-227-153-4.plesk.page\/de\/wp-json\/wp\/v2\/product_brand?post=1389710"},{"taxonomy":"product_cat","embeddable":true,"href":"https:\/\/stoic-curie.212-227-153-4.plesk.page\/de\/wp-json\/wp\/v2\/product_cat?post=1389710"},{"taxonomy":"product_tag","embeddable":true,"href":"https:\/\/stoic-curie.212-227-153-4.plesk.page\/de\/wp-json\/wp\/v2\/product_tag?post=1389710"}],"curies":[{"name":"wp","href":"https:\/\/api.w.org\/{rel}","templated":true}]}}