{"id":1389711,"date":"2025-05-12T12:28:25","date_gmt":"2025-05-12T16:28:25","guid":{"rendered":"https:\/\/stoic-curie.212-227-153-4.plesk.page\/product\/dometic-mcs-t16-klimaanlage\/"},"modified":"2026-02-24T23:35:26","modified_gmt":"2026-02-24T23:35:26","slug":"dometic-mcs-t16-klimaanlage","status":"publish","type":"product","link":"https:\/\/stoic-curie.212-227-153-4.plesk.page\/de\/product\/dometic-mcs-t16-klimaanlage\/","title":{"rendered":"Dometic MCS T16 Klimaanlage"},"content":{"rendered":"<p>Dometic MCS T16 Klimaanlage &#8211; <\/p>\n<p style=\"color: rgb(34, 34, 34); font-family: Arial, Helvetica, sans-serif; font-size: small;\">Dies ist ein komplettes, sofort einbaubares Set f\u00fcr Dometic MCS Marine Klimaanlagen. Es verf\u00fcgt \u00fcber einen Meerwasser-Kreislauf und bietet sowohl K\u00fchl- als auch Heizfunktionen, wodurch es sowohl f\u00fcr eine Einzelkabine als auch f\u00fcr zwei benachbarte Kabinen geeignet ist. Die kompakte Monoblock-Einheit umfasst wesentliche Komponenten wie Kompressor, Klimakondensator, Verdampfer, verstellbaren Ventilator, Steuereinheit, Steuerpult, Meerwasserpumpe, Meerwasserschlauch, Zuluft- und R\u00fcckluftgitter, Luftkanal, Durchbr\u00fcche mit Ventil und notwendige Anschl\u00fcsse.<\/p>\n<p style=\"color: rgb(34, 34, 34); font-family: Arial, Helvetica, sans-serif; font-size: small;\">Die Stromversorgung arbeitet mit 220V, was sie kompatibel mit Landstrom oder Generatorbetrieb macht. Dieses Marine-Klimasystem bietet eine K\u00fchlkapazit\u00e4t von 16.000 BTU\/h und eine Heizkapazit\u00e4t von 4.700 W. Mit dieser effizienten Einheit k\u00f6nnen Sie Ihren Raum k\u00fchlen, heizen und entfeuchten und so ein angenehmes Ambiente an Bord Ihrer Yacht oder Ihres Bootes schaffen.<\/p>\n<p style=\"color: rgb(34, 34, 34); font-family: Arial, Helvetica, sans-serif; font-size: small;\">Wichtige Spezifikationen sind:<\/p>\n<ul style=\"color: rgb(34, 34, 34); font-family: Arial, Helvetica, sans-serif; font-size: small;\">\n<li>K\u00fchlkapazit\u00e4t: 16.000 BTU\/h<\/li>\n<li>Heizkapazit\u00e4t: 4.700 W<\/li>\n<li>Stromverbrauch (bei 230 V): 1.320 W\/1.660 W<\/li>\n<\/ul>\n<p style=\"color: rgb(34, 34, 34); font-family: Arial, Helvetica, sans-serif; font-size: small;\">Dieses System bietet zuverl\u00e4ssigen Komfort mit seinen vielseitigen Funktionen: Heizung, K\u00fchlung und Entfeuchtung. Es ist f\u00fcr eine schnelle und einfache Nachr\u00fcstung konzipiert und besteht aus hochwertigen, korrosionsbest\u00e4ndigen Materialien. Alle erforderlichen Installationskomponenten sind enthalten, und das ultrakompakte Design erm\u00f6glicht eine ordentliche und unauff\u00e4llige Integration.<\/p>\n<p style=\"color: rgb(34, 34, 34); font-family: Arial, Helvetica, sans-serif; font-size: small;\">Produktabmessungen:<\/p>\n<ul style=\"color: rgb(34, 34, 34); font-family: Arial, Helvetica, sans-serif; font-size: small;\">\n<li>Tiefe: 338 mm<\/li>\n<li>H\u00f6he: 341 mm<\/li>\n<\/ul>\n","protected":false},"excerpt":{"rendered":"<p>Dometic MCS T16 Klimaanlage &#8211; Dies ist ein komplettes, sofort einbaubares Set f\u00fcr Dometic MCS Marine Klimaanlagen. Es verf\u00fcgt \u00fcber<\/p>\n","protected":false},"featured_media":5949199,"comment_status":"closed","ping_status":"closed","template":"","meta":[],"product_brand":[2895],"product_cat":[1360],"product_tag":[],"class_list":{"0":"post-1389711","1":"product","2":"type-product","3":"status-publish","4":"has-post-thumbnail","6":"product_brand-dometic-de","7":"product_cat-kuechengeraete","9":"first","10":"outofstock","11":"shipping-taxable","12":"purchasable","13":"product-type-simple"},"_links":{"self":[{"href":"https:\/\/stoic-curie.212-227-153-4.plesk.page\/de\/wp-json\/wp\/v2\/product\/1389711","targetHints":{"allow":["GET"]}}],"collection":[{"href":"https:\/\/stoic-curie.212-227-153-4.plesk.page\/de\/wp-json\/wp\/v2\/product"}],"about":[{"href":"https:\/\/stoic-curie.212-227-153-4.plesk.page\/de\/wp-json\/wp\/v2\/types\/product"}],"replies":[{"embeddable":true,"href":"https:\/\/stoic-curie.212-227-153-4.plesk.page\/de\/wp-json\/wp\/v2\/comments?post=1389711"}],"version-history":[{"count":0,"href":"https:\/\/stoic-curie.212-227-153-4.plesk.page\/de\/wp-json\/wp\/v2\/product\/1389711\/revisions"}],"wp:featuredmedia":[{"embeddable":true,"href":"https:\/\/stoic-curie.212-227-153-4.plesk.page\/de\/wp-json\/wp\/v2\/media\/5949199"}],"wp:attachment":[{"href":"https:\/\/stoic-curie.212-227-153-4.plesk.page\/de\/wp-json\/wp\/v2\/media?parent=1389711"}],"wp:term":[{"taxonomy":"product_brand","embeddable":true,"href":"https:\/\/stoic-curie.212-227-153-4.plesk.page\/de\/wp-json\/wp\/v2\/product_brand?post=1389711"},{"taxonomy":"product_cat","embeddable":true,"href":"https:\/\/stoic-curie.212-227-153-4.plesk.page\/de\/wp-json\/wp\/v2\/product_cat?post=1389711"},{"taxonomy":"product_tag","embeddable":true,"href":"https:\/\/stoic-curie.212-227-153-4.plesk.page\/de\/wp-json\/wp\/v2\/product_tag?post=1389711"}],"curies":[{"name":"wp","href":"https:\/\/api.w.org\/{rel}","templated":true}]}}