{"id":3390592,"date":"2025-10-09T22:31:46","date_gmt":"2025-10-10T02:31:46","guid":{"rendered":"https:\/\/stoic-curie.212-227-153-4.plesk.page\/product\/verchromter-kompakter-duschkopf\/"},"modified":"2026-02-24T23:34:30","modified_gmt":"2026-02-24T23:34:30","slug":"verchromter-kompakter-duschkopf","status":"publish","type":"product","link":"https:\/\/stoic-curie.212-227-153-4.plesk.page\/de\/product\/verchromter-kompakter-duschkopf\/","title":{"rendered":"Verchromter kompakter Duschkopf"},"content":{"rendered":"<p>Verchromter kompakter Duschkopf &#8211; <\/p>\n<p>Runde, eingebaute Duschkopfbox\/Container aus Kunststoff mit weichem Deckel. Einbauloch \u00d8 57 mm &#8211; Au\u00dfen \u00d8 77 mm &#8211; Tiefe 65 mm. Muss mit Duschkopf und flexibler Schlauch erg\u00e4nzt werden.<\/p>\n","protected":false},"excerpt":{"rendered":"<p>Verchromter kompakter Duschkopf &#8211; Runde, eingebaute Duschkopfbox\/Container aus Kunststoff mit weichem Deckel. Einbauloch \u00d8 57 mm &#8211; Au\u00dfen \u00d8 77<\/p>\n","protected":false},"featured_media":2895793,"comment_status":"closed","ping_status":"closed","template":"","meta":[],"product_brand":[3200],"product_cat":[1365],"product_tag":[],"class_list":{"0":"post-3390592","1":"product","2":"type-product","3":"status-publish","4":"has-post-thumbnail","6":"product_brand-nobili-de","7":"product_cat-bootsduschen","9":"first","10":"instock","11":"shipping-taxable","12":"purchasable","13":"product-type-simple"},"_links":{"self":[{"href":"https:\/\/stoic-curie.212-227-153-4.plesk.page\/de\/wp-json\/wp\/v2\/product\/3390592","targetHints":{"allow":["GET"]}}],"collection":[{"href":"https:\/\/stoic-curie.212-227-153-4.plesk.page\/de\/wp-json\/wp\/v2\/product"}],"about":[{"href":"https:\/\/stoic-curie.212-227-153-4.plesk.page\/de\/wp-json\/wp\/v2\/types\/product"}],"replies":[{"embeddable":true,"href":"https:\/\/stoic-curie.212-227-153-4.plesk.page\/de\/wp-json\/wp\/v2\/comments?post=3390592"}],"version-history":[{"count":0,"href":"https:\/\/stoic-curie.212-227-153-4.plesk.page\/de\/wp-json\/wp\/v2\/product\/3390592\/revisions"}],"wp:featuredmedia":[{"embeddable":true,"href":"https:\/\/stoic-curie.212-227-153-4.plesk.page\/de\/wp-json\/"}],"wp:attachment":[{"href":"https:\/\/stoic-curie.212-227-153-4.plesk.page\/de\/wp-json\/wp\/v2\/media?parent=3390592"}],"wp:term":[{"taxonomy":"product_brand","embeddable":true,"href":"https:\/\/stoic-curie.212-227-153-4.plesk.page\/de\/wp-json\/wp\/v2\/product_brand?post=3390592"},{"taxonomy":"product_cat","embeddable":true,"href":"https:\/\/stoic-curie.212-227-153-4.plesk.page\/de\/wp-json\/wp\/v2\/product_cat?post=3390592"},{"taxonomy":"product_tag","embeddable":true,"href":"https:\/\/stoic-curie.212-227-153-4.plesk.page\/de\/wp-json\/wp\/v2\/product_tag?post=3390592"}],"curies":[{"name":"wp","href":"https:\/\/api.w.org\/{rel}","templated":true}]}}