{"id":3390773,"date":"2025-10-09T22:31:54","date_gmt":"2025-10-10T02:31:54","guid":{"rendered":"https:\/\/stoic-curie.212-227-153-4.plesk.page\/product\/pioneer-marine-lautsprecher-130-w-2-wege-130-mm\/"},"modified":"2026-02-24T23:34:30","modified_gmt":"2026-02-24T23:34:30","slug":"pioneer-marine-lautsprecher-130-w-2-wege-130-mm","status":"publish","type":"product","link":"https:\/\/stoic-curie.212-227-153-4.plesk.page\/de\/product\/pioneer-marine-lautsprecher-130-w-2-wege-130-mm\/","title":{"rendered":"Pioneer Marine Lautsprecher 130 W 2-Wege 130 mm"},"content":{"rendered":"<p>Pioneer Marine Lautsprecher 130 W 2-Wege 130 mm &#8211; Paar Lautsprecher f\u00fcr den Innenbereich, koaxialer 2-Wege-Lautsprecher (Hocht\u00f6ner + Tieft\u00f6ner), Durchmesser 130 mm. Frequenzbereich von 40 bis 25.000 Hz, Empfindlichkeit 89 dB, maximale Eingangsleistung 130 W, f\u00fcr Verst\u00e4rker und Autoradios mit 4 Ohm Impedanz.<\/p>\n","protected":false},"excerpt":{"rendered":"<p>Pioneer Marine Lautsprecher 130 W 2-Wege 130 mm &#8211; Paar Lautsprecher f\u00fcr den Innenbereich, koaxialer 2-Wege-Lautsprecher (Hocht\u00f6ner + Tieft\u00f6ner), Durchmesser<\/p>\n","protected":false},"featured_media":5935658,"comment_status":"closed","ping_status":"closed","template":"","meta":[],"product_brand":[3235],"product_cat":[1446],"product_tag":[],"class_list":{"0":"post-3390773","1":"product","2":"type-product","3":"status-publish","4":"has-post-thumbnail","6":"product_brand-osculati-de","7":"product_cat-stereoanlage-und-lautsprecher","9":"first","10":"instock","11":"shipping-taxable","12":"purchasable","13":"product-type-simple"},"_links":{"self":[{"href":"https:\/\/stoic-curie.212-227-153-4.plesk.page\/de\/wp-json\/wp\/v2\/product\/3390773","targetHints":{"allow":["GET"]}}],"collection":[{"href":"https:\/\/stoic-curie.212-227-153-4.plesk.page\/de\/wp-json\/wp\/v2\/product"}],"about":[{"href":"https:\/\/stoic-curie.212-227-153-4.plesk.page\/de\/wp-json\/wp\/v2\/types\/product"}],"replies":[{"embeddable":true,"href":"https:\/\/stoic-curie.212-227-153-4.plesk.page\/de\/wp-json\/wp\/v2\/comments?post=3390773"}],"version-history":[{"count":0,"href":"https:\/\/stoic-curie.212-227-153-4.plesk.page\/de\/wp-json\/wp\/v2\/product\/3390773\/revisions"}],"wp:featuredmedia":[{"embeddable":true,"href":"https:\/\/stoic-curie.212-227-153-4.plesk.page\/de\/wp-json\/wp\/v2\/media\/5935658"}],"wp:attachment":[{"href":"https:\/\/stoic-curie.212-227-153-4.plesk.page\/de\/wp-json\/wp\/v2\/media?parent=3390773"}],"wp:term":[{"taxonomy":"product_brand","embeddable":true,"href":"https:\/\/stoic-curie.212-227-153-4.plesk.page\/de\/wp-json\/wp\/v2\/product_brand?post=3390773"},{"taxonomy":"product_cat","embeddable":true,"href":"https:\/\/stoic-curie.212-227-153-4.plesk.page\/de\/wp-json\/wp\/v2\/product_cat?post=3390773"},{"taxonomy":"product_tag","embeddable":true,"href":"https:\/\/stoic-curie.212-227-153-4.plesk.page\/de\/wp-json\/wp\/v2\/product_tag?post=3390773"}],"curies":[{"name":"wp","href":"https:\/\/api.w.org\/{rel}","templated":true}]}}