{"id":3390795,"date":"2025-10-09T22:31:55","date_gmt":"2025-10-10T02:31:55","guid":{"rendered":"https:\/\/stoic-curie.212-227-153-4.plesk.page\/product\/spruehreiniger-1-liter-fuer-aufblasbare-boote\/"},"modified":"2026-02-24T23:34:30","modified_gmt":"2026-02-24T23:34:30","slug":"spruehreiniger-1-liter-fuer-aufblasbare-boote","status":"publish","type":"product","link":"https:\/\/stoic-curie.212-227-153-4.plesk.page\/de\/product\/spruehreiniger-1-liter-fuer-aufblasbare-boote\/","title":{"rendered":"Spr\u00fchreiniger 1 Liter f\u00fcr aufblasbare Boote"},"content":{"rendered":"<p>Spr\u00fchreiniger 1 Liter f\u00fcr aufblasbare Boote &#8211; <\/p>\n<p>Eintopfwaschmittel zur gr\u00fcndlichen Reinigung von aufblasbaren Booten und Schlauchbooten. Dank seiner hohen Reinigungs- und Entfettungswirkung entfernt es schnell Schmutz und Flecken und erneuert die urspr\u00fcngliche Farbe.<\/p>\n","protected":false},"excerpt":{"rendered":"<p>Spr\u00fchreiniger 1 Liter f\u00fcr aufblasbare Boote &#8211; Eintopfwaschmittel zur gr\u00fcndlichen Reinigung von aufblasbaren Booten und Schlauchbooten. Dank seiner hohen Reinigungs-<\/p>\n","protected":false},"featured_media":5935663,"comment_status":"closed","ping_status":"closed","template":"","meta":[],"product_brand":[3400],"product_cat":[1560,1341,1552],"product_tag":[],"class_list":{"0":"post-3390795","1":"product","2":"type-product","3":"status-publish","4":"has-post-thumbnail","6":"product_brand-silpar-tk-de","7":"product_cat-fender-zubehoer","8":"product_cat-produkte-zur-reinigung","9":"product_cat-zubehoer-fuer-schlauchboote","11":"first","12":"instock","13":"shipping-taxable","14":"purchasable","15":"product-type-simple"},"_links":{"self":[{"href":"https:\/\/stoic-curie.212-227-153-4.plesk.page\/de\/wp-json\/wp\/v2\/product\/3390795","targetHints":{"allow":["GET"]}}],"collection":[{"href":"https:\/\/stoic-curie.212-227-153-4.plesk.page\/de\/wp-json\/wp\/v2\/product"}],"about":[{"href":"https:\/\/stoic-curie.212-227-153-4.plesk.page\/de\/wp-json\/wp\/v2\/types\/product"}],"replies":[{"embeddable":true,"href":"https:\/\/stoic-curie.212-227-153-4.plesk.page\/de\/wp-json\/wp\/v2\/comments?post=3390795"}],"version-history":[{"count":0,"href":"https:\/\/stoic-curie.212-227-153-4.plesk.page\/de\/wp-json\/wp\/v2\/product\/3390795\/revisions"}],"wp:featuredmedia":[{"embeddable":true,"href":"https:\/\/stoic-curie.212-227-153-4.plesk.page\/de\/wp-json\/wp\/v2\/media\/5935663"}],"wp:attachment":[{"href":"https:\/\/stoic-curie.212-227-153-4.plesk.page\/de\/wp-json\/wp\/v2\/media?parent=3390795"}],"wp:term":[{"taxonomy":"product_brand","embeddable":true,"href":"https:\/\/stoic-curie.212-227-153-4.plesk.page\/de\/wp-json\/wp\/v2\/product_brand?post=3390795"},{"taxonomy":"product_cat","embeddable":true,"href":"https:\/\/stoic-curie.212-227-153-4.plesk.page\/de\/wp-json\/wp\/v2\/product_cat?post=3390795"},{"taxonomy":"product_tag","embeddable":true,"href":"https:\/\/stoic-curie.212-227-153-4.plesk.page\/de\/wp-json\/wp\/v2\/product_tag?post=3390795"}],"curies":[{"name":"wp","href":"https:\/\/api.w.org\/{rel}","templated":true}]}}