{"id":3390802,"date":"2025-10-09T22:31:55","date_gmt":"2025-10-10T02:31:55","guid":{"rendered":"https:\/\/stoic-curie.212-227-153-4.plesk.page\/product\/kaltverzinkte-marine-spruehfarbe-400-ml\/"},"modified":"2026-02-24T23:34:30","modified_gmt":"2026-02-24T23:34:30","slug":"kaltverzinkte-marine-spruehfarbe-400-ml","status":"publish","type":"product","link":"https:\/\/stoic-curie.212-227-153-4.plesk.page\/de\/product\/kaltverzinkte-marine-spruehfarbe-400-ml\/","title":{"rendered":"Kaltverzinkte Marine-Spr\u00fchfarbe, 400 ml"},"content":{"rendered":"<p>Kaltverzinkte Marine-Spr\u00fchfarbe, 400 ml &#8211; <\/p>\n<p>Spr\u00fchmetallfarben, die eine sch\u00fctzende Schicht auf allen Arten von Oberfl\u00e4chen bilden. METALZINC f\u00fcr die kalte Galvanisierung sorgt f\u00fcr eine perfekte Schutzschicht, die \u00fcberstrichen werden kann. INOXSPRAY auf Edelstahlbasis bildet eine robuste und sch\u00fctzende Edelstahloberfl\u00e4che. ALUSPRAY auf Aluminiumbasis schafft eine lagresistente Schicht gegen salzhaltige Nebel und Wasser.<\/p>\n","protected":false},"excerpt":{"rendered":"<p>Kaltverzinkte Marine-Spr\u00fchfarbe, 400 ml &#8211; Spr\u00fchmetallfarben, die eine sch\u00fctzende Schicht auf allen Arten von Oberfl\u00e4chen bilden. METALZINC f\u00fcr die kalte<\/p>\n","protected":false},"featured_media":5935665,"comment_status":"closed","ping_status":"closed","template":"","meta":[],"product_brand":[3400],"product_cat":[1347],"product_tag":[],"class_list":{"0":"post-3390802","1":"product","2":"type-product","3":"status-publish","4":"has-post-thumbnail","6":"product_brand-silpar-tk-de","7":"product_cat-marine-lack","9":"first","10":"outofstock","11":"shipping-taxable","12":"purchasable","13":"product-type-simple"},"_links":{"self":[{"href":"https:\/\/stoic-curie.212-227-153-4.plesk.page\/de\/wp-json\/wp\/v2\/product\/3390802","targetHints":{"allow":["GET"]}}],"collection":[{"href":"https:\/\/stoic-curie.212-227-153-4.plesk.page\/de\/wp-json\/wp\/v2\/product"}],"about":[{"href":"https:\/\/stoic-curie.212-227-153-4.plesk.page\/de\/wp-json\/wp\/v2\/types\/product"}],"replies":[{"embeddable":true,"href":"https:\/\/stoic-curie.212-227-153-4.plesk.page\/de\/wp-json\/wp\/v2\/comments?post=3390802"}],"version-history":[{"count":0,"href":"https:\/\/stoic-curie.212-227-153-4.plesk.page\/de\/wp-json\/wp\/v2\/product\/3390802\/revisions"}],"wp:featuredmedia":[{"embeddable":true,"href":"https:\/\/stoic-curie.212-227-153-4.plesk.page\/de\/wp-json\/wp\/v2\/media\/5935665"}],"wp:attachment":[{"href":"https:\/\/stoic-curie.212-227-153-4.plesk.page\/de\/wp-json\/wp\/v2\/media?parent=3390802"}],"wp:term":[{"taxonomy":"product_brand","embeddable":true,"href":"https:\/\/stoic-curie.212-227-153-4.plesk.page\/de\/wp-json\/wp\/v2\/product_brand?post=3390802"},{"taxonomy":"product_cat","embeddable":true,"href":"https:\/\/stoic-curie.212-227-153-4.plesk.page\/de\/wp-json\/wp\/v2\/product_cat?post=3390802"},{"taxonomy":"product_tag","embeddable":true,"href":"https:\/\/stoic-curie.212-227-153-4.plesk.page\/de\/wp-json\/wp\/v2\/product_tag?post=3390802"}],"curies":[{"name":"wp","href":"https:\/\/api.w.org\/{rel}","templated":true}]}}