{"id":3390804,"date":"2025-10-09T22:31:56","date_gmt":"2025-10-10T02:31:56","guid":{"rendered":"https:\/\/stoic-curie.212-227-153-4.plesk.page\/product\/tk-rostschutzgrundierung-gruen-fuer-schiffsmotoren-400ml\/"},"modified":"2026-02-24T23:34:30","modified_gmt":"2026-02-24T23:34:30","slug":"tk-rostschutzgrundierung-gruen-fuer-schiffsmotoren-400ml","status":"publish","type":"product","link":"https:\/\/stoic-curie.212-227-153-4.plesk.page\/de\/product\/tk-rostschutzgrundierung-gruen-fuer-schiffsmotoren-400ml\/","title":{"rendered":"TK Rostschutzgrundierung Gr\u00fcn f\u00fcr Schiffsmotoren &#8211; 400ml"},"content":{"rendered":"<p>TK Rostschutzgrundierung Gr\u00fcn f\u00fcr Schiffsmotoren &#8211; 400ml &#8211; <\/p>\n<p>Exzellente Haftung mit einer korrosionsbest\u00e4ndigen Schicht. Sollte vor dem Streichen von Marine-Motoren und anderen Metallteilen aufgetragen werden.<\/p>\n","protected":false},"excerpt":{"rendered":"<p>TK Rostschutzgrundierung Gr\u00fcn f\u00fcr Schiffsmotoren &#8211; 400ml &#8211; Exzellente Haftung mit einer korrosionsbest\u00e4ndigen Schicht. Sollte vor dem Streichen von Marine-Motoren<\/p>\n","protected":false},"featured_media":5935666,"comment_status":"closed","ping_status":"closed","template":"","meta":[],"product_brand":[3400],"product_cat":[1347],"product_tag":[],"class_list":{"0":"post-3390804","1":"product","2":"type-product","3":"status-publish","4":"has-post-thumbnail","6":"product_brand-silpar-tk-de","7":"product_cat-marine-lack","9":"first","10":"instock","11":"shipping-taxable","12":"purchasable","13":"product-type-simple"},"_links":{"self":[{"href":"https:\/\/stoic-curie.212-227-153-4.plesk.page\/de\/wp-json\/wp\/v2\/product\/3390804","targetHints":{"allow":["GET"]}}],"collection":[{"href":"https:\/\/stoic-curie.212-227-153-4.plesk.page\/de\/wp-json\/wp\/v2\/product"}],"about":[{"href":"https:\/\/stoic-curie.212-227-153-4.plesk.page\/de\/wp-json\/wp\/v2\/types\/product"}],"replies":[{"embeddable":true,"href":"https:\/\/stoic-curie.212-227-153-4.plesk.page\/de\/wp-json\/wp\/v2\/comments?post=3390804"}],"version-history":[{"count":0,"href":"https:\/\/stoic-curie.212-227-153-4.plesk.page\/de\/wp-json\/wp\/v2\/product\/3390804\/revisions"}],"wp:featuredmedia":[{"embeddable":true,"href":"https:\/\/stoic-curie.212-227-153-4.plesk.page\/de\/wp-json\/wp\/v2\/media\/5935666"}],"wp:attachment":[{"href":"https:\/\/stoic-curie.212-227-153-4.plesk.page\/de\/wp-json\/wp\/v2\/media?parent=3390804"}],"wp:term":[{"taxonomy":"product_brand","embeddable":true,"href":"https:\/\/stoic-curie.212-227-153-4.plesk.page\/de\/wp-json\/wp\/v2\/product_brand?post=3390804"},{"taxonomy":"product_cat","embeddable":true,"href":"https:\/\/stoic-curie.212-227-153-4.plesk.page\/de\/wp-json\/wp\/v2\/product_cat?post=3390804"},{"taxonomy":"product_tag","embeddable":true,"href":"https:\/\/stoic-curie.212-227-153-4.plesk.page\/de\/wp-json\/wp\/v2\/product_tag?post=3390804"}],"curies":[{"name":"wp","href":"https:\/\/api.w.org\/{rel}","templated":true}]}}