{"id":3390824,"date":"2025-10-09T22:31:56","date_gmt":"2025-10-10T02:31:56","guid":{"rendered":"https:\/\/stoic-curie.212-227-153-4.plesk.page\/product\/teak-wonder-reiniger-4-l\/"},"modified":"2026-02-24T23:34:30","modified_gmt":"2026-02-24T23:34:30","slug":"teak-wonder-reiniger-4-l","status":"publish","type":"product","link":"https:\/\/stoic-curie.212-227-153-4.plesk.page\/de\/product\/teak-wonder-reiniger-4-l\/","title":{"rendered":"Teak Wonder Reiniger 4 l"},"content":{"rendered":"<p>Teak Wonder Reiniger 4 l &#8211; <\/p>\n<p>Tiefenreiniger f\u00fcr Teakdecks. Non-aggressiv, sch\u00e4digt weder die Farbe noch andere Oberfl\u00e4chen. Vor der Impr\u00e4gnierung mit Teak Wonder Oil zu verwenden.<\/p>\n","protected":false},"excerpt":{"rendered":"<p>Teak Wonder Reiniger 4 l &#8211; Tiefenreiniger f\u00fcr Teakdecks. Non-aggressiv, sch\u00e4digt weder die Farbe noch andere Oberfl\u00e4chen. Vor der Impr\u00e4gnierung<\/p>\n","protected":false},"featured_media":5935670,"comment_status":"closed","ping_status":"closed","template":"","meta":[],"product_brand":[3455],"product_cat":[1338],"product_tag":[],"class_list":{"0":"post-3390824","1":"product","2":"type-product","3":"status-publish","4":"has-post-thumbnail","6":"product_brand-teak-wonder-de","7":"product_cat-marine-schiffslacke-und-teakoel","9":"first","10":"instock","11":"shipping-taxable","12":"purchasable","13":"product-type-simple"},"_links":{"self":[{"href":"https:\/\/stoic-curie.212-227-153-4.plesk.page\/de\/wp-json\/wp\/v2\/product\/3390824","targetHints":{"allow":["GET"]}}],"collection":[{"href":"https:\/\/stoic-curie.212-227-153-4.plesk.page\/de\/wp-json\/wp\/v2\/product"}],"about":[{"href":"https:\/\/stoic-curie.212-227-153-4.plesk.page\/de\/wp-json\/wp\/v2\/types\/product"}],"replies":[{"embeddable":true,"href":"https:\/\/stoic-curie.212-227-153-4.plesk.page\/de\/wp-json\/wp\/v2\/comments?post=3390824"}],"version-history":[{"count":0,"href":"https:\/\/stoic-curie.212-227-153-4.plesk.page\/de\/wp-json\/wp\/v2\/product\/3390824\/revisions"}],"wp:featuredmedia":[{"embeddable":true,"href":"https:\/\/stoic-curie.212-227-153-4.plesk.page\/de\/wp-json\/wp\/v2\/media\/5935670"}],"wp:attachment":[{"href":"https:\/\/stoic-curie.212-227-153-4.plesk.page\/de\/wp-json\/wp\/v2\/media?parent=3390824"}],"wp:term":[{"taxonomy":"product_brand","embeddable":true,"href":"https:\/\/stoic-curie.212-227-153-4.plesk.page\/de\/wp-json\/wp\/v2\/product_brand?post=3390824"},{"taxonomy":"product_cat","embeddable":true,"href":"https:\/\/stoic-curie.212-227-153-4.plesk.page\/de\/wp-json\/wp\/v2\/product_cat?post=3390824"},{"taxonomy":"product_tag","embeddable":true,"href":"https:\/\/stoic-curie.212-227-153-4.plesk.page\/de\/wp-json\/wp\/v2\/product_tag?post=3390824"}],"curies":[{"name":"wp","href":"https:\/\/api.w.org\/{rel}","templated":true}]}}