{"id":3390845,"date":"2025-10-09T22:31:57","date_gmt":"2025-10-10T02:31:57","guid":{"rendered":"https:\/\/stoic-curie.212-227-153-4.plesk.page\/product\/teak-wonder-anstrich-und-versiegelung-1-l\/"},"modified":"2026-02-24T23:34:30","modified_gmt":"2026-02-24T23:34:30","slug":"teak-wonder-anstrich-und-versiegelung-1-l","status":"publish","type":"product","link":"https:\/\/stoic-curie.212-227-153-4.plesk.page\/de\/product\/teak-wonder-anstrich-und-versiegelung-1-l\/","title":{"rendered":"Teak Wonder Anstrich und Versiegelung, 1 l"},"content":{"rendered":"<p>Teak Wonder Anstrich und Versiegelung, 1 l &#8211; <\/p>\n<p>Traditionelles Teak\u00f6l, das das urspr\u00fcngliche Aussehen von Teakholz erh\u00e4lt, ohne t\u00e4gliches Waschen. Dieses silikonbasierte Produkt versiegelt die Holzporen und verhindert, dass Staub und Schmutz eindringen. Es bietet zudem Schutz vor UV-Strahlen. Chemikalienfreier Geruch, es wird nicht gl\u00e4nzend, rutschig oder klebrig und wird im Laufe der Zeit nicht dunkler.<\/p>\n","protected":false},"excerpt":{"rendered":"<p>Teak Wonder Anstrich und Versiegelung, 1 l &#8211; Traditionelles Teak\u00f6l, das das urspr\u00fcngliche Aussehen von Teakholz erh\u00e4lt, ohne t\u00e4gliches Waschen.<\/p>\n","protected":false},"featured_media":5935673,"comment_status":"closed","ping_status":"closed","template":"","meta":[],"product_brand":[3455],"product_cat":[1338],"product_tag":[],"class_list":{"0":"post-3390845","1":"product","2":"type-product","3":"status-publish","4":"has-post-thumbnail","6":"product_brand-teak-wonder-de","7":"product_cat-marine-schiffslacke-und-teakoel","9":"first","10":"instock","11":"shipping-taxable","12":"purchasable","13":"product-type-simple"},"_links":{"self":[{"href":"https:\/\/stoic-curie.212-227-153-4.plesk.page\/de\/wp-json\/wp\/v2\/product\/3390845","targetHints":{"allow":["GET"]}}],"collection":[{"href":"https:\/\/stoic-curie.212-227-153-4.plesk.page\/de\/wp-json\/wp\/v2\/product"}],"about":[{"href":"https:\/\/stoic-curie.212-227-153-4.plesk.page\/de\/wp-json\/wp\/v2\/types\/product"}],"replies":[{"embeddable":true,"href":"https:\/\/stoic-curie.212-227-153-4.plesk.page\/de\/wp-json\/wp\/v2\/comments?post=3390845"}],"version-history":[{"count":0,"href":"https:\/\/stoic-curie.212-227-153-4.plesk.page\/de\/wp-json\/wp\/v2\/product\/3390845\/revisions"}],"wp:featuredmedia":[{"embeddable":true,"href":"https:\/\/stoic-curie.212-227-153-4.plesk.page\/de\/wp-json\/wp\/v2\/media\/5935673"}],"wp:attachment":[{"href":"https:\/\/stoic-curie.212-227-153-4.plesk.page\/de\/wp-json\/wp\/v2\/media?parent=3390845"}],"wp:term":[{"taxonomy":"product_brand","embeddable":true,"href":"https:\/\/stoic-curie.212-227-153-4.plesk.page\/de\/wp-json\/wp\/v2\/product_brand?post=3390845"},{"taxonomy":"product_cat","embeddable":true,"href":"https:\/\/stoic-curie.212-227-153-4.plesk.page\/de\/wp-json\/wp\/v2\/product_cat?post=3390845"},{"taxonomy":"product_tag","embeddable":true,"href":"https:\/\/stoic-curie.212-227-153-4.plesk.page\/de\/wp-json\/wp\/v2\/product_tag?post=3390845"}],"curies":[{"name":"wp","href":"https:\/\/api.w.org\/{rel}","templated":true}]}}