{"id":3390886,"date":"2025-10-09T22:31:59","date_gmt":"2025-10-10T02:31:59","guid":{"rendered":"https:\/\/stoic-curie.212-227-153-4.plesk.page\/product\/flacher-schockseil-haken-6-8mm-weiss\/"},"modified":"2026-02-24T23:34:30","modified_gmt":"2026-02-24T23:34:30","slug":"flacher-schockseil-haken-6-8mm-weiss","status":"publish","type":"product","link":"https:\/\/stoic-curie.212-227-153-4.plesk.page\/de\/product\/flacher-schockseil-haken-6-8mm-weiss\/","title":{"rendered":"Flacher Schockseil-Haken 6\/8mm Wei\u00df"},"content":{"rendered":"<p>Flacher Schockseil-Haken 6\/8mm Wei\u00df &#8211; <\/p>\n<p>Planenbefestigungshaken f\u00fcr aufblasbare Gegenst\u00e4nde. 10er Packs.<\/p>\n","protected":false},"excerpt":{"rendered":"<p>Flacher Schockseil-Haken 6\/8mm Wei\u00df &#8211; Planenbefestigungshaken f\u00fcr aufblasbare Gegenst\u00e4nde. 10er Packs.<\/p>\n","protected":false},"featured_media":5935685,"comment_status":"closed","ping_status":"closed","template":"","meta":[],"product_brand":[3210],"product_cat":[1416,1402,1552],"product_tag":[],"class_list":{"0":"post-3390886","1":"product","2":"type-product","3":"status-publish","4":"has-post-thumbnail","6":"product_brand-nuova-rade-de","7":"product_cat-befestigungsmaterial-fuer-bootsabdeckungen-und-bimini","8":"product_cat-bimini-verdecke","9":"product_cat-zubehoer-fuer-schlauchboote","11":"first","12":"instock","13":"shipping-taxable","14":"purchasable","15":"product-type-simple"},"_links":{"self":[{"href":"https:\/\/stoic-curie.212-227-153-4.plesk.page\/de\/wp-json\/wp\/v2\/product\/3390886","targetHints":{"allow":["GET"]}}],"collection":[{"href":"https:\/\/stoic-curie.212-227-153-4.plesk.page\/de\/wp-json\/wp\/v2\/product"}],"about":[{"href":"https:\/\/stoic-curie.212-227-153-4.plesk.page\/de\/wp-json\/wp\/v2\/types\/product"}],"replies":[{"embeddable":true,"href":"https:\/\/stoic-curie.212-227-153-4.plesk.page\/de\/wp-json\/wp\/v2\/comments?post=3390886"}],"version-history":[{"count":0,"href":"https:\/\/stoic-curie.212-227-153-4.plesk.page\/de\/wp-json\/wp\/v2\/product\/3390886\/revisions"}],"wp:featuredmedia":[{"embeddable":true,"href":"https:\/\/stoic-curie.212-227-153-4.plesk.page\/de\/wp-json\/wp\/v2\/media\/5935685"}],"wp:attachment":[{"href":"https:\/\/stoic-curie.212-227-153-4.plesk.page\/de\/wp-json\/wp\/v2\/media?parent=3390886"}],"wp:term":[{"taxonomy":"product_brand","embeddable":true,"href":"https:\/\/stoic-curie.212-227-153-4.plesk.page\/de\/wp-json\/wp\/v2\/product_brand?post=3390886"},{"taxonomy":"product_cat","embeddable":true,"href":"https:\/\/stoic-curie.212-227-153-4.plesk.page\/de\/wp-json\/wp\/v2\/product_cat?post=3390886"},{"taxonomy":"product_tag","embeddable":true,"href":"https:\/\/stoic-curie.212-227-153-4.plesk.page\/de\/wp-json\/wp\/v2\/product_tag?post=3390886"}],"curies":[{"name":"wp","href":"https:\/\/api.w.org\/{rel}","templated":true}]}}