{"id":3390901,"date":"2025-10-09T22:32:00","date_gmt":"2025-10-10T02:32:00","guid":{"rendered":"https:\/\/stoic-curie.212-227-153-4.plesk.page\/product\/schwimmender-anker-schluesselanhaenger\/"},"modified":"2026-02-24T23:34:30","modified_gmt":"2026-02-24T23:34:30","slug":"schwimmender-anker-schluesselanhaenger","status":"publish","type":"product","link":"https:\/\/stoic-curie.212-227-153-4.plesk.page\/de\/product\/schwimmender-anker-schluesselanhaenger\/","title":{"rendered":"Schwimmender Anker Schl\u00fcsselanh\u00e4nger"},"content":{"rendered":"<p>Schwimmender Anker Schl\u00fcsselanh\u00e4nger &#8211; Weiche und flie\u00dfende EVA-Anker-Modell, Wiederverwendung einer farbigen, ungiftigen und widerstandsf\u00e4higen sch\u00fctzenden Vinylfolie. Farbvarianten: Gr\u00fcn, Rot, Blau, Gelb, Wei\u00df, Fuchsia, Orange, Blau. Packung mit 10 St\u00fcck.<\/p>\n","protected":false},"excerpt":{"rendered":"<p>Schwimmender Anker Schl\u00fcsselanh\u00e4nger &#8211; Weiche und flie\u00dfende EVA-Anker-Modell, Wiederverwendung einer farbigen, ungiftigen und widerstandsf\u00e4higen sch\u00fctzenden Vinylfolie. Farbvarianten: Gr\u00fcn, Rot, Blau,<\/p>\n","protected":false},"featured_media":5935690,"comment_status":"closed","ping_status":"closed","template":"","meta":[],"product_brand":[2860],"product_cat":[1566],"product_tag":[],"class_list":{"0":"post-3390901","1":"product","2":"type-product","3":"status-publish","4":"has-post-thumbnail","6":"product_brand-ceredi-de","7":"product_cat-nautische-schluesselanhaenger","9":"first","10":"instock","11":"shipping-taxable","12":"purchasable","13":"product-type-simple"},"_links":{"self":[{"href":"https:\/\/stoic-curie.212-227-153-4.plesk.page\/de\/wp-json\/wp\/v2\/product\/3390901","targetHints":{"allow":["GET"]}}],"collection":[{"href":"https:\/\/stoic-curie.212-227-153-4.plesk.page\/de\/wp-json\/wp\/v2\/product"}],"about":[{"href":"https:\/\/stoic-curie.212-227-153-4.plesk.page\/de\/wp-json\/wp\/v2\/types\/product"}],"replies":[{"embeddable":true,"href":"https:\/\/stoic-curie.212-227-153-4.plesk.page\/de\/wp-json\/wp\/v2\/comments?post=3390901"}],"version-history":[{"count":0,"href":"https:\/\/stoic-curie.212-227-153-4.plesk.page\/de\/wp-json\/wp\/v2\/product\/3390901\/revisions"}],"wp:featuredmedia":[{"embeddable":true,"href":"https:\/\/stoic-curie.212-227-153-4.plesk.page\/de\/wp-json\/wp\/v2\/media\/5935690"}],"wp:attachment":[{"href":"https:\/\/stoic-curie.212-227-153-4.plesk.page\/de\/wp-json\/wp\/v2\/media?parent=3390901"}],"wp:term":[{"taxonomy":"product_brand","embeddable":true,"href":"https:\/\/stoic-curie.212-227-153-4.plesk.page\/de\/wp-json\/wp\/v2\/product_brand?post=3390901"},{"taxonomy":"product_cat","embeddable":true,"href":"https:\/\/stoic-curie.212-227-153-4.plesk.page\/de\/wp-json\/wp\/v2\/product_cat?post=3390901"},{"taxonomy":"product_tag","embeddable":true,"href":"https:\/\/stoic-curie.212-227-153-4.plesk.page\/de\/wp-json\/wp\/v2\/product_tag?post=3390901"}],"curies":[{"name":"wp","href":"https:\/\/api.w.org\/{rel}","templated":true}]}}