{"id":3391190,"date":"2025-10-09T22:32:12","date_gmt":"2025-10-10T02:32:12","guid":{"rendered":"https:\/\/stoic-curie.212-227-153-4.plesk.page\/product\/batterieisolator-2-batterien-210a\/"},"modified":"2026-02-24T23:34:30","modified_gmt":"2026-02-24T23:34:30","slug":"batterieisolator-2-batterien-210a","status":"publish","type":"product","link":"https:\/\/stoic-curie.212-227-153-4.plesk.page\/de\/product\/batterieisolator-2-batterien-210a\/","title":{"rendered":"Batterieisolator 2 Batterien 210A"},"content":{"rendered":"<p>Batterieisolator 2 Batterien 210A &#8211; Distributor von automatischem Niederspannungsabfall (0,25 V) f\u00fcr Batterien. Sie erm\u00f6glichen es Ihnen, zwei Batterien gleichzeitig mit 150 AMP aufzuladen und bieten mehr als nur das Laden der entladenen Batterie. Hergestellt aus Aluminium mit gro\u00dfen K\u00fchlrippen, die die W\u00e4rme effektiv abf\u00fchren k\u00f6nnen. Abmessungen: 230x130x70 mm.<\/p>\n","protected":false},"excerpt":{"rendered":"<p>Batterieisolator 2 Batterien 210A &#8211; Distributor von automatischem Niederspannungsabfall (0,25 V) f\u00fcr Batterien. Sie erm\u00f6glichen es Ihnen, zwei Batterien gleichzeitig<\/p>\n","protected":false},"featured_media":5935717,"comment_status":"closed","ping_status":"closed","template":"","meta":[],"product_brand":[2830],"product_cat":[1450],"product_tag":[],"class_list":{"0":"post-3391190","1":"product","2":"type-product","3":"status-publish","4":"has-post-thumbnail","6":"product_brand-blue-sea-systems-de","7":"product_cat-batterieladegeraete","9":"first","10":"instock","11":"shipping-taxable","12":"purchasable","13":"product-type-simple"},"_links":{"self":[{"href":"https:\/\/stoic-curie.212-227-153-4.plesk.page\/de\/wp-json\/wp\/v2\/product\/3391190","targetHints":{"allow":["GET"]}}],"collection":[{"href":"https:\/\/stoic-curie.212-227-153-4.plesk.page\/de\/wp-json\/wp\/v2\/product"}],"about":[{"href":"https:\/\/stoic-curie.212-227-153-4.plesk.page\/de\/wp-json\/wp\/v2\/types\/product"}],"replies":[{"embeddable":true,"href":"https:\/\/stoic-curie.212-227-153-4.plesk.page\/de\/wp-json\/wp\/v2\/comments?post=3391190"}],"version-history":[{"count":0,"href":"https:\/\/stoic-curie.212-227-153-4.plesk.page\/de\/wp-json\/wp\/v2\/product\/3391190\/revisions"}],"wp:featuredmedia":[{"embeddable":true,"href":"https:\/\/stoic-curie.212-227-153-4.plesk.page\/de\/wp-json\/wp\/v2\/media\/5935717"}],"wp:attachment":[{"href":"https:\/\/stoic-curie.212-227-153-4.plesk.page\/de\/wp-json\/wp\/v2\/media?parent=3391190"}],"wp:term":[{"taxonomy":"product_brand","embeddable":true,"href":"https:\/\/stoic-curie.212-227-153-4.plesk.page\/de\/wp-json\/wp\/v2\/product_brand?post=3391190"},{"taxonomy":"product_cat","embeddable":true,"href":"https:\/\/stoic-curie.212-227-153-4.plesk.page\/de\/wp-json\/wp\/v2\/product_cat?post=3391190"},{"taxonomy":"product_tag","embeddable":true,"href":"https:\/\/stoic-curie.212-227-153-4.plesk.page\/de\/wp-json\/wp\/v2\/product_tag?post=3391190"}],"curies":[{"name":"wp","href":"https:\/\/api.w.org\/{rel}","templated":true}]}}