{"id":3391205,"date":"2025-10-09T22:32:12","date_gmt":"2025-10-10T02:32:12","guid":{"rendered":"https:\/\/stoic-curie.212-227-153-4.plesk.page\/product\/edelstahl-bus-bar-fuer-elektrische-verbindungen-mit-4-anschluessen\/"},"modified":"2026-02-24T23:34:30","modified_gmt":"2026-02-24T23:34:30","slug":"edelstahl-bus-bar-fuer-elektrische-verbindungen-mit-4-anschluessen","status":"publish","type":"product","link":"https:\/\/stoic-curie.212-227-153-4.plesk.page\/de\/product\/edelstahl-bus-bar-fuer-elektrische-verbindungen-mit-4-anschluessen\/","title":{"rendered":"Edelstahl-Bus-Bar f\u00fcr elektrische Verbindungen mit 4 Anschl\u00fcssen"},"content":{"rendered":"<p>Edelstahl-Bus-Bar f\u00fcr elektrische Verbindungen mit 4 Anschl\u00fcssen &#8211; Basisanschlussterminal aus ABS, verzinnte Kupferverteilungsleiste, Pins und Schrauben aus Edelstahl.<\/p>\n","protected":false},"excerpt":{"rendered":"<p>Edelstahl-Bus-Bar f\u00fcr elektrische Verbindungen mit 4 Anschl\u00fcssen &#8211; Basisanschlussterminal aus ABS, verzinnte Kupferverteilungsleiste, Pins und Schrauben aus Edelstahl.<\/p>\n","protected":false},"featured_media":5935720,"comment_status":"closed","ping_status":"closed","template":"","meta":[],"product_brand":[2830],"product_cat":[1453],"product_tag":[],"class_list":{"0":"post-3391205","1":"product","2":"type-product","3":"status-publish","4":"has-post-thumbnail","6":"product_brand-blue-sea-systems-de","7":"product_cat-elektrozubehoer","9":"first","10":"instock","11":"shipping-taxable","12":"purchasable","13":"product-type-simple"},"_links":{"self":[{"href":"https:\/\/stoic-curie.212-227-153-4.plesk.page\/de\/wp-json\/wp\/v2\/product\/3391205","targetHints":{"allow":["GET"]}}],"collection":[{"href":"https:\/\/stoic-curie.212-227-153-4.plesk.page\/de\/wp-json\/wp\/v2\/product"}],"about":[{"href":"https:\/\/stoic-curie.212-227-153-4.plesk.page\/de\/wp-json\/wp\/v2\/types\/product"}],"replies":[{"embeddable":true,"href":"https:\/\/stoic-curie.212-227-153-4.plesk.page\/de\/wp-json\/wp\/v2\/comments?post=3391205"}],"version-history":[{"count":0,"href":"https:\/\/stoic-curie.212-227-153-4.plesk.page\/de\/wp-json\/wp\/v2\/product\/3391205\/revisions"}],"wp:featuredmedia":[{"embeddable":true,"href":"https:\/\/stoic-curie.212-227-153-4.plesk.page\/de\/wp-json\/wp\/v2\/media\/5935720"}],"wp:attachment":[{"href":"https:\/\/stoic-curie.212-227-153-4.plesk.page\/de\/wp-json\/wp\/v2\/media?parent=3391205"}],"wp:term":[{"taxonomy":"product_brand","embeddable":true,"href":"https:\/\/stoic-curie.212-227-153-4.plesk.page\/de\/wp-json\/wp\/v2\/product_brand?post=3391205"},{"taxonomy":"product_cat","embeddable":true,"href":"https:\/\/stoic-curie.212-227-153-4.plesk.page\/de\/wp-json\/wp\/v2\/product_cat?post=3391205"},{"taxonomy":"product_tag","embeddable":true,"href":"https:\/\/stoic-curie.212-227-153-4.plesk.page\/de\/wp-json\/wp\/v2\/product_tag?post=3391205"}],"curies":[{"name":"wp","href":"https:\/\/api.w.org\/{rel}","templated":true}]}}