{"id":3391213,"date":"2025-10-09T22:32:12","date_gmt":"2025-10-10T02:32:12","guid":{"rendered":"https:\/\/stoic-curie.212-227-153-4.plesk.page\/product\/edelstahl-lukenverschluss-75-x-60-mm-mit-schluessel\/"},"modified":"2026-02-24T23:34:30","modified_gmt":"2026-02-24T23:34:30","slug":"edelstahl-lukenverschluss-75-x-60-mm-mit-schluessel","status":"publish","type":"product","link":"https:\/\/stoic-curie.212-227-153-4.plesk.page\/de\/product\/edelstahl-lukenverschluss-75-x-60-mm-mit-schluessel\/","title":{"rendered":"Edelstahl-Lukenverschluss 75 x 60 mm mit Schl\u00fcssel"},"content":{"rendered":"<p>Edelstahl-Lukenverschluss 75 x 60 mm mit Schl\u00fcssel &#8211; Der aus AISI 316 Edelstahl gefertigte Einschubverschluss ist wasserdicht und verf\u00fcgt \u00fcber einen federbelasteten Griff f\u00fcr ein ger\u00e4uschloses Bedienungserlebnis. Die Befestigungselemente sind versteckt.<\/p>\n","protected":false},"excerpt":{"rendered":"<p>Edelstahl-Lukenverschluss 75 x 60 mm mit Schl\u00fcssel &#8211; Der aus AISI 316 Edelstahl gefertigte Einschubverschluss ist wasserdicht und verf\u00fcgt \u00fcber<\/p>\n","protected":false},"featured_media":5935725,"comment_status":"closed","ping_status":"closed","template":"","meta":[],"product_brand":[3135],"product_cat":[1400],"product_tag":[],"class_list":{"0":"post-3391213","1":"product","2":"type-product","3":"status-publish","4":"has-post-thumbnail","6":"product_brand-masterlock-de","7":"product_cat-bootsverschluesse","9":"first","10":"instock","11":"shipping-taxable","12":"purchasable","13":"product-type-simple"},"_links":{"self":[{"href":"https:\/\/stoic-curie.212-227-153-4.plesk.page\/de\/wp-json\/wp\/v2\/product\/3391213","targetHints":{"allow":["GET"]}}],"collection":[{"href":"https:\/\/stoic-curie.212-227-153-4.plesk.page\/de\/wp-json\/wp\/v2\/product"}],"about":[{"href":"https:\/\/stoic-curie.212-227-153-4.plesk.page\/de\/wp-json\/wp\/v2\/types\/product"}],"replies":[{"embeddable":true,"href":"https:\/\/stoic-curie.212-227-153-4.plesk.page\/de\/wp-json\/wp\/v2\/comments?post=3391213"}],"version-history":[{"count":0,"href":"https:\/\/stoic-curie.212-227-153-4.plesk.page\/de\/wp-json\/wp\/v2\/product\/3391213\/revisions"}],"wp:featuredmedia":[{"embeddable":true,"href":"https:\/\/stoic-curie.212-227-153-4.plesk.page\/de\/wp-json\/wp\/v2\/media\/5935725"}],"wp:attachment":[{"href":"https:\/\/stoic-curie.212-227-153-4.plesk.page\/de\/wp-json\/wp\/v2\/media?parent=3391213"}],"wp:term":[{"taxonomy":"product_brand","embeddable":true,"href":"https:\/\/stoic-curie.212-227-153-4.plesk.page\/de\/wp-json\/wp\/v2\/product_brand?post=3391213"},{"taxonomy":"product_cat","embeddable":true,"href":"https:\/\/stoic-curie.212-227-153-4.plesk.page\/de\/wp-json\/wp\/v2\/product_cat?post=3391213"},{"taxonomy":"product_tag","embeddable":true,"href":"https:\/\/stoic-curie.212-227-153-4.plesk.page\/de\/wp-json\/wp\/v2\/product_tag?post=3391213"}],"curies":[{"name":"wp","href":"https:\/\/api.w.org\/{rel}","templated":true}]}}