{"id":3391282,"date":"2025-10-09T22:32:15","date_gmt":"2025-10-10T02:32:15","guid":{"rendered":"https:\/\/stoic-curie.212-227-153-4.plesk.page\/product\/antenne-vhf-scout-weiss-150-cm\/"},"modified":"2026-02-24T23:34:30","modified_gmt":"2026-02-24T23:34:30","slug":"antenne-vhf-scout-weiss-150-cm","status":"publish","type":"product","link":"https:\/\/stoic-curie.212-227-153-4.plesk.page\/de\/product\/antenne-vhf-scout-weiss-150-cm\/","title":{"rendered":"Antenne VHF Scout Wei\u00df 150 cm"},"content":{"rendered":"<p>Antenne VHF Scout Wei\u00df 150 cm &#8211; Glasfaserantennen f\u00fcr den maritimen Einsatz, 100% wasserdicht. Dies wird durch ein spezielles Harz erm\u00f6glicht, das unter Druck in die Spitze injiziert wird. Es bildet eine wasserdichte Schicht, die neben der vollst\u00e4ndigen Wasserbest\u00e4ndigkeit auch die Festigkeit der Antenne erh\u00f6ht. Die spezielle UV-Beschichtung beh\u00e4lt die helle Farbe \u00fcber die Zeit und vermeidet Verschlechterung. Maximal 50 W Leistung, 5 m Kabel mit 3 dB Gewinn. Kabel nicht abschneiden.<\/p>\n","protected":false},"excerpt":{"rendered":"<p>Antenne VHF Scout Wei\u00df 150 cm &#8211; Glasfaserantennen f\u00fcr den maritimen Einsatz, 100% wasserdicht. Dies wird durch ein spezielles Harz<\/p>\n","protected":false},"featured_media":5935738,"comment_status":"closed","ping_status":"closed","template":"","meta":[],"product_brand":[3235],"product_cat":[1466],"product_tag":[],"class_list":{"0":"post-3391282","1":"product","2":"type-product","3":"status-publish","4":"has-post-thumbnail","6":"product_brand-osculati-de","7":"product_cat-vhf-antennen","9":"first","10":"instock","11":"shipping-taxable","12":"purchasable","13":"product-type-simple"},"_links":{"self":[{"href":"https:\/\/stoic-curie.212-227-153-4.plesk.page\/de\/wp-json\/wp\/v2\/product\/3391282","targetHints":{"allow":["GET"]}}],"collection":[{"href":"https:\/\/stoic-curie.212-227-153-4.plesk.page\/de\/wp-json\/wp\/v2\/product"}],"about":[{"href":"https:\/\/stoic-curie.212-227-153-4.plesk.page\/de\/wp-json\/wp\/v2\/types\/product"}],"replies":[{"embeddable":true,"href":"https:\/\/stoic-curie.212-227-153-4.plesk.page\/de\/wp-json\/wp\/v2\/comments?post=3391282"}],"version-history":[{"count":0,"href":"https:\/\/stoic-curie.212-227-153-4.plesk.page\/de\/wp-json\/wp\/v2\/product\/3391282\/revisions"}],"wp:featuredmedia":[{"embeddable":true,"href":"https:\/\/stoic-curie.212-227-153-4.plesk.page\/de\/wp-json\/wp\/v2\/media\/5935738"}],"wp:attachment":[{"href":"https:\/\/stoic-curie.212-227-153-4.plesk.page\/de\/wp-json\/wp\/v2\/media?parent=3391282"}],"wp:term":[{"taxonomy":"product_brand","embeddable":true,"href":"https:\/\/stoic-curie.212-227-153-4.plesk.page\/de\/wp-json\/wp\/v2\/product_brand?post=3391282"},{"taxonomy":"product_cat","embeddable":true,"href":"https:\/\/stoic-curie.212-227-153-4.plesk.page\/de\/wp-json\/wp\/v2\/product_cat?post=3391282"},{"taxonomy":"product_tag","embeddable":true,"href":"https:\/\/stoic-curie.212-227-153-4.plesk.page\/de\/wp-json\/wp\/v2\/product_tag?post=3391282"}],"curies":[{"name":"wp","href":"https:\/\/api.w.org\/{rel}","templated":true}]}}