{"id":3391291,"date":"2025-10-09T22:32:15","date_gmt":"2025-10-10T02:32:15","guid":{"rendered":"https:\/\/stoic-curie.212-227-153-4.plesk.page\/product\/schwarzer-runder-rahmen-fuer-vdo-messgeraete-52mm\/"},"modified":"2026-02-24T23:34:30","modified_gmt":"2026-02-24T23:34:30","slug":"schwarzer-runder-rahmen-fuer-vdo-messgeraete-52mm","status":"publish","type":"product","link":"https:\/\/stoic-curie.212-227-153-4.plesk.page\/de\/product\/schwarzer-runder-rahmen-fuer-vdo-messgeraete-52mm\/","title":{"rendered":"Schwarzer Runder Rahmen f\u00fcr VDO Messger\u00e4te 52mm"},"content":{"rendered":"<p>Schwarzer Runder Rahmen f\u00fcr VDO Messger\u00e4te 52mm &#8211; <\/p>\n<p>VDO View-Line Ersatzteile und Zubeh\u00f6r.<\/p>\n","protected":false},"excerpt":{"rendered":"<p>Schwarzer Runder Rahmen f\u00fcr VDO Messger\u00e4te 52mm &#8211; VDO View-Line Ersatzteile und Zubeh\u00f6r.<\/p>\n","protected":false},"featured_media":5935743,"comment_status":"closed","ping_status":"closed","template":"","meta":[],"product_brand":[3510],"product_cat":[1498],"product_tag":[],"class_list":{"0":"post-3391291","1":"product","2":"type-product","3":"status-publish","4":"has-post-thumbnail","6":"product_brand-vdo-veratron-de","7":"product_cat-vdo-messgeraete","9":"first","10":"instock","11":"shipping-taxable","12":"purchasable","13":"product-type-simple"},"_links":{"self":[{"href":"https:\/\/stoic-curie.212-227-153-4.plesk.page\/de\/wp-json\/wp\/v2\/product\/3391291","targetHints":{"allow":["GET"]}}],"collection":[{"href":"https:\/\/stoic-curie.212-227-153-4.plesk.page\/de\/wp-json\/wp\/v2\/product"}],"about":[{"href":"https:\/\/stoic-curie.212-227-153-4.plesk.page\/de\/wp-json\/wp\/v2\/types\/product"}],"replies":[{"embeddable":true,"href":"https:\/\/stoic-curie.212-227-153-4.plesk.page\/de\/wp-json\/wp\/v2\/comments?post=3391291"}],"version-history":[{"count":0,"href":"https:\/\/stoic-curie.212-227-153-4.plesk.page\/de\/wp-json\/wp\/v2\/product\/3391291\/revisions"}],"wp:featuredmedia":[{"embeddable":true,"href":"https:\/\/stoic-curie.212-227-153-4.plesk.page\/de\/wp-json\/wp\/v2\/media\/5935743"}],"wp:attachment":[{"href":"https:\/\/stoic-curie.212-227-153-4.plesk.page\/de\/wp-json\/wp\/v2\/media?parent=3391291"}],"wp:term":[{"taxonomy":"product_brand","embeddable":true,"href":"https:\/\/stoic-curie.212-227-153-4.plesk.page\/de\/wp-json\/wp\/v2\/product_brand?post=3391291"},{"taxonomy":"product_cat","embeddable":true,"href":"https:\/\/stoic-curie.212-227-153-4.plesk.page\/de\/wp-json\/wp\/v2\/product_cat?post=3391291"},{"taxonomy":"product_tag","embeddable":true,"href":"https:\/\/stoic-curie.212-227-153-4.plesk.page\/de\/wp-json\/wp\/v2\/product_tag?post=3391291"}],"curies":[{"name":"wp","href":"https:\/\/api.w.org\/{rel}","templated":true}]}}