{"id":3391345,"date":"2025-10-09T22:32:17","date_gmt":"2025-10-10T02:32:17","guid":{"rendered":"https:\/\/stoic-curie.212-227-153-4.plesk.page\/product\/edelstahlseilspanner-mit-pressklemme-4-mm\/"},"modified":"2026-02-24T23:34:30","modified_gmt":"2026-02-24T23:34:30","slug":"edelstahlseilspanner-mit-pressklemme-4-mm","status":"publish","type":"product","link":"https:\/\/stoic-curie.212-227-153-4.plesk.page\/de\/product\/edelstahlseilspanner-mit-pressklemme-4-mm\/","title":{"rendered":"Edelstahlseilspanner mit Pressklemme 4 mm"},"content":{"rendered":"<p>Edelstahlseilspanner mit Pressklemme 4 mm &#8211; Drehbare Riggingschrauben aus Edelstahl mit Pressfitting-Terminal. Gr\u00f6\u00dfe: Draht \u00d8 4 mm. Gewinde M8 L1 180 mm. L2 250 mm. C 7 mm. D 8 mm.<\/p>\n","protected":false},"excerpt":{"rendered":"<p>Edelstahlseilspanner mit Pressklemme 4 mm &#8211; Drehbare Riggingschrauben aus Edelstahl mit Pressfitting-Terminal. Gr\u00f6\u00dfe: Draht \u00d8 4 mm. Gewinde M8 L1<\/p>\n","protected":false},"featured_media":5935748,"comment_status":"closed","ping_status":"closed","template":"","meta":[],"product_brand":[3120],"product_cat":[1414,1470],"product_tag":[],"class_list":{"0":"post-3391345","1":"product","2":"type-product","3":"status-publish","4":"has-post-thumbnail","6":"product_brand-marinetech-de","7":"product_cat-kabelspanner","8":"product_cat-stellbolzen-und-stageneinsteller","10":"first","11":"instock","12":"shipping-taxable","13":"purchasable","14":"product-type-simple"},"_links":{"self":[{"href":"https:\/\/stoic-curie.212-227-153-4.plesk.page\/de\/wp-json\/wp\/v2\/product\/3391345","targetHints":{"allow":["GET"]}}],"collection":[{"href":"https:\/\/stoic-curie.212-227-153-4.plesk.page\/de\/wp-json\/wp\/v2\/product"}],"about":[{"href":"https:\/\/stoic-curie.212-227-153-4.plesk.page\/de\/wp-json\/wp\/v2\/types\/product"}],"replies":[{"embeddable":true,"href":"https:\/\/stoic-curie.212-227-153-4.plesk.page\/de\/wp-json\/wp\/v2\/comments?post=3391345"}],"version-history":[{"count":0,"href":"https:\/\/stoic-curie.212-227-153-4.plesk.page\/de\/wp-json\/wp\/v2\/product\/3391345\/revisions"}],"wp:featuredmedia":[{"embeddable":true,"href":"https:\/\/stoic-curie.212-227-153-4.plesk.page\/de\/wp-json\/wp\/v2\/media\/5935748"}],"wp:attachment":[{"href":"https:\/\/stoic-curie.212-227-153-4.plesk.page\/de\/wp-json\/wp\/v2\/media?parent=3391345"}],"wp:term":[{"taxonomy":"product_brand","embeddable":true,"href":"https:\/\/stoic-curie.212-227-153-4.plesk.page\/de\/wp-json\/wp\/v2\/product_brand?post=3391345"},{"taxonomy":"product_cat","embeddable":true,"href":"https:\/\/stoic-curie.212-227-153-4.plesk.page\/de\/wp-json\/wp\/v2\/product_cat?post=3391345"},{"taxonomy":"product_tag","embeddable":true,"href":"https:\/\/stoic-curie.212-227-153-4.plesk.page\/de\/wp-json\/wp\/v2\/product_tag?post=3391345"}],"curies":[{"name":"wp","href":"https:\/\/api.w.org\/{rel}","templated":true}]}}