{"id":3391353,"date":"2025-10-09T22:32:18","date_gmt":"2025-10-10T02:32:18","guid":{"rendered":"https:\/\/stoic-curie.212-227-153-4.plesk.page\/product\/edelstahlrohrige-seilspanner-mit-schnellklemme-fuer-seil-5-mm\/"},"modified":"2026-02-24T23:34:30","modified_gmt":"2026-02-24T23:34:30","slug":"edelstahlrohrige-seilspanner-mit-schnellklemme-fuer-seil-5-mm","status":"publish","type":"product","link":"https:\/\/stoic-curie.212-227-153-4.plesk.page\/de\/product\/edelstahlrohrige-seilspanner-mit-schnellklemme-fuer-seil-5-mm\/","title":{"rendered":"Edelstahlrohrige Seilspanner mit Schnellklemme f\u00fcr Seil 5 mm"},"content":{"rendered":"<p>Edelstahlrohrige Seilspanner mit Schnellklemme f\u00fcr Seil 5 mm &#8211; Rigging-Schrauben aus rostfreiem Stahl, mit Kiefer\/ Schnellanschluss. Gr\u00f6\u00dfe: Draht \u00d8 5 mm. Gewinde M10 L1 185 mm. L2 285 mm. C 8 mm. D 10 mm.<\/p>\n","protected":false},"excerpt":{"rendered":"<p>Edelstahlrohrige Seilspanner mit Schnellklemme f\u00fcr Seil 5 mm &#8211; Rigging-Schrauben aus rostfreiem Stahl, mit Kiefer\/ Schnellanschluss. Gr\u00f6\u00dfe: Draht \u00d8 5<\/p>\n","protected":false},"featured_media":5935750,"comment_status":"closed","ping_status":"closed","template":"","meta":[],"product_brand":[3120],"product_cat":[1414,1470],"product_tag":[],"class_list":{"0":"post-3391353","1":"product","2":"type-product","3":"status-publish","4":"has-post-thumbnail","6":"product_brand-marinetech-de","7":"product_cat-kabelspanner","8":"product_cat-stellbolzen-und-stageneinsteller","10":"first","11":"instock","12":"shipping-taxable","13":"purchasable","14":"product-type-simple"},"_links":{"self":[{"href":"https:\/\/stoic-curie.212-227-153-4.plesk.page\/de\/wp-json\/wp\/v2\/product\/3391353","targetHints":{"allow":["GET"]}}],"collection":[{"href":"https:\/\/stoic-curie.212-227-153-4.plesk.page\/de\/wp-json\/wp\/v2\/product"}],"about":[{"href":"https:\/\/stoic-curie.212-227-153-4.plesk.page\/de\/wp-json\/wp\/v2\/types\/product"}],"replies":[{"embeddable":true,"href":"https:\/\/stoic-curie.212-227-153-4.plesk.page\/de\/wp-json\/wp\/v2\/comments?post=3391353"}],"version-history":[{"count":0,"href":"https:\/\/stoic-curie.212-227-153-4.plesk.page\/de\/wp-json\/wp\/v2\/product\/3391353\/revisions"}],"wp:featuredmedia":[{"embeddable":true,"href":"https:\/\/stoic-curie.212-227-153-4.plesk.page\/de\/wp-json\/wp\/v2\/media\/5935750"}],"wp:attachment":[{"href":"https:\/\/stoic-curie.212-227-153-4.plesk.page\/de\/wp-json\/wp\/v2\/media?parent=3391353"}],"wp:term":[{"taxonomy":"product_brand","embeddable":true,"href":"https:\/\/stoic-curie.212-227-153-4.plesk.page\/de\/wp-json\/wp\/v2\/product_brand?post=3391353"},{"taxonomy":"product_cat","embeddable":true,"href":"https:\/\/stoic-curie.212-227-153-4.plesk.page\/de\/wp-json\/wp\/v2\/product_cat?post=3391353"},{"taxonomy":"product_tag","embeddable":true,"href":"https:\/\/stoic-curie.212-227-153-4.plesk.page\/de\/wp-json\/wp\/v2\/product_tag?post=3391353"}],"curies":[{"name":"wp","href":"https:\/\/api.w.org\/{rel}","templated":true}]}}