{"id":3391367,"date":"2025-10-09T22:32:18","date_gmt":"2025-10-10T02:32:18","guid":{"rendered":"https:\/\/stoic-curie.212-227-153-4.plesk.page\/product\/edelstahlseilspanner-doppelauge-m5\/"},"modified":"2026-02-24T23:34:30","modified_gmt":"2026-02-24T23:34:30","slug":"edelstahlseilspanner-doppelauge-m5","status":"publish","type":"product","link":"https:\/\/stoic-curie.212-227-153-4.plesk.page\/de\/product\/edelstahlseilspanner-doppelauge-m5\/","title":{"rendered":"Edelstahlseilspanner Doppelauge M5"},"content":{"rendered":"<p>Edelstahlseilspanner Doppelauge M5 &#8211; Rigger-Schrauben aus Edelstahl AISI 316 mit zwei \u00d6sen. Gr\u00f6\u00dfe: D1 5mm. L1 115mm. L 70mm. D 8mm.<\/p>\n","protected":false},"excerpt":{"rendered":"<p>Edelstahlseilspanner Doppelauge M5 &#8211; Rigger-Schrauben aus Edelstahl AISI 316 mit zwei \u00d6sen. Gr\u00f6\u00dfe: D1 5mm. L1 115mm. L 70mm. D<\/p>\n","protected":false},"featured_media":5935752,"comment_status":"closed","ping_status":"closed","template":"","meta":[],"product_brand":[3120],"product_cat":[3911],"product_tag":[],"class_list":{"0":"post-3391367","1":"product","2":"type-product","3":"status-publish","4":"has-post-thumbnail","6":"product_brand-marinetech-de","7":"product_cat-accessories","9":"first","10":"instock","11":"shipping-taxable","12":"purchasable","13":"product-type-simple"},"_links":{"self":[{"href":"https:\/\/stoic-curie.212-227-153-4.plesk.page\/de\/wp-json\/wp\/v2\/product\/3391367","targetHints":{"allow":["GET"]}}],"collection":[{"href":"https:\/\/stoic-curie.212-227-153-4.plesk.page\/de\/wp-json\/wp\/v2\/product"}],"about":[{"href":"https:\/\/stoic-curie.212-227-153-4.plesk.page\/de\/wp-json\/wp\/v2\/types\/product"}],"replies":[{"embeddable":true,"href":"https:\/\/stoic-curie.212-227-153-4.plesk.page\/de\/wp-json\/wp\/v2\/comments?post=3391367"}],"version-history":[{"count":0,"href":"https:\/\/stoic-curie.212-227-153-4.plesk.page\/de\/wp-json\/wp\/v2\/product\/3391367\/revisions"}],"wp:featuredmedia":[{"embeddable":true,"href":"https:\/\/stoic-curie.212-227-153-4.plesk.page\/de\/wp-json\/wp\/v2\/media\/5935752"}],"wp:attachment":[{"href":"https:\/\/stoic-curie.212-227-153-4.plesk.page\/de\/wp-json\/wp\/v2\/media?parent=3391367"}],"wp:term":[{"taxonomy":"product_brand","embeddable":true,"href":"https:\/\/stoic-curie.212-227-153-4.plesk.page\/de\/wp-json\/wp\/v2\/product_brand?post=3391367"},{"taxonomy":"product_cat","embeddable":true,"href":"https:\/\/stoic-curie.212-227-153-4.plesk.page\/de\/wp-json\/wp\/v2\/product_cat?post=3391367"},{"taxonomy":"product_tag","embeddable":true,"href":"https:\/\/stoic-curie.212-227-153-4.plesk.page\/de\/wp-json\/wp\/v2\/product_tag?post=3391367"}],"curies":[{"name":"wp","href":"https:\/\/api.w.org\/{rel}","templated":true}]}}