{"id":3391370,"date":"2025-10-09T22:32:19","date_gmt":"2025-10-10T02:32:19","guid":{"rendered":"https:\/\/stoic-curie.212-227-153-4.plesk.page\/product\/edelstahl-norseman-gabelterminal-fuer-schnelle-verbindungskabel-5-mm\/"},"modified":"2026-02-24T23:34:30","modified_gmt":"2026-02-24T23:34:30","slug":"edelstahl-norseman-gabelterminal-fuer-schnelle-verbindungskabel-5-mm","status":"publish","type":"product","link":"https:\/\/stoic-curie.212-227-153-4.plesk.page\/de\/product\/edelstahl-norseman-gabelterminal-fuer-schnelle-verbindungskabel-5-mm\/","title":{"rendered":"Edelstahl-Norseman-Gabelterminal f\u00fcr schnelle Verbindungskabel 5 mm"},"content":{"rendered":"<p>Edelstahl-Norseman-Gabelterminal f\u00fcr schnelle Verbindungskabel 5 mm &#8211; <\/p>\n<p>Swageless Gabelendst\u00fccke aus 316 Edelstahl. Au\u00dfergew\u00f6hnliche Haltekraft, die der Bruchlast des Drahts entspricht. Einfach zu montieren, einfach den Stahldraht in das Endst\u00fcck einf\u00fchren, und die Spindel h\u00e4lt ihn automatisch fest. Geeignet f\u00fcr alle Arten von Stahldr\u00e4hten (19\/49\/133 Dr\u00e4hte).<\/p>\n","protected":false},"excerpt":{"rendered":"<p>Edelstahl-Norseman-Gabelterminal f\u00fcr schnelle Verbindungskabel 5 mm &#8211; Swageless Gabelendst\u00fccke aus 316 Edelstahl. Au\u00dfergew\u00f6hnliche Haltekraft, die der Bruchlast des Drahts entspricht.<\/p>\n","protected":false},"featured_media":5935756,"comment_status":"closed","ping_status":"closed","template":"","meta":[],"product_brand":[3120],"product_cat":[1409,1478],"product_tag":[],"class_list":{"0":"post-3391370","1":"product","2":"type-product","3":"status-publish","4":"has-post-thumbnail","6":"product_brand-marinetech-de","7":"product_cat-edelstahl-seilendklemmen","8":"product_cat-segelbootbeschlaege","10":"first","11":"instock","12":"shipping-taxable","13":"purchasable","14":"product-type-simple"},"_links":{"self":[{"href":"https:\/\/stoic-curie.212-227-153-4.plesk.page\/de\/wp-json\/wp\/v2\/product\/3391370","targetHints":{"allow":["GET"]}}],"collection":[{"href":"https:\/\/stoic-curie.212-227-153-4.plesk.page\/de\/wp-json\/wp\/v2\/product"}],"about":[{"href":"https:\/\/stoic-curie.212-227-153-4.plesk.page\/de\/wp-json\/wp\/v2\/types\/product"}],"replies":[{"embeddable":true,"href":"https:\/\/stoic-curie.212-227-153-4.plesk.page\/de\/wp-json\/wp\/v2\/comments?post=3391370"}],"version-history":[{"count":0,"href":"https:\/\/stoic-curie.212-227-153-4.plesk.page\/de\/wp-json\/wp\/v2\/product\/3391370\/revisions"}],"wp:featuredmedia":[{"embeddable":true,"href":"https:\/\/stoic-curie.212-227-153-4.plesk.page\/de\/wp-json\/wp\/v2\/media\/5935756"}],"wp:attachment":[{"href":"https:\/\/stoic-curie.212-227-153-4.plesk.page\/de\/wp-json\/wp\/v2\/media?parent=3391370"}],"wp:term":[{"taxonomy":"product_brand","embeddable":true,"href":"https:\/\/stoic-curie.212-227-153-4.plesk.page\/de\/wp-json\/wp\/v2\/product_brand?post=3391370"},{"taxonomy":"product_cat","embeddable":true,"href":"https:\/\/stoic-curie.212-227-153-4.plesk.page\/de\/wp-json\/wp\/v2\/product_cat?post=3391370"},{"taxonomy":"product_tag","embeddable":true,"href":"https:\/\/stoic-curie.212-227-153-4.plesk.page\/de\/wp-json\/wp\/v2\/product_tag?post=3391370"}],"curies":[{"name":"wp","href":"https:\/\/api.w.org\/{rel}","templated":true}]}}