{"id":3391390,"date":"2025-10-09T22:32:19","date_gmt":"2025-10-10T02:32:19","guid":{"rendered":"https:\/\/stoic-curie.212-227-153-4.plesk.page\/product\/edelstahl-augenterminal-fuer-kabel-6mm-pressanschluesse\/"},"modified":"2026-02-24T23:34:30","modified_gmt":"2026-02-24T23:34:30","slug":"edelstahl-augenterminal-fuer-kabel-6mm-pressanschluesse","status":"publish","type":"product","link":"https:\/\/stoic-curie.212-227-153-4.plesk.page\/de\/product\/edelstahl-augenterminal-fuer-kabel-6mm-pressanschluesse\/","title":{"rendered":"Edelstahl-Augenterminal f\u00fcr Kabel 6mm (Pressanschl\u00fcsse)"},"content":{"rendered":"<p>Edelstahl-Augenterminal f\u00fcr Kabel 6mm (Pressanschl\u00fcsse) &#8211; Swage-Augenanschl\u00fcsse aus Edelstahl Aisi 316. Gr\u00f6\u00dfe: Draht \u00d8 6 mm. B1 6,2 mm. B2 12 mm. C 10 mm. D 12 mm. L 55 mm.<\/p>\n","protected":false},"excerpt":{"rendered":"<p>Edelstahl-Augenterminal f\u00fcr Kabel 6mm (Pressanschl\u00fcsse) &#8211; Swage-Augenanschl\u00fcsse aus Edelstahl Aisi 316. Gr\u00f6\u00dfe: Draht \u00d8 6 mm. B1 6,2 mm. B2<\/p>\n","protected":false},"featured_media":5935760,"comment_status":"closed","ping_status":"closed","template":"","meta":[],"product_brand":[3120],"product_cat":[1409,1478],"product_tag":[],"class_list":{"0":"post-3391390","1":"product","2":"type-product","3":"status-publish","4":"has-post-thumbnail","6":"product_brand-marinetech-de","7":"product_cat-edelstahl-seilendklemmen","8":"product_cat-segelbootbeschlaege","10":"first","11":"instock","12":"shipping-taxable","13":"purchasable","14":"product-type-simple"},"_links":{"self":[{"href":"https:\/\/stoic-curie.212-227-153-4.plesk.page\/de\/wp-json\/wp\/v2\/product\/3391390","targetHints":{"allow":["GET"]}}],"collection":[{"href":"https:\/\/stoic-curie.212-227-153-4.plesk.page\/de\/wp-json\/wp\/v2\/product"}],"about":[{"href":"https:\/\/stoic-curie.212-227-153-4.plesk.page\/de\/wp-json\/wp\/v2\/types\/product"}],"replies":[{"embeddable":true,"href":"https:\/\/stoic-curie.212-227-153-4.plesk.page\/de\/wp-json\/wp\/v2\/comments?post=3391390"}],"version-history":[{"count":0,"href":"https:\/\/stoic-curie.212-227-153-4.plesk.page\/de\/wp-json\/wp\/v2\/product\/3391390\/revisions"}],"wp:featuredmedia":[{"embeddable":true,"href":"https:\/\/stoic-curie.212-227-153-4.plesk.page\/de\/wp-json\/wp\/v2\/media\/5935760"}],"wp:attachment":[{"href":"https:\/\/stoic-curie.212-227-153-4.plesk.page\/de\/wp-json\/wp\/v2\/media?parent=3391390"}],"wp:term":[{"taxonomy":"product_brand","embeddable":true,"href":"https:\/\/stoic-curie.212-227-153-4.plesk.page\/de\/wp-json\/wp\/v2\/product_brand?post=3391390"},{"taxonomy":"product_cat","embeddable":true,"href":"https:\/\/stoic-curie.212-227-153-4.plesk.page\/de\/wp-json\/wp\/v2\/product_cat?post=3391390"},{"taxonomy":"product_tag","embeddable":true,"href":"https:\/\/stoic-curie.212-227-153-4.plesk.page\/de\/wp-json\/wp\/v2\/product_tag?post=3391390"}],"curies":[{"name":"wp","href":"https:\/\/api.w.org\/{rel}","templated":true}]}}