{"id":3391416,"date":"2025-10-09T22:32:20","date_gmt":"2025-10-10T02:32:20","guid":{"rendered":"https:\/\/stoic-curie.212-227-153-4.plesk.page\/product\/zinkfinne-fuer-mercury-35-hp-31640a1-31640q4\/"},"modified":"2026-02-24T23:34:30","modified_gmt":"2026-02-24T23:34:30","slug":"zinkfinne-fuer-mercury-35-hp-31640a1-31640q4","status":"publish","type":"product","link":"https:\/\/stoic-curie.212-227-153-4.plesk.page\/de\/product\/zinkfinne-fuer-mercury-35-hp-31640a1-31640q4\/","title":{"rendered":"Zinkfinne f\u00fcr Mercury 35 HP 31640A1-31640Q4"},"content":{"rendered":"<p>Zinkfinne f\u00fcr Mercury 35 HP 31640A1-31640Q4 &#8211; Kurzes Fin f\u00fcr Au\u00dfenbordmotor mit 50 PS (oder Ref. 31640A1-31640Q4)<\/p>\n","protected":false},"excerpt":{"rendered":"<p>Zinkfinne f\u00fcr Mercury 35 HP 31640A1-31640Q4 &#8211; Kurzes Fin f\u00fcr Au\u00dfenbordmotor mit 50 PS (oder Ref. 31640A1-31640Q4)<\/p>\n","protected":false},"featured_media":5935766,"comment_status":"closed","ping_status":"closed","template":"","meta":[],"product_brand":[3475],"product_cat":[1528],"product_tag":[],"class_list":{"0":"post-3391416","1":"product","2":"type-product","3":"status-publish","4":"has-post-thumbnail","6":"product_brand-tecnoseal-de","7":"product_cat-marine-ersatzteile-fuer-mercury-und-mariner","9":"first","10":"instock","11":"shipping-taxable","12":"purchasable","13":"product-type-simple"},"_links":{"self":[{"href":"https:\/\/stoic-curie.212-227-153-4.plesk.page\/de\/wp-json\/wp\/v2\/product\/3391416","targetHints":{"allow":["GET"]}}],"collection":[{"href":"https:\/\/stoic-curie.212-227-153-4.plesk.page\/de\/wp-json\/wp\/v2\/product"}],"about":[{"href":"https:\/\/stoic-curie.212-227-153-4.plesk.page\/de\/wp-json\/wp\/v2\/types\/product"}],"replies":[{"embeddable":true,"href":"https:\/\/stoic-curie.212-227-153-4.plesk.page\/de\/wp-json\/wp\/v2\/comments?post=3391416"}],"version-history":[{"count":0,"href":"https:\/\/stoic-curie.212-227-153-4.plesk.page\/de\/wp-json\/wp\/v2\/product\/3391416\/revisions"}],"wp:featuredmedia":[{"embeddable":true,"href":"https:\/\/stoic-curie.212-227-153-4.plesk.page\/de\/wp-json\/wp\/v2\/media\/5935766"}],"wp:attachment":[{"href":"https:\/\/stoic-curie.212-227-153-4.plesk.page\/de\/wp-json\/wp\/v2\/media?parent=3391416"}],"wp:term":[{"taxonomy":"product_brand","embeddable":true,"href":"https:\/\/stoic-curie.212-227-153-4.plesk.page\/de\/wp-json\/wp\/v2\/product_brand?post=3391416"},{"taxonomy":"product_cat","embeddable":true,"href":"https:\/\/stoic-curie.212-227-153-4.plesk.page\/de\/wp-json\/wp\/v2\/product_cat?post=3391416"},{"taxonomy":"product_tag","embeddable":true,"href":"https:\/\/stoic-curie.212-227-153-4.plesk.page\/de\/wp-json\/wp\/v2\/product_tag?post=3391416"}],"curies":[{"name":"wp","href":"https:\/\/api.w.org\/{rel}","templated":true}]}}