{"id":3391468,"date":"2025-10-09T22:32:22","date_gmt":"2025-10-10T02:32:22","guid":{"rendered":"https:\/\/stoic-curie.212-227-153-4.plesk.page\/product\/zinkanodenkragen-fuer-sail-drive-lombardini-121-x-82mm-9135034\/"},"modified":"2026-02-24T23:34:30","modified_gmt":"2026-02-24T23:34:30","slug":"zinkanodenkragen-fuer-sail-drive-lombardini-121-x-82mm-9135034","status":"publish","type":"product","link":"https:\/\/stoic-curie.212-227-153-4.plesk.page\/de\/product\/zinkanodenkragen-fuer-sail-drive-lombardini-121-x-82mm-9135034\/","title":{"rendered":"Zinkanodenkragen f\u00fcr Sail Drive Lombardini 121 x 82mm 9135034"},"content":{"rendered":"<p>Zinkanodenkragen f\u00fcr Sail Drive Lombardini 121 x 82mm 9135034 &#8211; Anode mit einem zweigeteilten Kragen f\u00fcr Lombardini Sail-Drive-Motoren.<\/p>\n","protected":false},"excerpt":{"rendered":"<p>Zinkanodenkragen f\u00fcr Sail Drive Lombardini 121 x 82mm 9135034 &#8211; Anode mit einem zweigeteilten Kragen f\u00fcr Lombardini Sail-Drive-Motoren.<\/p>\n","protected":false},"featured_media":5935771,"comment_status":"closed","ping_status":"closed","template":"","meta":[],"product_brand":[3475],"product_cat":[1349],"product_tag":[],"class_list":{"0":"post-3391468","1":"product","2":"type-product","3":"status-publish","4":"has-post-thumbnail","6":"product_brand-tecnoseal-de","7":"product_cat-anoden-fuer-propeller","9":"first","10":"instock","11":"shipping-taxable","12":"purchasable","13":"product-type-simple"},"_links":{"self":[{"href":"https:\/\/stoic-curie.212-227-153-4.plesk.page\/de\/wp-json\/wp\/v2\/product\/3391468","targetHints":{"allow":["GET"]}}],"collection":[{"href":"https:\/\/stoic-curie.212-227-153-4.plesk.page\/de\/wp-json\/wp\/v2\/product"}],"about":[{"href":"https:\/\/stoic-curie.212-227-153-4.plesk.page\/de\/wp-json\/wp\/v2\/types\/product"}],"replies":[{"embeddable":true,"href":"https:\/\/stoic-curie.212-227-153-4.plesk.page\/de\/wp-json\/wp\/v2\/comments?post=3391468"}],"version-history":[{"count":0,"href":"https:\/\/stoic-curie.212-227-153-4.plesk.page\/de\/wp-json\/wp\/v2\/product\/3391468\/revisions"}],"wp:featuredmedia":[{"embeddable":true,"href":"https:\/\/stoic-curie.212-227-153-4.plesk.page\/de\/wp-json\/wp\/v2\/media\/5935771"}],"wp:attachment":[{"href":"https:\/\/stoic-curie.212-227-153-4.plesk.page\/de\/wp-json\/wp\/v2\/media?parent=3391468"}],"wp:term":[{"taxonomy":"product_brand","embeddable":true,"href":"https:\/\/stoic-curie.212-227-153-4.plesk.page\/de\/wp-json\/wp\/v2\/product_brand?post=3391468"},{"taxonomy":"product_cat","embeddable":true,"href":"https:\/\/stoic-curie.212-227-153-4.plesk.page\/de\/wp-json\/wp\/v2\/product_cat?post=3391468"},{"taxonomy":"product_tag","embeddable":true,"href":"https:\/\/stoic-curie.212-227-153-4.plesk.page\/de\/wp-json\/wp\/v2\/product_tag?post=3391468"}],"curies":[{"name":"wp","href":"https:\/\/api.w.org\/{rel}","templated":true}]}}