{"id":3391604,"date":"2025-10-09T22:32:27","date_gmt":"2025-10-10T02:32:27","guid":{"rendered":"https:\/\/stoic-curie.212-227-153-4.plesk.page\/product\/set-von-10-notfall-holzstopfen\/"},"modified":"2026-02-24T23:34:30","modified_gmt":"2026-02-24T23:34:30","slug":"set-von-10-notfall-holzstopfen","status":"publish","type":"product","link":"https:\/\/stoic-curie.212-227-153-4.plesk.page\/de\/product\/set-von-10-notfall-holzstopfen\/","title":{"rendered":"Set von 10 Notfall-Holzstopfen"},"content":{"rendered":"<p>Set von 10 Notfall-Holzstopfen &#8211; Set mit 10 Sicherheitsstopfen aus weichem Holz &#8211; Diese Set aus 10 Weichholzstopfen erf\u00fcllt die Anforderungen der RORC und eignet sich perfekt zum Verschlie\u00dfen von L\u00f6chern im Rumpf, an Hautanschl\u00fcssen, bei Rohrleckagen usw. Gr\u00f6\u00dfen von 5 bis 28,2 mm.<\/p>\n","protected":false},"excerpt":{"rendered":"<p>Set von 10 Notfall-Holzstopfen &#8211; Set mit 10 Sicherheitsstopfen aus weichem Holz &#8211; Diese Set aus 10 Weichholzstopfen erf\u00fcllt die<\/p>\n","protected":false},"featured_media":5935794,"comment_status":"closed","ping_status":"closed","template":"","meta":[],"product_brand":[3490],"product_cat":[1318],"product_tag":[],"class_list":{"0":"post-3391604","1":"product","2":"type-product","3":"status-publish","4":"has-post-thumbnail","6":"product_brand-trem-de","7":"product_cat-sicherheitszubehoer","9":"first","10":"instock","11":"shipping-taxable","12":"purchasable","13":"product-type-simple"},"_links":{"self":[{"href":"https:\/\/stoic-curie.212-227-153-4.plesk.page\/de\/wp-json\/wp\/v2\/product\/3391604","targetHints":{"allow":["GET"]}}],"collection":[{"href":"https:\/\/stoic-curie.212-227-153-4.plesk.page\/de\/wp-json\/wp\/v2\/product"}],"about":[{"href":"https:\/\/stoic-curie.212-227-153-4.plesk.page\/de\/wp-json\/wp\/v2\/types\/product"}],"replies":[{"embeddable":true,"href":"https:\/\/stoic-curie.212-227-153-4.plesk.page\/de\/wp-json\/wp\/v2\/comments?post=3391604"}],"version-history":[{"count":0,"href":"https:\/\/stoic-curie.212-227-153-4.plesk.page\/de\/wp-json\/wp\/v2\/product\/3391604\/revisions"}],"wp:featuredmedia":[{"embeddable":true,"href":"https:\/\/stoic-curie.212-227-153-4.plesk.page\/de\/wp-json\/wp\/v2\/media\/5935794"}],"wp:attachment":[{"href":"https:\/\/stoic-curie.212-227-153-4.plesk.page\/de\/wp-json\/wp\/v2\/media?parent=3391604"}],"wp:term":[{"taxonomy":"product_brand","embeddable":true,"href":"https:\/\/stoic-curie.212-227-153-4.plesk.page\/de\/wp-json\/wp\/v2\/product_brand?post=3391604"},{"taxonomy":"product_cat","embeddable":true,"href":"https:\/\/stoic-curie.212-227-153-4.plesk.page\/de\/wp-json\/wp\/v2\/product_cat?post=3391604"},{"taxonomy":"product_tag","embeddable":true,"href":"https:\/\/stoic-curie.212-227-153-4.plesk.page\/de\/wp-json\/wp\/v2\/product_tag?post=3391604"}],"curies":[{"name":"wp","href":"https:\/\/api.w.org\/{rel}","templated":true}]}}