{"id":3391774,"date":"2025-10-09T22:32:33","date_gmt":"2025-10-10T02:32:33","guid":{"rendered":"https:\/\/stoic-curie.212-227-153-4.plesk.page\/product\/universelle-marinopolitur-iosso-ml-250\/"},"modified":"2026-02-24T23:34:30","modified_gmt":"2026-02-24T23:34:30","slug":"universelle-marinopolitur-iosso-ml-250","status":"publish","type":"product","link":"https:\/\/stoic-curie.212-227-153-4.plesk.page\/de\/product\/universelle-marinopolitur-iosso-ml-250\/","title":{"rendered":"Universelle Marinopolitur Iosso ml. 250"},"content":{"rendered":"<p>Universelle Marinopolitur Iosso ml. 250 &#8211; <\/p>\n<p>Sch\u00fctzende Reinigungs- und Poliercreme Iosso Fiberglass &#038; Metal Restorer. Geeignet f\u00fcr alle Metalle: Edelstahl, Messing, verchromtes Bronze. Stellt auch die Farbe wieder her und sch\u00fctzt verblasstes Fiberglas f\u00fcr Monate.<\/p>\n","protected":false},"excerpt":{"rendered":"<p>Universelle Marinopolitur Iosso ml. 250 &#8211; Sch\u00fctzende Reinigungs- und Poliercreme Iosso Fiberglass &#038; Metal Restorer. Geeignet f\u00fcr alle Metalle: Edelstahl,<\/p>\n","protected":false},"featured_media":5935824,"comment_status":"closed","ping_status":"closed","template":"","meta":[],"product_brand":[3020],"product_cat":[1341,1339],"product_tag":[],"class_list":{"0":"post-3391774","1":"product","2":"type-product","3":"status-publish","4":"has-post-thumbnail","6":"product_brand-iosso-de","7":"product_cat-produkte-zur-reinigung","8":"product_cat-produkte-zur-wartung","10":"first","11":"instock","12":"shipping-taxable","13":"purchasable","14":"product-type-simple"},"_links":{"self":[{"href":"https:\/\/stoic-curie.212-227-153-4.plesk.page\/de\/wp-json\/wp\/v2\/product\/3391774","targetHints":{"allow":["GET"]}}],"collection":[{"href":"https:\/\/stoic-curie.212-227-153-4.plesk.page\/de\/wp-json\/wp\/v2\/product"}],"about":[{"href":"https:\/\/stoic-curie.212-227-153-4.plesk.page\/de\/wp-json\/wp\/v2\/types\/product"}],"replies":[{"embeddable":true,"href":"https:\/\/stoic-curie.212-227-153-4.plesk.page\/de\/wp-json\/wp\/v2\/comments?post=3391774"}],"version-history":[{"count":0,"href":"https:\/\/stoic-curie.212-227-153-4.plesk.page\/de\/wp-json\/wp\/v2\/product\/3391774\/revisions"}],"wp:featuredmedia":[{"embeddable":true,"href":"https:\/\/stoic-curie.212-227-153-4.plesk.page\/de\/wp-json\/wp\/v2\/media\/5935824"}],"wp:attachment":[{"href":"https:\/\/stoic-curie.212-227-153-4.plesk.page\/de\/wp-json\/wp\/v2\/media?parent=3391774"}],"wp:term":[{"taxonomy":"product_brand","embeddable":true,"href":"https:\/\/stoic-curie.212-227-153-4.plesk.page\/de\/wp-json\/wp\/v2\/product_brand?post=3391774"},{"taxonomy":"product_cat","embeddable":true,"href":"https:\/\/stoic-curie.212-227-153-4.plesk.page\/de\/wp-json\/wp\/v2\/product_cat?post=3391774"},{"taxonomy":"product_tag","embeddable":true,"href":"https:\/\/stoic-curie.212-227-153-4.plesk.page\/de\/wp-json\/wp\/v2\/product_tag?post=3391774"}],"curies":[{"name":"wp","href":"https:\/\/api.w.org\/{rel}","templated":true}]}}