{"id":3391792,"date":"2025-10-09T22:32:34","date_gmt":"2025-10-10T02:32:34","guid":{"rendered":"https:\/\/stoic-curie.212-227-153-4.plesk.page\/product\/iosso-raft-lux-750-ml\/"},"modified":"2026-02-24T23:34:30","modified_gmt":"2026-02-24T23:34:30","slug":"iosso-raft-lux-750-ml","status":"publish","type":"product","link":"https:\/\/stoic-curie.212-227-153-4.plesk.page\/de\/product\/iosso-raft-lux-750-ml\/","title":{"rendered":"Iosso Raft Lux 750 ml"},"content":{"rendered":"<p>Iosso Raft Lux 750 ml &#8211; <\/p>\n<p>Iosso Raft Lux ist ein selbstpolierender, elastischer Schutz f\u00fcr Gummi- oder PVC-Aufblasboote. Er l\u00e4sst sich leicht auftragen, trocknet schnell und h\u00e4lt lange. Er hinterl\u00e4sst eine sch\u00fctzende Schicht mit rutschhemmendem Effekt, die ein Verblassen der Farben und UV-Sch\u00e4den verhindert und auf allen Oberfl\u00e4chen einen strahlenden Glanz wiederherstellt. Es beeinflusst die Farben nicht, verdickt nicht und bietet einen Schutz gegen Schmutz. Die Oberfl\u00e4che muss gereinigt und trocken sein, dann auftragen und trocknen lassen.<\/p>\n","protected":false},"excerpt":{"rendered":"<p>Iosso Raft Lux 750 ml &#8211; Iosso Raft Lux ist ein selbstpolierender, elastischer Schutz f\u00fcr Gummi- oder PVC-Aufblasboote. Er l\u00e4sst<\/p>\n","protected":false},"featured_media":5935826,"comment_status":"closed","ping_status":"closed","template":"","meta":[],"product_brand":[3020],"product_cat":[1341,1552],"product_tag":[],"class_list":{"0":"post-3391792","1":"product","2":"type-product","3":"status-publish","4":"has-post-thumbnail","6":"product_brand-iosso-de","7":"product_cat-produkte-zur-reinigung","8":"product_cat-zubehoer-fuer-schlauchboote","10":"first","11":"instock","12":"shipping-taxable","13":"purchasable","14":"product-type-simple"},"_links":{"self":[{"href":"https:\/\/stoic-curie.212-227-153-4.plesk.page\/de\/wp-json\/wp\/v2\/product\/3391792","targetHints":{"allow":["GET"]}}],"collection":[{"href":"https:\/\/stoic-curie.212-227-153-4.plesk.page\/de\/wp-json\/wp\/v2\/product"}],"about":[{"href":"https:\/\/stoic-curie.212-227-153-4.plesk.page\/de\/wp-json\/wp\/v2\/types\/product"}],"replies":[{"embeddable":true,"href":"https:\/\/stoic-curie.212-227-153-4.plesk.page\/de\/wp-json\/wp\/v2\/comments?post=3391792"}],"version-history":[{"count":0,"href":"https:\/\/stoic-curie.212-227-153-4.plesk.page\/de\/wp-json\/wp\/v2\/product\/3391792\/revisions"}],"wp:featuredmedia":[{"embeddable":true,"href":"https:\/\/stoic-curie.212-227-153-4.plesk.page\/de\/wp-json\/wp\/v2\/media\/5935826"}],"wp:attachment":[{"href":"https:\/\/stoic-curie.212-227-153-4.plesk.page\/de\/wp-json\/wp\/v2\/media?parent=3391792"}],"wp:term":[{"taxonomy":"product_brand","embeddable":true,"href":"https:\/\/stoic-curie.212-227-153-4.plesk.page\/de\/wp-json\/wp\/v2\/product_brand?post=3391792"},{"taxonomy":"product_cat","embeddable":true,"href":"https:\/\/stoic-curie.212-227-153-4.plesk.page\/de\/wp-json\/wp\/v2\/product_cat?post=3391792"},{"taxonomy":"product_tag","embeddable":true,"href":"https:\/\/stoic-curie.212-227-153-4.plesk.page\/de\/wp-json\/wp\/v2\/product_tag?post=3391792"}],"curies":[{"name":"wp","href":"https:\/\/api.w.org\/{rel}","templated":true}]}}