{"id":3391828,"date":"2025-10-09T22:32:35","date_gmt":"2025-10-10T02:32:35","guid":{"rendered":"https:\/\/stoic-curie.212-227-153-4.plesk.page\/product\/crc-6-66-marinelektrik-kontaktreiniger-200-ml\/"},"modified":"2026-02-24T23:34:30","modified_gmt":"2026-02-24T23:34:30","slug":"crc-6-66-marinelektrik-kontaktreiniger-200-ml","status":"publish","type":"product","link":"https:\/\/stoic-curie.212-227-153-4.plesk.page\/de\/product\/crc-6-66-marinelektrik-kontaktreiniger-200-ml\/","title":{"rendered":"CRC 6-66 Marinelektrik-Kontaktreiniger 200 ML"},"content":{"rendered":"<p>CRC 6-66 Marinelektrik-Kontaktreiniger 200 ML &#8211; <\/p>\n<p>CRC 6-66 sch\u00fctzt vor marine Salzkorrosion, entsperrt, reinigt und schmiert alles. Wasserabweisend, hydrophob, ver\u00e4ndert nicht die Leitf\u00e4higkeit der elektrischen Kontakte.<\/p>\n","protected":false},"excerpt":{"rendered":"<p>CRC 6-66 Marinelektrik-Kontaktreiniger 200 ML &#8211; CRC 6-66 sch\u00fctzt vor marine Salzkorrosion, entsperrt, reinigt und schmiert alles. Wasserabweisend, hydrophob, ver\u00e4ndert<\/p>\n","protected":false},"featured_media":5935831,"comment_status":"closed","ping_status":"closed","template":"","meta":[],"product_brand":[2870],"product_cat":[1453],"product_tag":[],"class_list":{"0":"post-3391828","1":"product","2":"type-product","3":"status-publish","4":"has-post-thumbnail","6":"product_brand-crc-marine-de","7":"product_cat-elektrozubehoer","9":"first","10":"instock","11":"shipping-taxable","12":"purchasable","13":"product-type-simple"},"_links":{"self":[{"href":"https:\/\/stoic-curie.212-227-153-4.plesk.page\/de\/wp-json\/wp\/v2\/product\/3391828","targetHints":{"allow":["GET"]}}],"collection":[{"href":"https:\/\/stoic-curie.212-227-153-4.plesk.page\/de\/wp-json\/wp\/v2\/product"}],"about":[{"href":"https:\/\/stoic-curie.212-227-153-4.plesk.page\/de\/wp-json\/wp\/v2\/types\/product"}],"replies":[{"embeddable":true,"href":"https:\/\/stoic-curie.212-227-153-4.plesk.page\/de\/wp-json\/wp\/v2\/comments?post=3391828"}],"version-history":[{"count":0,"href":"https:\/\/stoic-curie.212-227-153-4.plesk.page\/de\/wp-json\/wp\/v2\/product\/3391828\/revisions"}],"wp:featuredmedia":[{"embeddable":true,"href":"https:\/\/stoic-curie.212-227-153-4.plesk.page\/de\/wp-json\/wp\/v2\/media\/5935831"}],"wp:attachment":[{"href":"https:\/\/stoic-curie.212-227-153-4.plesk.page\/de\/wp-json\/wp\/v2\/media?parent=3391828"}],"wp:term":[{"taxonomy":"product_brand","embeddable":true,"href":"https:\/\/stoic-curie.212-227-153-4.plesk.page\/de\/wp-json\/wp\/v2\/product_brand?post=3391828"},{"taxonomy":"product_cat","embeddable":true,"href":"https:\/\/stoic-curie.212-227-153-4.plesk.page\/de\/wp-json\/wp\/v2\/product_cat?post=3391828"},{"taxonomy":"product_tag","embeddable":true,"href":"https:\/\/stoic-curie.212-227-153-4.plesk.page\/de\/wp-json\/wp\/v2\/product_tag?post=3391828"}],"curies":[{"name":"wp","href":"https:\/\/api.w.org\/{rel}","templated":true}]}}