{"id":3391845,"date":"2025-10-09T22:32:36","date_gmt":"2025-10-10T02:32:36","guid":{"rendered":"https:\/\/stoic-curie.212-227-153-4.plesk.page\/product\/vaseline-gleitfett-125ml\/"},"modified":"2026-02-24T23:34:30","modified_gmt":"2026-02-24T23:34:30","slug":"vaseline-gleitfett-125ml","status":"publish","type":"product","link":"https:\/\/stoic-curie.212-227-153-4.plesk.page\/de\/product\/vaseline-gleitfett-125ml\/","title":{"rendered":"Vaseline-Gleitfett, 125ml"},"content":{"rendered":"<p>Vaseline-Gleitfett, 125ml &#8211; <\/p>\n<p>Sch\u00fctzendes, farbloses, nicht f\u00e4rbendes und best\u00e4ndiges \u00f6kologisches Schmiermittel. Angezeigt f\u00fcr T\u00fcrschl\u00f6sser, Scharniere, Batterieklemmen usw. Macht Holzbauteile wasserdicht und gleitf\u00e4hig. Sch\u00fctzt und erneuert Gummi und Gummifabriken.<\/p>\n","protected":false},"excerpt":{"rendered":"<p>Vaseline-Gleitfett, 125ml &#8211; Sch\u00fctzendes, farbloses, nicht f\u00e4rbendes und best\u00e4ndiges \u00f6kologisches Schmiermittel. Angezeigt f\u00fcr T\u00fcrschl\u00f6sser, Scharniere, Batterieklemmen usw. Macht Holzbauteile wasserdicht<\/p>\n","protected":false},"featured_media":5935834,"comment_status":"closed","ping_status":"closed","template":"","meta":[],"product_brand":[2870],"product_cat":[1508,1339],"product_tag":[],"class_list":{"0":"post-3391845","1":"product","2":"type-product","3":"status-publish","4":"has-post-thumbnail","6":"product_brand-crc-marine-de","7":"product_cat-marine-schmierstoffe","8":"product_cat-produkte-zur-wartung","10":"first","11":"instock","12":"shipping-taxable","13":"purchasable","14":"product-type-simple"},"_links":{"self":[{"href":"https:\/\/stoic-curie.212-227-153-4.plesk.page\/de\/wp-json\/wp\/v2\/product\/3391845","targetHints":{"allow":["GET"]}}],"collection":[{"href":"https:\/\/stoic-curie.212-227-153-4.plesk.page\/de\/wp-json\/wp\/v2\/product"}],"about":[{"href":"https:\/\/stoic-curie.212-227-153-4.plesk.page\/de\/wp-json\/wp\/v2\/types\/product"}],"replies":[{"embeddable":true,"href":"https:\/\/stoic-curie.212-227-153-4.plesk.page\/de\/wp-json\/wp\/v2\/comments?post=3391845"}],"version-history":[{"count":0,"href":"https:\/\/stoic-curie.212-227-153-4.plesk.page\/de\/wp-json\/wp\/v2\/product\/3391845\/revisions"}],"wp:featuredmedia":[{"embeddable":true,"href":"https:\/\/stoic-curie.212-227-153-4.plesk.page\/de\/wp-json\/wp\/v2\/media\/5935834"}],"wp:attachment":[{"href":"https:\/\/stoic-curie.212-227-153-4.plesk.page\/de\/wp-json\/wp\/v2\/media?parent=3391845"}],"wp:term":[{"taxonomy":"product_brand","embeddable":true,"href":"https:\/\/stoic-curie.212-227-153-4.plesk.page\/de\/wp-json\/wp\/v2\/product_brand?post=3391845"},{"taxonomy":"product_cat","embeddable":true,"href":"https:\/\/stoic-curie.212-227-153-4.plesk.page\/de\/wp-json\/wp\/v2\/product_cat?post=3391845"},{"taxonomy":"product_tag","embeddable":true,"href":"https:\/\/stoic-curie.212-227-153-4.plesk.page\/de\/wp-json\/wp\/v2\/product_tag?post=3391845"}],"curies":[{"name":"wp","href":"https:\/\/api.w.org\/{rel}","templated":true}]}}