{"id":3391883,"date":"2025-10-09T22:32:37","date_gmt":"2025-10-10T02:32:37","guid":{"rendered":"https:\/\/stoic-curie.212-227-153-4.plesk.page\/product\/sikaflex-291-i-cure-schwarz-70-ml-blister\/"},"modified":"2026-02-24T23:34:30","modified_gmt":"2026-02-24T23:34:30","slug":"sikaflex-291-i-cure-schwarz-70-ml-blister","status":"publish","type":"product","link":"https:\/\/stoic-curie.212-227-153-4.plesk.page\/de\/product\/sikaflex-291-i-cure-schwarz-70-ml-blister\/","title":{"rendered":"Sikaflex 291 i-Cure Schwarz 70 ml Blister"},"content":{"rendered":"<p>Sikaflex 291 i-Cure Schwarz 70 ml Blister &#8211; <\/p>\n<p>Polyurethan-basiertes i-cure, eine neue Technologie f\u00fcr Mehrzweckdichtstoffe, die in der Boots- und Schiffsbaubranche eingesetzt wird. Geeignet f\u00fcr elastische und langlebige Dichtungen und haftet gut auf den meisten g\u00e4ngigen Untergr\u00fcnden.<\/p>\n","protected":false},"excerpt":{"rendered":"<p>Sikaflex 291 i-Cure Schwarz 70 ml Blister &#8211; Polyurethan-basiertes i-cure, eine neue Technologie f\u00fcr Mehrzweckdichtstoffe, die in der Boots- und<\/p>\n","protected":false},"featured_media":5935835,"comment_status":"closed","ping_status":"closed","template":"","meta":[],"product_brand":[3395],"product_cat":[1350],"product_tag":[],"class_list":{"0":"post-3391883","1":"product","2":"type-product","3":"status-publish","4":"has-post-thumbnail","6":"product_brand-sika-marine-de","7":"product_cat-klebstoffe-und-dichtungsmassen","9":"first","10":"instock","11":"shipping-taxable","12":"purchasable","13":"product-type-simple"},"_links":{"self":[{"href":"https:\/\/stoic-curie.212-227-153-4.plesk.page\/de\/wp-json\/wp\/v2\/product\/3391883","targetHints":{"allow":["GET"]}}],"collection":[{"href":"https:\/\/stoic-curie.212-227-153-4.plesk.page\/de\/wp-json\/wp\/v2\/product"}],"about":[{"href":"https:\/\/stoic-curie.212-227-153-4.plesk.page\/de\/wp-json\/wp\/v2\/types\/product"}],"replies":[{"embeddable":true,"href":"https:\/\/stoic-curie.212-227-153-4.plesk.page\/de\/wp-json\/wp\/v2\/comments?post=3391883"}],"version-history":[{"count":0,"href":"https:\/\/stoic-curie.212-227-153-4.plesk.page\/de\/wp-json\/wp\/v2\/product\/3391883\/revisions"}],"wp:featuredmedia":[{"embeddable":true,"href":"https:\/\/stoic-curie.212-227-153-4.plesk.page\/de\/wp-json\/wp\/v2\/media\/5935835"}],"wp:attachment":[{"href":"https:\/\/stoic-curie.212-227-153-4.plesk.page\/de\/wp-json\/wp\/v2\/media?parent=3391883"}],"wp:term":[{"taxonomy":"product_brand","embeddable":true,"href":"https:\/\/stoic-curie.212-227-153-4.plesk.page\/de\/wp-json\/wp\/v2\/product_brand?post=3391883"},{"taxonomy":"product_cat","embeddable":true,"href":"https:\/\/stoic-curie.212-227-153-4.plesk.page\/de\/wp-json\/wp\/v2\/product_cat?post=3391883"},{"taxonomy":"product_tag","embeddable":true,"href":"https:\/\/stoic-curie.212-227-153-4.plesk.page\/de\/wp-json\/wp\/v2\/product_tag?post=3391883"}],"curies":[{"name":"wp","href":"https:\/\/api.w.org\/{rel}","templated":true}]}}