{"id":3391947,"date":"2025-10-09T22:32:39","date_gmt":"2025-10-10T02:32:39","guid":{"rendered":"https:\/\/stoic-curie.212-227-153-4.plesk.page\/product\/sikaflex-515-weiss-300-ml\/"},"modified":"2026-02-24T23:34:30","modified_gmt":"2026-02-24T23:34:30","slug":"sikaflex-515-weiss-300-ml","status":"publish","type":"product","link":"https:\/\/stoic-curie.212-227-153-4.plesk.page\/de\/product\/sikaflex-515-weiss-300-ml\/","title":{"rendered":"Sikaflex 515 Wei\u00df 300 ml"},"content":{"rendered":"<p>Sikaflex 515 Wei\u00df 300 ml &#8211; <\/p>\n<p>Sikaflex-515 ist eine einwertige Dichtmasse, die auf der Sika Silan-Terminator (STP) Technologie basiert. Sie h\u00e4rtet durch Kontakt mit atmosph\u00e4rischer Feuchtigkeit aus und bildet ein langlebiges Elastomer. Sie bietet hervorragende Dichteigenschaften f\u00fcr Innen- und Au\u00dfenanwendungen. Die Haftung auf allen g\u00e4ngigen Materialien, Metallen, ABS, PC, Fiberglas und Holz ist ausgezeichnet.<\/p>\n","protected":false},"excerpt":{"rendered":"<p>Sikaflex 515 Wei\u00df 300 ml &#8211; Sikaflex-515 ist eine einwertige Dichtmasse, die auf der Sika Silan-Terminator (STP) Technologie basiert. Sie<\/p>\n","protected":false},"featured_media":5935862,"comment_status":"closed","ping_status":"closed","template":"","meta":[],"product_brand":[3395],"product_cat":[1350],"product_tag":[],"class_list":{"0":"post-3391947","1":"product","2":"type-product","3":"status-publish","4":"has-post-thumbnail","6":"product_brand-sika-marine-de","7":"product_cat-klebstoffe-und-dichtungsmassen","9":"first","10":"instock","11":"shipping-taxable","12":"purchasable","13":"product-type-simple"},"_links":{"self":[{"href":"https:\/\/stoic-curie.212-227-153-4.plesk.page\/de\/wp-json\/wp\/v2\/product\/3391947","targetHints":{"allow":["GET"]}}],"collection":[{"href":"https:\/\/stoic-curie.212-227-153-4.plesk.page\/de\/wp-json\/wp\/v2\/product"}],"about":[{"href":"https:\/\/stoic-curie.212-227-153-4.plesk.page\/de\/wp-json\/wp\/v2\/types\/product"}],"replies":[{"embeddable":true,"href":"https:\/\/stoic-curie.212-227-153-4.plesk.page\/de\/wp-json\/wp\/v2\/comments?post=3391947"}],"version-history":[{"count":0,"href":"https:\/\/stoic-curie.212-227-153-4.plesk.page\/de\/wp-json\/wp\/v2\/product\/3391947\/revisions"}],"wp:featuredmedia":[{"embeddable":true,"href":"https:\/\/stoic-curie.212-227-153-4.plesk.page\/de\/wp-json\/wp\/v2\/media\/5935862"}],"wp:attachment":[{"href":"https:\/\/stoic-curie.212-227-153-4.plesk.page\/de\/wp-json\/wp\/v2\/media?parent=3391947"}],"wp:term":[{"taxonomy":"product_brand","embeddable":true,"href":"https:\/\/stoic-curie.212-227-153-4.plesk.page\/de\/wp-json\/wp\/v2\/product_brand?post=3391947"},{"taxonomy":"product_cat","embeddable":true,"href":"https:\/\/stoic-curie.212-227-153-4.plesk.page\/de\/wp-json\/wp\/v2\/product_cat?post=3391947"},{"taxonomy":"product_tag","embeddable":true,"href":"https:\/\/stoic-curie.212-227-153-4.plesk.page\/de\/wp-json\/wp\/v2\/product_tag?post=3391947"}],"curies":[{"name":"wp","href":"https:\/\/api.w.org\/{rel}","templated":true}]}}