{"id":3392001,"date":"2025-10-09T22:32:41","date_gmt":"2025-10-10T02:32:41","guid":{"rendered":"https:\/\/stoic-curie.212-227-153-4.plesk.page\/product\/manueller-inflator-bravo-110\/"},"modified":"2026-02-24T23:34:30","modified_gmt":"2026-02-24T23:34:30","slug":"manueller-inflator-bravo-110","status":"publish","type":"product","link":"https:\/\/stoic-curie.212-227-153-4.plesk.page\/de\/product\/manueller-inflator-bravo-110\/","title":{"rendered":"Manueller Inflator Bravo 110"},"content":{"rendered":"<p>Manueller Inflator Bravo 110 &#8211; <\/p>\n<p>Wechselbare Handpumpe mit Einzel-\/Doppelaktion, die sowohl aufblasen als auch ablassen kann. ABS- und Aluminiumgeh\u00e4use mit ergonomischem Griff, vergr\u00f6\u00dfertem Fu\u00df, mehreren Anschl\u00fcssen, Manometer, Filter und Schalter f\u00fcr die Einzelaktion zur Reduzierung der Kraft und zum Erreichen hoher Dr\u00fccke. Abmessungen: 17 x 30 x H58 cm.<\/p>\n","protected":false},"excerpt":{"rendered":"<p>Manueller Inflator Bravo 110 &#8211; Wechselbare Handpumpe mit Einzel-\/Doppelaktion, die sowohl aufblasen als auch ablassen kann. ABS- und Aluminiumgeh\u00e4use mit<\/p>\n","protected":false},"featured_media":5935871,"comment_status":"closed","ping_status":"closed","template":"","meta":[],"product_brand":[2850],"product_cat":[1548],"product_tag":[],"class_list":{"0":"post-3392001","1":"product","2":"type-product","3":"status-publish","4":"has-post-thumbnail","6":"product_brand-bravo-scoprega-de","7":"product_cat-schlauchboot-luftpumpen","9":"first","10":"instock","11":"shipping-taxable","12":"purchasable","13":"product-type-simple"},"_links":{"self":[{"href":"https:\/\/stoic-curie.212-227-153-4.plesk.page\/de\/wp-json\/wp\/v2\/product\/3392001","targetHints":{"allow":["GET"]}}],"collection":[{"href":"https:\/\/stoic-curie.212-227-153-4.plesk.page\/de\/wp-json\/wp\/v2\/product"}],"about":[{"href":"https:\/\/stoic-curie.212-227-153-4.plesk.page\/de\/wp-json\/wp\/v2\/types\/product"}],"replies":[{"embeddable":true,"href":"https:\/\/stoic-curie.212-227-153-4.plesk.page\/de\/wp-json\/wp\/v2\/comments?post=3392001"}],"version-history":[{"count":0,"href":"https:\/\/stoic-curie.212-227-153-4.plesk.page\/de\/wp-json\/wp\/v2\/product\/3392001\/revisions"}],"wp:featuredmedia":[{"embeddable":true,"href":"https:\/\/stoic-curie.212-227-153-4.plesk.page\/de\/wp-json\/wp\/v2\/media\/5935871"}],"wp:attachment":[{"href":"https:\/\/stoic-curie.212-227-153-4.plesk.page\/de\/wp-json\/wp\/v2\/media?parent=3392001"}],"wp:term":[{"taxonomy":"product_brand","embeddable":true,"href":"https:\/\/stoic-curie.212-227-153-4.plesk.page\/de\/wp-json\/wp\/v2\/product_brand?post=3392001"},{"taxonomy":"product_cat","embeddable":true,"href":"https:\/\/stoic-curie.212-227-153-4.plesk.page\/de\/wp-json\/wp\/v2\/product_cat?post=3392001"},{"taxonomy":"product_tag","embeddable":true,"href":"https:\/\/stoic-curie.212-227-153-4.plesk.page\/de\/wp-json\/wp\/v2\/product_tag?post=3392001"}],"curies":[{"name":"wp","href":"https:\/\/api.w.org\/{rel}","templated":true}]}}