{"id":3392006,"date":"2025-10-09T22:32:42","date_gmt":"2025-10-10T02:32:42","guid":{"rendered":"https:\/\/stoic-curie.212-227-153-4.plesk.page\/product\/klappbarer-nautischer-eimer-swobbit-8lt\/"},"modified":"2026-02-24T23:34:30","modified_gmt":"2026-02-24T23:34:30","slug":"klappbarer-nautischer-eimer-swobbit-8lt","status":"publish","type":"product","link":"https:\/\/stoic-curie.212-227-153-4.plesk.page\/de\/product\/klappbarer-nautischer-eimer-swobbit-8lt\/","title":{"rendered":"Klappbarer nautischer Eimer Swobbit 8lt"},"content":{"rendered":"<p>Klappbarer nautischer Eimer Swobbit 8lt &#8211; <\/p>\n<p>Erweiterbarer und schlie\u00dfbarer Pop-Up-Eimer f\u00fcr minimalen Stauraum mit Deckel und Rei\u00dfverschluss. Ergonomischer Griff aus Edelstahl und verst\u00e4rkter wasserdichter Polyesterstoff. Kann als Tasche mit geschlossenem Rei\u00dfverschluss verwendet werden.<\/p>\n","protected":false},"excerpt":{"rendered":"<p>Klappbarer nautischer Eimer Swobbit 8lt &#8211; Erweiterbarer und schlie\u00dfbarer Pop-Up-Eimer f\u00fcr minimalen Stauraum mit Deckel und Rei\u00dfverschluss. Ergonomischer Griff aus<\/p>\n","protected":false},"featured_media":5935873,"comment_status":"closed","ping_status":"closed","template":"","meta":[],"product_brand":[3235],"product_cat":[1344],"product_tag":[],"class_list":{"0":"post-3392006","1":"product","2":"type-product","3":"status-publish","4":"has-post-thumbnail","6":"product_brand-osculati-de","7":"product_cat-werkzeuge-fuer-die-reinigung","9":"first","10":"instock","11":"shipping-taxable","12":"purchasable","13":"product-type-simple"},"_links":{"self":[{"href":"https:\/\/stoic-curie.212-227-153-4.plesk.page\/de\/wp-json\/wp\/v2\/product\/3392006","targetHints":{"allow":["GET"]}}],"collection":[{"href":"https:\/\/stoic-curie.212-227-153-4.plesk.page\/de\/wp-json\/wp\/v2\/product"}],"about":[{"href":"https:\/\/stoic-curie.212-227-153-4.plesk.page\/de\/wp-json\/wp\/v2\/types\/product"}],"replies":[{"embeddable":true,"href":"https:\/\/stoic-curie.212-227-153-4.plesk.page\/de\/wp-json\/wp\/v2\/comments?post=3392006"}],"version-history":[{"count":0,"href":"https:\/\/stoic-curie.212-227-153-4.plesk.page\/de\/wp-json\/wp\/v2\/product\/3392006\/revisions"}],"wp:featuredmedia":[{"embeddable":true,"href":"https:\/\/stoic-curie.212-227-153-4.plesk.page\/de\/wp-json\/wp\/v2\/media\/5935873"}],"wp:attachment":[{"href":"https:\/\/stoic-curie.212-227-153-4.plesk.page\/de\/wp-json\/wp\/v2\/media?parent=3392006"}],"wp:term":[{"taxonomy":"product_brand","embeddable":true,"href":"https:\/\/stoic-curie.212-227-153-4.plesk.page\/de\/wp-json\/wp\/v2\/product_brand?post=3392006"},{"taxonomy":"product_cat","embeddable":true,"href":"https:\/\/stoic-curie.212-227-153-4.plesk.page\/de\/wp-json\/wp\/v2\/product_cat?post=3392006"},{"taxonomy":"product_tag","embeddable":true,"href":"https:\/\/stoic-curie.212-227-153-4.plesk.page\/de\/wp-json\/wp\/v2\/product_tag?post=3392006"}],"curies":[{"name":"wp","href":"https:\/\/api.w.org\/{rel}","templated":true}]}}