{"id":3392026,"date":"2025-10-09T22:32:42","date_gmt":"2025-10-10T02:32:42","guid":{"rendered":"https:\/\/stoic-curie.212-227-153-4.plesk.page\/product\/mini-bilgenpumpe-tmc-12-v\/"},"modified":"2026-02-24T23:34:30","modified_gmt":"2026-02-24T23:34:30","slug":"mini-bilgenpumpe-tmc-12-v","status":"publish","type":"product","link":"https:\/\/stoic-curie.212-227-153-4.plesk.page\/de\/product\/mini-bilgenpumpe-tmc-12-v\/","title":{"rendered":"Mini-Bilgenpumpe TMC 12 V"},"content":{"rendered":"<p>Mini-Bilgenpumpe TMC 12 V &#8211; Tauchpumpe mit kleinen Abmessungen, die leicht in K\u00f6rbe, Tanks usw. eingesetzt werden kann. Abmessungen: 103,5 mm x \u00d8 40 mm. F\u00f6rderleistung: 380 l\/h. 12V, 2 Ampere. F\u00f6rderh\u00f6he: 4 m. \u00d8 Auslass: 10 mm.<\/p>\n","protected":false},"excerpt":{"rendered":"<p>Mini-Bilgenpumpe TMC 12 V &#8211; Tauchpumpe mit kleinen Abmessungen, die leicht in K\u00f6rbe, Tanks usw. eingesetzt werden kann. Abmessungen: 103,5<\/p>\n","protected":false},"featured_media":5935875,"comment_status":"closed","ping_status":"closed","template":"","meta":[],"product_brand":[3235],"product_cat":[1372],"product_tag":[],"class_list":{"0":"post-3392026","1":"product","2":"type-product","3":"status-publish","4":"has-post-thumbnail","6":"product_brand-osculati-de","7":"product_cat-elektrische-bilgepumpen","9":"first","10":"instock","11":"shipping-taxable","12":"purchasable","13":"product-type-simple"},"_links":{"self":[{"href":"https:\/\/stoic-curie.212-227-153-4.plesk.page\/de\/wp-json\/wp\/v2\/product\/3392026","targetHints":{"allow":["GET"]}}],"collection":[{"href":"https:\/\/stoic-curie.212-227-153-4.plesk.page\/de\/wp-json\/wp\/v2\/product"}],"about":[{"href":"https:\/\/stoic-curie.212-227-153-4.plesk.page\/de\/wp-json\/wp\/v2\/types\/product"}],"replies":[{"embeddable":true,"href":"https:\/\/stoic-curie.212-227-153-4.plesk.page\/de\/wp-json\/wp\/v2\/comments?post=3392026"}],"version-history":[{"count":0,"href":"https:\/\/stoic-curie.212-227-153-4.plesk.page\/de\/wp-json\/wp\/v2\/product\/3392026\/revisions"}],"wp:featuredmedia":[{"embeddable":true,"href":"https:\/\/stoic-curie.212-227-153-4.plesk.page\/de\/wp-json\/wp\/v2\/media\/5935875"}],"wp:attachment":[{"href":"https:\/\/stoic-curie.212-227-153-4.plesk.page\/de\/wp-json\/wp\/v2\/media?parent=3392026"}],"wp:term":[{"taxonomy":"product_brand","embeddable":true,"href":"https:\/\/stoic-curie.212-227-153-4.plesk.page\/de\/wp-json\/wp\/v2\/product_brand?post=3392026"},{"taxonomy":"product_cat","embeddable":true,"href":"https:\/\/stoic-curie.212-227-153-4.plesk.page\/de\/wp-json\/wp\/v2\/product_cat?post=3392026"},{"taxonomy":"product_tag","embeddable":true,"href":"https:\/\/stoic-curie.212-227-153-4.plesk.page\/de\/wp-json\/wp\/v2\/product_tag?post=3392026"}],"curies":[{"name":"wp","href":"https:\/\/api.w.org\/{rel}","templated":true}]}}