{"id":3392143,"date":"2025-10-09T22:32:46","date_gmt":"2025-10-10T02:32:46","guid":{"rendered":"https:\/\/stoic-curie.212-227-153-4.plesk.page\/product\/schneller-teakreiniger-teak-wonder-250-ml\/"},"modified":"2026-02-24T23:34:35","modified_gmt":"2026-02-24T23:34:35","slug":"schneller-teakreiniger-teak-wonder-250-ml","status":"publish","type":"product","link":"https:\/\/stoic-curie.212-227-153-4.plesk.page\/de\/product\/schneller-teakreiniger-teak-wonder-250-ml\/","title":{"rendered":"Schneller Teakreiniger Teak Wonder 250 ml"},"content":{"rendered":"<p>Schneller Teakreiniger Teak Wonder 250 ml &#8211; Instant Teak Cleaner entfernt Fettflecken von kleinen Fl\u00e4chen, ohne dass eine gr\u00fcndliche Sp\u00fclung erforderlich ist. Er kann auf allen Materialarten verwendet werden, einschlie\u00dflich unbehandeltem oder behandeltem Teakholz, Plastik, Fiberglas, Textilien usw. Dr\u00fccken Sie die D\u00fcse mehrmals, um ausreichend Schaum zu erzeugen, um die zu reinigende Fl\u00e4che zu bedecken. Reiben Sie den Instant Teak Cleaner leicht mit einer weichen B\u00fcrste ein, damit der Schaum seine Arbeit verrichten kann. Lassen Sie ihn mindestens 2-3 Minuten einwirken und entfernen Sie ihn dann mit einem feuchten Schwamm. Wiederholen Sie den Vorgang bei Bedarf. Flasche mit 250 ml.<\/p>\n","protected":false},"excerpt":{"rendered":"<p>Schneller Teakreiniger Teak Wonder 250 ml &#8211; Instant Teak Cleaner entfernt Fettflecken von kleinen Fl\u00e4chen, ohne dass eine gr\u00fcndliche Sp\u00fclung<\/p>\n","protected":false},"featured_media":5935898,"comment_status":"closed","ping_status":"closed","template":"","meta":[],"product_brand":[3455],"product_cat":[1338,1341],"product_tag":[],"class_list":{"0":"post-3392143","1":"product","2":"type-product","3":"status-publish","4":"has-post-thumbnail","6":"product_brand-teak-wonder-de","7":"product_cat-marine-schiffslacke-und-teakoel","8":"product_cat-produkte-zur-reinigung","10":"first","11":"instock","12":"shipping-taxable","13":"purchasable","14":"product-type-simple"},"_links":{"self":[{"href":"https:\/\/stoic-curie.212-227-153-4.plesk.page\/de\/wp-json\/wp\/v2\/product\/3392143","targetHints":{"allow":["GET"]}}],"collection":[{"href":"https:\/\/stoic-curie.212-227-153-4.plesk.page\/de\/wp-json\/wp\/v2\/product"}],"about":[{"href":"https:\/\/stoic-curie.212-227-153-4.plesk.page\/de\/wp-json\/wp\/v2\/types\/product"}],"replies":[{"embeddable":true,"href":"https:\/\/stoic-curie.212-227-153-4.plesk.page\/de\/wp-json\/wp\/v2\/comments?post=3392143"}],"version-history":[{"count":0,"href":"https:\/\/stoic-curie.212-227-153-4.plesk.page\/de\/wp-json\/wp\/v2\/product\/3392143\/revisions"}],"wp:featuredmedia":[{"embeddable":true,"href":"https:\/\/stoic-curie.212-227-153-4.plesk.page\/de\/wp-json\/wp\/v2\/media\/5935898"}],"wp:attachment":[{"href":"https:\/\/stoic-curie.212-227-153-4.plesk.page\/de\/wp-json\/wp\/v2\/media?parent=3392143"}],"wp:term":[{"taxonomy":"product_brand","embeddable":true,"href":"https:\/\/stoic-curie.212-227-153-4.plesk.page\/de\/wp-json\/wp\/v2\/product_brand?post=3392143"},{"taxonomy":"product_cat","embeddable":true,"href":"https:\/\/stoic-curie.212-227-153-4.plesk.page\/de\/wp-json\/wp\/v2\/product_cat?post=3392143"},{"taxonomy":"product_tag","embeddable":true,"href":"https:\/\/stoic-curie.212-227-153-4.plesk.page\/de\/wp-json\/wp\/v2\/product_tag?post=3392143"}],"curies":[{"name":"wp","href":"https:\/\/api.w.org\/{rel}","templated":true}]}}