{"id":3392193,"date":"2025-10-09T22:32:48","date_gmt":"2025-10-10T02:32:48","guid":{"rendered":"https:\/\/stoic-curie.212-227-153-4.plesk.page\/product\/edelstahl-segelboot-riggstifte-6-x-15-mm\/"},"modified":"2026-02-24T23:34:35","modified_gmt":"2026-02-24T23:34:35","slug":"edelstahl-segelboot-riggstifte-6-x-15-mm","status":"publish","type":"product","link":"https:\/\/stoic-curie.212-227-153-4.plesk.page\/de\/product\/edelstahl-segelboot-riggstifte-6-x-15-mm\/","title":{"rendered":"Edelstahl-Segelboot-Riggstifte 6 x 15 mm"},"content":{"rendered":"<p>Edelstahl-Segelboot-Riggstifte 6 x 15 mm &#8211; Edelstahlstifte, Geteilte Stifte, ideal f\u00fcr die Rigging von Segelbooten. Ersatzstifte aus Edelstahl AISI 316. Gr\u00f6\u00dfe: \u00d8 6 mm, L\u00e4nge: 15 mm.<\/p>\n","protected":false},"excerpt":{"rendered":"<p>Edelstahl-Segelboot-Riggstifte 6 x 15 mm &#8211; Edelstahlstifte, Geteilte Stifte, ideal f\u00fcr die Rigging von Segelbooten. Ersatzstifte aus Edelstahl AISI 316.<\/p>\n","protected":false},"featured_media":5935917,"comment_status":"closed","ping_status":"closed","template":"","meta":[],"product_brand":[3120],"product_cat":[1478],"product_tag":[],"class_list":{"0":"post-3392193","1":"product","2":"type-product","3":"status-publish","4":"has-post-thumbnail","6":"product_brand-marinetech-de","7":"product_cat-segelbootbeschlaege","9":"first","10":"instock","11":"shipping-taxable","12":"purchasable","13":"product-type-simple"},"_links":{"self":[{"href":"https:\/\/stoic-curie.212-227-153-4.plesk.page\/de\/wp-json\/wp\/v2\/product\/3392193","targetHints":{"allow":["GET"]}}],"collection":[{"href":"https:\/\/stoic-curie.212-227-153-4.plesk.page\/de\/wp-json\/wp\/v2\/product"}],"about":[{"href":"https:\/\/stoic-curie.212-227-153-4.plesk.page\/de\/wp-json\/wp\/v2\/types\/product"}],"replies":[{"embeddable":true,"href":"https:\/\/stoic-curie.212-227-153-4.plesk.page\/de\/wp-json\/wp\/v2\/comments?post=3392193"}],"version-history":[{"count":0,"href":"https:\/\/stoic-curie.212-227-153-4.plesk.page\/de\/wp-json\/wp\/v2\/product\/3392193\/revisions"}],"wp:featuredmedia":[{"embeddable":true,"href":"https:\/\/stoic-curie.212-227-153-4.plesk.page\/de\/wp-json\/wp\/v2\/media\/5935917"}],"wp:attachment":[{"href":"https:\/\/stoic-curie.212-227-153-4.plesk.page\/de\/wp-json\/wp\/v2\/media?parent=3392193"}],"wp:term":[{"taxonomy":"product_brand","embeddable":true,"href":"https:\/\/stoic-curie.212-227-153-4.plesk.page\/de\/wp-json\/wp\/v2\/product_brand?post=3392193"},{"taxonomy":"product_cat","embeddable":true,"href":"https:\/\/stoic-curie.212-227-153-4.plesk.page\/de\/wp-json\/wp\/v2\/product_cat?post=3392193"},{"taxonomy":"product_tag","embeddable":true,"href":"https:\/\/stoic-curie.212-227-153-4.plesk.page\/de\/wp-json\/wp\/v2\/product_tag?post=3392193"}],"curies":[{"name":"wp","href":"https:\/\/api.w.org\/{rel}","templated":true}]}}