{"id":3392197,"date":"2025-10-09T22:32:49","date_gmt":"2025-10-10T02:32:49","guid":{"rendered":"https:\/\/stoic-curie.212-227-153-4.plesk.page\/product\/segelbaender-mit-kugeln-4-mm-x-30-cm\/"},"modified":"2026-02-24T23:34:35","modified_gmt":"2026-02-24T23:34:35","slug":"segelbaender-mit-kugeln-4-mm-x-30-cm","status":"publish","type":"product","link":"https:\/\/stoic-curie.212-227-153-4.plesk.page\/de\/product\/segelbaender-mit-kugeln-4-mm-x-30-cm\/","title":{"rendered":"Segelb\u00e4nder mit Kugeln 4 mm x 30 cm"},"content":{"rendered":"<p>Segelb\u00e4nder mit Kugeln 4 mm x 30 cm &#8211; Schnursegelb\u00fcnde mit robusten Kunststoff-Endkugeln f\u00fcr eine sichere Befestigung.<\/p>\n","protected":false},"excerpt":{"rendered":"<p>Segelb\u00e4nder mit Kugeln 4 mm x 30 cm &#8211; Schnursegelb\u00fcnde mit robusten Kunststoff-Endkugeln f\u00fcr eine sichere Befestigung.<\/p>\n","protected":false},"featured_media":5935919,"comment_status":"closed","ping_status":"closed","template":"","meta":[],"product_brand":[3235],"product_cat":[1321,1484],"product_tag":[],"class_list":{"0":"post-3392197","1":"product","2":"type-product","3":"status-publish","4":"has-post-thumbnail","6":"product_brand-osculati-de","7":"product_cat-elastisches-seil","8":"product_cat-zubehoer-fuer-segelboote","10":"first","11":"instock","12":"shipping-taxable","13":"purchasable","14":"product-type-simple"},"_links":{"self":[{"href":"https:\/\/stoic-curie.212-227-153-4.plesk.page\/de\/wp-json\/wp\/v2\/product\/3392197","targetHints":{"allow":["GET"]}}],"collection":[{"href":"https:\/\/stoic-curie.212-227-153-4.plesk.page\/de\/wp-json\/wp\/v2\/product"}],"about":[{"href":"https:\/\/stoic-curie.212-227-153-4.plesk.page\/de\/wp-json\/wp\/v2\/types\/product"}],"replies":[{"embeddable":true,"href":"https:\/\/stoic-curie.212-227-153-4.plesk.page\/de\/wp-json\/wp\/v2\/comments?post=3392197"}],"version-history":[{"count":0,"href":"https:\/\/stoic-curie.212-227-153-4.plesk.page\/de\/wp-json\/wp\/v2\/product\/3392197\/revisions"}],"wp:featuredmedia":[{"embeddable":true,"href":"https:\/\/stoic-curie.212-227-153-4.plesk.page\/de\/wp-json\/wp\/v2\/media\/5935919"}],"wp:attachment":[{"href":"https:\/\/stoic-curie.212-227-153-4.plesk.page\/de\/wp-json\/wp\/v2\/media?parent=3392197"}],"wp:term":[{"taxonomy":"product_brand","embeddable":true,"href":"https:\/\/stoic-curie.212-227-153-4.plesk.page\/de\/wp-json\/wp\/v2\/product_brand?post=3392197"},{"taxonomy":"product_cat","embeddable":true,"href":"https:\/\/stoic-curie.212-227-153-4.plesk.page\/de\/wp-json\/wp\/v2\/product_cat?post=3392197"},{"taxonomy":"product_tag","embeddable":true,"href":"https:\/\/stoic-curie.212-227-153-4.plesk.page\/de\/wp-json\/wp\/v2\/product_tag?post=3392197"}],"curies":[{"name":"wp","href":"https:\/\/api.w.org\/{rel}","templated":true}]}}